{"id":64289,"date":"2025-03-14T05:11:15","date_gmt":"2025-03-14T05:11:15","guid":{"rendered":"https:\/\/e.kosmolat.eu\/product\/spidiga-nagu-lakas-virskarta\/"},"modified":"2025-09-20T06:27:50","modified_gmt":"2025-09-20T06:27:50","slug":"spidiga-nagu-lakas-virskarta-12-ml","status":"publish","type":"product","link":"https:\/\/e.kosmolat.eu\/lt\/produktas\/spidiga-nagu-lakas-virskarta-12-ml\/","title":{"rendered":"QUIZ Nail Care blizgi pavir\u0161in\u0117 nag\u0173 lako danga, 12ml"},"content":{"rendered":"<p>Laikyti nuo +2 \u00b0C iki +25 \u00b0C temperat\u016broje.<\/p>\n","protected":false},"excerpt":{"rendered":"<p>Laikyti nuo +2 \u00b0C iki +25 \u00b0C temperat\u016broje.<\/p>\n","protected":false},"featured_media":93782,"template":"","meta":[],"product_cat":[1517],"product_tag":[],"class_list":{"0":"post-64289","1":"product","2":"type-product","3":"status-publish","4":"has-post-thumbnail","6":"product_brand-quiz_bim_pl-lt","7":"product_cat-nagu-lakai","9":"first","10":"outofstock","11":"taxable","12":"shipping-taxable","13":"product-type-simple"},"_links":{"self":[{"href":"https:\/\/e.kosmolat.eu\/lt\/wp-json\/wp\/v2\/product\/64289","targetHints":{"allow":["GET"]}}],"collection":[{"href":"https:\/\/e.kosmolat.eu\/lt\/wp-json\/wp\/v2\/product"}],"about":[{"href":"https:\/\/e.kosmolat.eu\/lt\/wp-json\/wp\/v2\/types\/product"}],"wp:featuredmedia":[{"embeddable":true,"href":"https:\/\/e.kosmolat.eu\/lt\/wp-json\/wp\/v2\/media\/93782"}],"wp:attachment":[{"href":"https:\/\/e.kosmolat.eu\/lt\/wp-json\/wp\/v2\/media?parent=64289"}],"wp:term":[{"taxonomy":"product_cat","embeddable":true,"href":"https:\/\/e.kosmolat.eu\/lt\/wp-json\/wp\/v2\/product_cat?post=64289"},{"taxonomy":"product_tag","embeddable":true,"href":"https:\/\/e.kosmolat.eu\/lt\/wp-json\/wp\/v2\/product_tag?post=64289"}],"curies":[{"name":"wp","href":"https:\/\/api.w.org\/{rel}","templated":true}]}}