{"id":64281,"date":"2025-03-14T05:10:52","date_gmt":"2025-03-14T05:10:52","guid":{"rendered":"https:\/\/e.kosmolat.eu\/product\/matte-match-mousse-tonalais-krems-01-natural\/"},"modified":"2026-04-16T06:24:17","modified_gmt":"2026-04-16T06:24:17","slug":"matte-match-mousse-tonal-kr-tonis-01-natural-30-ml","status":"publish","type":"product","link":"https:\/\/e.kosmolat.eu\/lt\/produktas\/matte-match-mousse-tonal-kr-tonis-01-natural-30-ml\/","title":{"rendered":"QUIZ Matte-Match Mousse Tonuojantis kremas, tonas 01 Natural, 30 ml"},"content":{"rendered":"<p>Matte-Match Mousse makia\u017eo pagrindas puikiai prisitaiko prie j\u016bs\u0173 odos tono. Maloni vegani\u0161ka formul\u0117 lengvai tepasi ir ilgai i\u0161lieka.<\/p>\n<p>Laikyti nuo +2 \u00b0C iki +25 \u00b0C temperat\u016broje.<\/p>\n","protected":false},"excerpt":{"rendered":"<p>Matte-Match Mousse makia\u017eo pagrindas puikiai prisitaiko prie j\u016bs\u0173 odos tono. Maloni vegani\u0161ka formul\u0117 lengvai tepasi ir ilgai i\u0161lieka. Laikyti nuo +2 \u00b0C iki +25 \u00b0C temperat\u016broje.<\/p>\n","protected":false},"featured_media":93714,"template":"","meta":[],"product_cat":[2181],"product_tag":[],"class_list":{"0":"post-64281","1":"product","2":"type-product","3":"status-publish","4":"has-post-thumbnail","6":"product_brand-quiz_bim_pl-lt","7":"product_cat-bez-kategorijas-lt","9":"first","10":"instock","11":"taxable","12":"shipping-taxable","13":"product-type-simple"},"_links":{"self":[{"href":"https:\/\/e.kosmolat.eu\/lt\/wp-json\/wp\/v2\/product\/64281","targetHints":{"allow":["GET"]}}],"collection":[{"href":"https:\/\/e.kosmolat.eu\/lt\/wp-json\/wp\/v2\/product"}],"about":[{"href":"https:\/\/e.kosmolat.eu\/lt\/wp-json\/wp\/v2\/types\/product"}],"wp:featuredmedia":[{"embeddable":true,"href":"https:\/\/e.kosmolat.eu\/lt\/wp-json\/wp\/v2\/media\/93714"}],"wp:attachment":[{"href":"https:\/\/e.kosmolat.eu\/lt\/wp-json\/wp\/v2\/media?parent=64281"}],"wp:term":[{"taxonomy":"product_cat","embeddable":true,"href":"https:\/\/e.kosmolat.eu\/lt\/wp-json\/wp\/v2\/product_cat?post=64281"},{"taxonomy":"product_tag","embeddable":true,"href":"https:\/\/e.kosmolat.eu\/lt\/wp-json\/wp\/v2\/product_tag?post=64281"}],"curies":[{"name":"wp","href":"https:\/\/api.w.org\/{rel}","templated":true}]}}