{"id":64261,"date":"2025-03-14T05:10:12","date_gmt":"2025-03-14T05:10:12","guid":{"rendered":"https:\/\/e.kosmolat.eu\/product\/big-volume-skropstu-tusa-apjomam\/"},"modified":"2026-04-10T07:11:49","modified_gmt":"2026-04-10T07:11:49","slug":"big-volume-skropstu-tusa-apjomam-melna-8-g","status":"publish","type":"product","link":"https:\/\/e.kosmolat.eu\/lt\/produktas\/big-volume-skropstu-tusa-apjomam-melna-8-g\/","title":{"rendered":"QUIZ Big Volume Blakstien\u0173 tu\u0161as apim\u010diai, juodas, 8 g"},"content":{"rendered":"<p>Laikyti nuo +2 \u00b0C iki +25 \u00b0C temperat\u016broje.<\/p>\n","protected":false},"excerpt":{"rendered":"<p>Laikyti nuo +2 \u00b0C iki +25 \u00b0C temperat\u016broje.<\/p>\n","protected":false},"featured_media":93702,"template":"","meta":[],"product_cat":[1382],"product_tag":[],"class_list":{"0":"post-64261","1":"product","2":"type-product","3":"status-publish","4":"has-post-thumbnail","6":"product_brand-quiz_bim_pl-lt","7":"product_cat-tusai","9":"first","10":"outofstock","11":"taxable","12":"shipping-taxable","13":"product-type-simple"},"_links":{"self":[{"href":"https:\/\/e.kosmolat.eu\/lt\/wp-json\/wp\/v2\/product\/64261","targetHints":{"allow":["GET"]}}],"collection":[{"href":"https:\/\/e.kosmolat.eu\/lt\/wp-json\/wp\/v2\/product"}],"about":[{"href":"https:\/\/e.kosmolat.eu\/lt\/wp-json\/wp\/v2\/types\/product"}],"wp:featuredmedia":[{"embeddable":true,"href":"https:\/\/e.kosmolat.eu\/lt\/wp-json\/wp\/v2\/media\/93702"}],"wp:attachment":[{"href":"https:\/\/e.kosmolat.eu\/lt\/wp-json\/wp\/v2\/media?parent=64261"}],"wp:term":[{"taxonomy":"product_cat","embeddable":true,"href":"https:\/\/e.kosmolat.eu\/lt\/wp-json\/wp\/v2\/product_cat?post=64261"},{"taxonomy":"product_tag","embeddable":true,"href":"https:\/\/e.kosmolat.eu\/lt\/wp-json\/wp\/v2\/product_tag?post=64261"}],"curies":[{"name":"wp","href":"https:\/\/api.w.org\/{rel}","templated":true}]}}