{"id":64221,"date":"2025-03-14T05:08:50","date_gmt":"2025-03-14T05:08:50","guid":{"rendered":"https:\/\/e.kosmolat.eu\/product\/velvet-ilgnoturiga-lupu-krasa-tonis-100-shine\/"},"modified":"2026-04-10T07:08:46","modified_gmt":"2026-04-10T07:08:46","slug":"velvet-ilgnoturiga-lupu-krasa-tonis-100-2-g","status":"publish","type":"product","link":"https:\/\/e.kosmolat.eu\/lt\/produktas\/velvet-ilgnoturiga-lupu-krasa-tonis-100-2-g\/","title":{"rendered":"QUIZ Velvet Patvar\u016bs l\u016bp\u0173 da\u017eai, tonas 100, 2 g"},"content":{"rendered":"<p>Laikyti nuo +2 \u00b0C iki +25 \u00b0C temperat\u016broje.<\/p>\n","protected":false},"excerpt":{"rendered":"<p>Laikyti nuo +2 \u00b0C iki +25 \u00b0C temperat\u016broje.<\/p>\n","protected":false},"featured_media":93678,"template":"","meta":[],"product_cat":[1269],"product_tag":[],"class_list":{"0":"post-64221","1":"product","2":"type-product","3":"status-publish","4":"has-post-thumbnail","6":"product_brand-quiz_bim_pl-lt","7":"product_cat-lupu-dazai","9":"first","10":"outofstock","11":"taxable","12":"shipping-taxable","13":"product-type-simple"},"_links":{"self":[{"href":"https:\/\/e.kosmolat.eu\/lt\/wp-json\/wp\/v2\/product\/64221","targetHints":{"allow":["GET"]}}],"collection":[{"href":"https:\/\/e.kosmolat.eu\/lt\/wp-json\/wp\/v2\/product"}],"about":[{"href":"https:\/\/e.kosmolat.eu\/lt\/wp-json\/wp\/v2\/types\/product"}],"wp:featuredmedia":[{"embeddable":true,"href":"https:\/\/e.kosmolat.eu\/lt\/wp-json\/wp\/v2\/media\/93678"}],"wp:attachment":[{"href":"https:\/\/e.kosmolat.eu\/lt\/wp-json\/wp\/v2\/media?parent=64221"}],"wp:term":[{"taxonomy":"product_cat","embeddable":true,"href":"https:\/\/e.kosmolat.eu\/lt\/wp-json\/wp\/v2\/product_cat?post=64221"},{"taxonomy":"product_tag","embeddable":true,"href":"https:\/\/e.kosmolat.eu\/lt\/wp-json\/wp\/v2\/product_tag?post=64221"}],"curies":[{"name":"wp","href":"https:\/\/api.w.org\/{rel}","templated":true}]}}