{"id":64205,"date":"2025-03-14T05:08:25","date_gmt":"2025-03-14T05:08:25","guid":{"rendered":"https:\/\/e.kosmolat.eu\/product\/silikona-baze-zem-grima\/"},"modified":"2026-04-10T07:08:33","modified_gmt":"2026-04-10T07:08:33","slug":"ideala-silikona-grima-baze-30-g","status":"publish","type":"product","link":"https:\/\/e.kosmolat.eu\/lt\/produktas\/ideala-silikona-grima-baze-30-g\/","title":{"rendered":"QUIZ Idealus silikoninis makia\u017eo pagrindas, 30 g"},"content":{"rendered":"<p>Idealus produktas riebiai ir mi\u0161riai odai.<br \/>\n\u2022 Prailgina makia\u017eo patvarum\u0105<br \/>\n\u2022 Efektyviai matina od\u0105<br \/>\n\u2022 Sud\u0117tyje n\u0117ra aliej\u0173<br \/>\n\u2022 Greitai susigeria<\/p>\n<p>Baz\u0117 puikiai i\u0161lygina od\u0105 ir paruo\u0161ia j\u0105 makia\u017eui. U\u017etikrina tolyg\u0173 pagrindo ir pudros naudojim\u0105. Smulkios rauk\u0161lel\u0117s ir tr\u016bkumai tampa ma\u017eiau matomi. Pagrindas sukurtas naudojant silikono technologij\u0105.<\/p>\n<p>Laikyti nuo +2\u00b0C iki +25\u00b0C temperat\u016broje.<\/p>\n","protected":false},"excerpt":{"rendered":"<p>Idealus produktas riebiai ir mi\u0161riai odai. \u2022 Prailgina makia\u017eo patvarum\u0105 \u2022 Efektyviai matina od\u0105 \u2022 Sud\u0117tyje n\u0117ra aliej\u0173 \u2022 Greitai susigeria Baz\u0117 puikiai i\u0161lygina od\u0105 ir paruo\u0161ia j\u0105 makia\u017eui. U\u017etikrina tolyg\u0173 pagrindo ir pudros naudojim\u0105. Smulkios rauk\u0161lel\u0117s ir tr\u016bkumai tampa ma\u017eiau matomi. Pagrindas sukurtas naudojant silikono technologij\u0105. Laikyti nuo +2\u00b0C iki +25\u00b0C temperat\u016broje.<\/p>\n","protected":false},"featured_media":93670,"template":"","meta":[],"product_cat":[1291],"product_tag":[],"class_list":{"0":"post-64205","1":"product","2":"type-product","3":"status-publish","4":"has-post-thumbnail","6":"product_brand-quiz_bim_pl-lt","7":"product_cat-makiazo-pagrindas","9":"first","10":"instock","11":"taxable","12":"shipping-taxable","13":"product-type-simple"},"_links":{"self":[{"href":"https:\/\/e.kosmolat.eu\/lt\/wp-json\/wp\/v2\/product\/64205","targetHints":{"allow":["GET"]}}],"collection":[{"href":"https:\/\/e.kosmolat.eu\/lt\/wp-json\/wp\/v2\/product"}],"about":[{"href":"https:\/\/e.kosmolat.eu\/lt\/wp-json\/wp\/v2\/types\/product"}],"wp:featuredmedia":[{"embeddable":true,"href":"https:\/\/e.kosmolat.eu\/lt\/wp-json\/wp\/v2\/media\/93670"}],"wp:attachment":[{"href":"https:\/\/e.kosmolat.eu\/lt\/wp-json\/wp\/v2\/media?parent=64205"}],"wp:term":[{"taxonomy":"product_cat","embeddable":true,"href":"https:\/\/e.kosmolat.eu\/lt\/wp-json\/wp\/v2\/product_cat?post=64205"},{"taxonomy":"product_tag","embeddable":true,"href":"https:\/\/e.kosmolat.eu\/lt\/wp-json\/wp\/v2\/product_tag?post=64205"}],"curies":[{"name":"wp","href":"https:\/\/api.w.org\/{rel}","templated":true}]}}