{"id":64093,"date":"2025-03-14T05:05:15","date_gmt":"2025-03-14T05:05:15","guid":{"rendered":"https:\/\/e.kosmolat.eu\/product\/bb-krems-tonis-02\/"},"modified":"2025-09-20T06:18:41","modified_gmt":"2025-09-20T06:18:41","slug":"bb-krems-tonis-02-natural-30-ml","status":"publish","type":"product","link":"https:\/\/e.kosmolat.eu\/lt\/produktas\/bb-krems-tonis-02-natural-30-ml\/","title":{"rendered":"QUIZ BB kremas, tonas 02 Natural, 30 ml"},"content":{"rendered":"<p>Beauty Balm kremas puikiai matina ir u\u017emaskuoja netobulumus.<br \/>\nFormul\u0117je:<br \/>\n\u2022 Kanapi\u0173 aliejus \u2013 dr\u0117kina ir reguliuoja riebal\u0173 gamyb\u0105.<br \/>\n\u2022 Hialuronas \u2013 dr\u0117kina od\u0105.<\/p>\n<p>Laikyti nuo +2\u00b0C iki +25\u00b0C temperat\u016broje.<\/p>\n","protected":false},"excerpt":{"rendered":"<p>Beauty Balm kremas puikiai matina ir u\u017emaskuoja netobulumus. Formul\u0117je: \u2022 Kanapi\u0173 aliejus \u2013 dr\u0117kina ir reguliuoja riebal\u0173 gamyb\u0105. \u2022 Hialuronas \u2013 dr\u0117kina od\u0105. Laikyti nuo +2\u00b0C iki +25\u00b0C temperat\u016broje.<\/p>\n","protected":false},"featured_media":93606,"template":"","meta":[],"product_cat":[1291],"product_tag":[],"class_list":{"0":"post-64093","1":"product","2":"type-product","3":"status-publish","4":"has-post-thumbnail","6":"product_brand-quiz_bim_pl-lt","7":"product_cat-makiazo-pagrindas","9":"first","10":"outofstock","11":"taxable","12":"shipping-taxable","13":"product-type-simple"},"_links":{"self":[{"href":"https:\/\/e.kosmolat.eu\/lt\/wp-json\/wp\/v2\/product\/64093","targetHints":{"allow":["GET"]}}],"collection":[{"href":"https:\/\/e.kosmolat.eu\/lt\/wp-json\/wp\/v2\/product"}],"about":[{"href":"https:\/\/e.kosmolat.eu\/lt\/wp-json\/wp\/v2\/types\/product"}],"wp:featuredmedia":[{"embeddable":true,"href":"https:\/\/e.kosmolat.eu\/lt\/wp-json\/wp\/v2\/media\/93606"}],"wp:attachment":[{"href":"https:\/\/e.kosmolat.eu\/lt\/wp-json\/wp\/v2\/media?parent=64093"}],"wp:term":[{"taxonomy":"product_cat","embeddable":true,"href":"https:\/\/e.kosmolat.eu\/lt\/wp-json\/wp\/v2\/product_cat?post=64093"},{"taxonomy":"product_tag","embeddable":true,"href":"https:\/\/e.kosmolat.eu\/lt\/wp-json\/wp\/v2\/product_tag?post=64093"}],"curies":[{"name":"wp","href":"https:\/\/api.w.org\/{rel}","templated":true}]}}