{"id":64081,"date":"2025-03-14T05:04:49","date_gmt":"2025-03-14T05:04:49","guid":{"rendered":"https:\/\/e.kosmolat.eu\/product\/icon-skropstu-tusa\/"},"modified":"2026-04-20T05:44:48","modified_gmt":"2026-04-20T05:44:48","slug":"icon-skropstu-tusa-izliekums-un-apjoms-melna-8-g","status":"publish","type":"product","link":"https:\/\/e.kosmolat.eu\/lt\/produktas\/icon-skropstu-tusa-izliekums-un-apjoms-melna-8-g\/","title":{"rendered":"QUIZ Icon Tu\u0161as blakstienims u\u017elenkimas ir apimtis, juodas, 8 g"},"content":{"rendered":"<p>Kremin\u0117 tekst\u016bra praturtinta ry\u017ei\u0173 s\u0117len\u0173 va\u0161ku.<\/p>\n<p>Suteikia:<br \/>\n\u2022 T\u016br\u012f, u\u017elenkim\u0105 ir pailg\u0117jim\u0105<br \/>\n\u2022 Ilgalaik\u012f makia\u017e\u0105<br \/>\n\u2022 Blakstien\u0173 prie\u017ei\u016br\u0105<\/p>\n<p>Blakstien\u0173 tu\u0161o formul\u0117 kiekvien\u0105 dien\u0105 padeda sukurti ne\u012ftik\u0117tin\u0105 blakstien\u0173 apimt\u012f.<\/p>\n<p>Tankina ir maitina blakstienas nuo \u0161akn\u0173 iki galiuk\u0173.<\/p>\n<p>U\u017etikrina, kad makia\u017eas i\u0161liks vis\u0105 dien\u0105, nesutepdamas ar nenubyr\u0117damas ir nesisluoksniuodamas.<\/p>\n<p>Laikyti nuo +2 \u00b0C iki +25 \u00b0C temperat\u016broje.<\/p>\n","protected":false},"excerpt":{"rendered":"<p>Kremin\u0117 tekst\u016bra praturtinta ry\u017ei\u0173 s\u0117len\u0173 va\u0161ku. Suteikia: \u2022 T\u016br\u012f, u\u017elenkim\u0105 ir pailg\u0117jim\u0105 \u2022 Ilgalaik\u012f makia\u017e\u0105 \u2022 Blakstien\u0173 prie\u017ei\u016br\u0105 Blakstien\u0173 tu\u0161o formul\u0117 kiekvien\u0105 dien\u0105 padeda sukurti ne\u012ftik\u0117tin\u0105 blakstien\u0173 apimt\u012f. Tankina ir maitina blakstienas nuo \u0161akn\u0173 iki galiuk\u0173. U\u017etikrina, kad makia\u017eas i\u0161liks vis\u0105 dien\u0105, nesutepdamas ar nenubyr\u0117damas ir nesisluoksniuodamas. Laikyti nuo +2 \u00b0C iki +25 \u00b0C temperat\u016broje.<\/p>\n","protected":false},"featured_media":93602,"template":"","meta":[],"product_cat":[1382],"product_tag":[],"class_list":{"0":"post-64081","1":"product","2":"type-product","3":"status-publish","4":"has-post-thumbnail","6":"product_brand-quiz_bim_pl-lt","7":"product_cat-tusai","9":"first","10":"instock","11":"taxable","12":"shipping-taxable","13":"product-type-simple"},"_links":{"self":[{"href":"https:\/\/e.kosmolat.eu\/lt\/wp-json\/wp\/v2\/product\/64081","targetHints":{"allow":["GET"]}}],"collection":[{"href":"https:\/\/e.kosmolat.eu\/lt\/wp-json\/wp\/v2\/product"}],"about":[{"href":"https:\/\/e.kosmolat.eu\/lt\/wp-json\/wp\/v2\/types\/product"}],"wp:featuredmedia":[{"embeddable":true,"href":"https:\/\/e.kosmolat.eu\/lt\/wp-json\/wp\/v2\/media\/93602"}],"wp:attachment":[{"href":"https:\/\/e.kosmolat.eu\/lt\/wp-json\/wp\/v2\/media?parent=64081"}],"wp:term":[{"taxonomy":"product_cat","embeddable":true,"href":"https:\/\/e.kosmolat.eu\/lt\/wp-json\/wp\/v2\/product_cat?post=64081"},{"taxonomy":"product_tag","embeddable":true,"href":"https:\/\/e.kosmolat.eu\/lt\/wp-json\/wp\/v2\/product_tag?post=64081"}],"curies":[{"name":"wp","href":"https:\/\/api.w.org\/{rel}","templated":true}]}}