{"id":63299,"date":"2025-03-06T10:20:29","date_gmt":"2025-03-06T10:20:29","guid":{"rendered":"https:\/\/e.kosmolat.eu\/product\/dental-sensitive-300ml\/"},"modified":"2026-03-30T17:01:46","modified_gmt":"2026-03-30T17:01:46","slug":"dental-sensitive-mutes-dobuma-skalos-lidz-jutigiem-zobiem-300-ml","status":"publish","type":"product","link":"https:\/\/e.kosmolat.eu\/lt\/produktas\/dental-sensitive-mutes-dobuma-skalos-lidz-jutigiem-zobiem-300-ml\/","title":{"rendered":"DENTAL Sensitive Burnos skalavimos skystis jautriems dantims, 300 ml"},"content":{"rendered":"<p>Sud\u0117tyje n\u0117ra alkoholio. Skirtas dant\u0173 ir burnos higienai. Suma\u017eina dant\u0173 jautrum\u0105. U\u017etikrina kruop\u0161\u010di\u0105 dant\u0173 ir danten\u0173 prie\u017ei\u016br\u0105.<\/p>\n<p>Naudojimas: Nedidel\u012f kiek\u012f burnos skalavimo skys\u010dio \u012fpilkite \u012f dangtel\u012f, tada energingai skalaukite 15-30 sekund\u017ei\u0173, tada i\u0161spjaukite \u012f kriaukl\u0119. Rekomenduojama naudoti kasdien ryte ir vakare po dant\u0173 valymo.<\/p>\n<p>\u012esp\u0117jimas: Sud\u0117tyje yra natrio fluorido (natrio fluorido) 0,0225% (fluorido pavidalu). Netinka vaikams iki 6 met\u0173 am\u017eiaus. Neprarykite! Tik i\u0161oriniam naudojimui. Patekus \u012f akis, kruop\u0161\u010diai nuplaukite vandeniu.<\/p>\n<p>Laikymo s\u0105lygos: laikyti sausose patalpose nuo +5 \u00b0C iki +25 \u00b0C temperat\u016broje, ne ma\u017eesniu kaip 1 m atstumu nuo \u0161ildymo prietais\u0173. Nelaikykite tiesioginiuose saul\u0117s spinduliuose. Laikyti vaikams nepasiekiamoje vietoje.<\/p>\n","protected":false},"excerpt":{"rendered":"<p>Sud\u0117tyje n\u0117ra alkoholio. Skirtas dant\u0173 ir burnos higienai. Suma\u017eina dant\u0173 jautrum\u0105. U\u017etikrina kruop\u0161\u010di\u0105 dant\u0173 ir danten\u0173 prie\u017ei\u016br\u0105. Naudojimas: Nedidel\u012f kiek\u012f burnos skalavimo skys\u010dio \u012fpilkite \u012f dangtel\u012f, tada energingai skalaukite 15-30 sekund\u017ei\u0173, tada i\u0161spjaukite \u012f kriaukl\u0119. Rekomenduojama naudoti kasdien ryte ir vakare po dant\u0173 valymo. \u012esp\u0117jimas: Sud\u0117tyje yra natrio fluorido (natrio fluorido) 0,0225% (fluorido pavidalu). Netinka [&#8230;]\n","protected":false},"featured_media":100468,"template":"","meta":[],"product_cat":[1313],"product_tag":[],"class_list":{"0":"post-63299","1":"product","2":"type-product","3":"status-publish","4":"has-post-thumbnail","6":"product_brand-rubella-bg-lt","7":"product_cat-burnos-skalavimo-priemones","9":"first","10":"instock","11":"taxable","12":"shipping-taxable","13":"product-type-simple"},"_links":{"self":[{"href":"https:\/\/e.kosmolat.eu\/lt\/wp-json\/wp\/v2\/product\/63299","targetHints":{"allow":["GET"]}}],"collection":[{"href":"https:\/\/e.kosmolat.eu\/lt\/wp-json\/wp\/v2\/product"}],"about":[{"href":"https:\/\/e.kosmolat.eu\/lt\/wp-json\/wp\/v2\/types\/product"}],"wp:featuredmedia":[{"embeddable":true,"href":"https:\/\/e.kosmolat.eu\/lt\/wp-json\/wp\/v2\/media\/100468"}],"wp:attachment":[{"href":"https:\/\/e.kosmolat.eu\/lt\/wp-json\/wp\/v2\/media?parent=63299"}],"wp:term":[{"taxonomy":"product_cat","embeddable":true,"href":"https:\/\/e.kosmolat.eu\/lt\/wp-json\/wp\/v2\/product_cat?post=63299"},{"taxonomy":"product_tag","embeddable":true,"href":"https:\/\/e.kosmolat.eu\/lt\/wp-json\/wp\/v2\/product_tag?post=63299"}],"curies":[{"name":"wp","href":"https:\/\/api.w.org\/{rel}","templated":true}]}}