{"id":63267,"date":"2025-03-05T14:50:40","date_gmt":"2025-03-05T14:50:40","guid":{"rendered":"https:\/\/e.kosmolat.eu\/?post_type=product&#038;p=63267"},"modified":"2026-04-22T08:18:47","modified_gmt":"2026-04-22T08:18:47","slug":"dental-sensitive-whitening-formula-balinosa-zobu-pasta-100-ml","status":"publish","type":"product","link":"https:\/\/e.kosmolat.eu\/lt\/produktas\/dental-sensitive-whitening-formula-balinosa-zobu-pasta-100-ml\/","title":{"rendered":"DENTAL SENSITIVE Whitening Formula Dant\u0173 pasta, 100 ml"},"content":{"rendered":"<p>Dental Sensitive Whitening Formula profilaktin\u0117 dant\u0173 pasta suma\u017eina dant\u0173 jautrum\u0105, suteikia ypating\u0105 prie\u017ei\u016br\u0105 ir turi ilgalaik\u012f raminam\u0105j\u012f poveik\u012f. Reguliariai naudojant, pasta \u0161velniai poliruoja ir balina dantis.<\/p>\n<p>Gamintojas rekomenduoja: Kad dantenos ir dantys b\u016bt\u0173 sveiki, Dant\u0173 past\u0105 naudokite reguliariai bent 2 kartus per dien\u0105, 2-3 minutes valydami dantis tinkamu dant\u0173 \u0161epet\u0117liu.<br \/>\nAtsargumo priemon\u0117s: Atsargumo priemon\u0117s: Sud\u0117tyje yra natrio fluorido 0,1% (fluoro pavidalu). Dant\u0173 pasta suaugusiems. Netinka vaikams iki 6 met\u0173 am\u017eiaus. Neprarykite! Tik i\u0161oriniam naudojimui. Patekus \u012f akis, kruop\u0161\u010diai nuplaukite vandeniu.<br \/>\nLaikymo s\u0105lygos: laikyti sausose patalpose nuo +5 \u00b0C iki +25 \u00b0C temperat\u016broje, ne ma\u017eesniu kaip 1 m atstumu nuo \u0161ildymo prietais\u0173. Nelaikykite tiesioginiuose saul\u0117s spinduliuose. Laikyti vaikams nepasiekiamoje vietoje.<\/p>\n","protected":false},"excerpt":{"rendered":"<p>Dental Sensitive Whitening Formula profilaktin\u0117 dant\u0173 pasta suma\u017eina dant\u0173 jautrum\u0105, suteikia ypating\u0105 prie\u017ei\u016br\u0105 ir turi ilgalaik\u012f raminam\u0105j\u012f poveik\u012f. Reguliariai naudojant, pasta \u0161velniai poliruoja ir balina dantis. Gamintojas rekomenduoja: Kad dantenos ir dantys b\u016bt\u0173 sveiki, Dant\u0173 past\u0105 naudokite reguliariai bent 2 kartus per dien\u0105, 2-3 minutes valydami dantis tinkamu dant\u0173 \u0161epet\u0117liu. Atsargumo priemon\u0117s: Atsargumo priemon\u0117s: Sud\u0117tyje [&#8230;]\n","protected":false},"featured_media":97705,"template":"","meta":[],"product_cat":[2181],"product_tag":[],"class_list":{"0":"post-63267","1":"product","2":"type-product","3":"status-publish","4":"has-post-thumbnail","6":"product_brand-rubella-bg-lt","7":"product_cat-bez-kategorijas-lt","9":"first","10":"instock","11":"taxable","12":"shipping-taxable","13":"product-type-simple"},"_links":{"self":[{"href":"https:\/\/e.kosmolat.eu\/lt\/wp-json\/wp\/v2\/product\/63267","targetHints":{"allow":["GET"]}}],"collection":[{"href":"https:\/\/e.kosmolat.eu\/lt\/wp-json\/wp\/v2\/product"}],"about":[{"href":"https:\/\/e.kosmolat.eu\/lt\/wp-json\/wp\/v2\/types\/product"}],"wp:featuredmedia":[{"embeddable":true,"href":"https:\/\/e.kosmolat.eu\/lt\/wp-json\/wp\/v2\/media\/97705"}],"wp:attachment":[{"href":"https:\/\/e.kosmolat.eu\/lt\/wp-json\/wp\/v2\/media?parent=63267"}],"wp:term":[{"taxonomy":"product_cat","embeddable":true,"href":"https:\/\/e.kosmolat.eu\/lt\/wp-json\/wp\/v2\/product_cat?post=63267"},{"taxonomy":"product_tag","embeddable":true,"href":"https:\/\/e.kosmolat.eu\/lt\/wp-json\/wp\/v2\/product_tag?post=63267"}],"curies":[{"name":"wp","href":"https:\/\/api.w.org\/{rel}","templated":true}]}}