{"id":63263,"date":"2025-03-05T14:06:37","date_gmt":"2025-03-05T14:06:37","guid":{"rendered":"https:\/\/e.kosmolat.eu\/?post_type=product&#038;p=63263"},"modified":"2026-04-23T07:33:15","modified_gmt":"2026-04-23T07:33:15","slug":"dental-dream-expert-clean-white-zobu-pasta-100-ml","status":"publish","type":"product","link":"https:\/\/e.kosmolat.eu\/lt\/produktas\/dental-dream-expert-clean-white-zobu-pasta-100-ml\/","title":{"rendered":"DENTAL DREAM Expert Clean &#038; White Dant\u0173 pasta 100 ml"},"content":{"rendered":"<p>DENTAL DREAM Expert Clean &#038; White dant\u0173 pasta \u0161velniai valo dantis ir padeda atkurti nat\u016bral\u0173 j\u0173 baltum\u0105. Cinko citratas i\u0161valo apna\u0161as ir neleid\u017eia burnos ertm\u0117je vystytis mikroorganizmams. Sistema su mikrogranul\u0117mis valo dantis nepa\u017eeisdama emalio.  Formul\u0117je esantis natrio fluoridas padeda i\u0161vengti \u0117duonies. Turtingos putos, susidaran\u010dios valant dantis, pasiekia visas dant\u0173 vietas ir tarpdan\u010dius.<\/p>\n<p>Gamintojas rekomenduoja: Kad dantenos ir dantys b\u016bt\u0173 sveiki, DENTAL DREAM Expert Clean &#038; White Feeling naudokite reguliariai bent 2 kartus per dien\u0105, 2-3 minutes valydami dantis tinkamu dant\u0173 \u0161epet\u0117liu.<\/p>\n<p>Atsargumo priemon\u0117s: Sud\u0117tyje yra 0,145 %, natrio fluorido (fluoro pavidalu). Dant\u0173 pasta suaugusiems. Netinka vaikams iki 7 met\u0173 am\u017eiaus. Naudokite tik pagal paskirt\u012f. Nenaudokite gaminio, jei esate jautr\u016bs atskiriems komponentams. Neprarykite! Jei reikia, kreipkit\u0117s \u012f savo odontolog\u0105.<br \/>\nLaikymo s\u0105lygos: laikyti sausose patalpose nuo 0 \u00b0C iki +30 \u00b0C temperat\u016broje, ne ma\u017eesniu kaip 1 m atstumu nuo \u0161ildymo prietais\u0173. Nelaikykite tiesioginiuose saul\u0117s spinduliuose. Laikyti vaikams nepasiekiamoje vietoje.<\/p>\n","protected":false},"excerpt":{"rendered":"<p>DENTAL DREAM Expert Clean &#038; White dant\u0173 pasta \u0161velniai valo dantis ir padeda atkurti nat\u016bral\u0173 j\u0173 baltum\u0105. Cinko citratas i\u0161valo apna\u0161as ir neleid\u017eia burnos ertm\u0117je vystytis mikroorganizmams. Sistema su mikrogranul\u0117mis valo dantis nepa\u017eeisdama emalio. Formul\u0117je esantis natrio fluoridas padeda i\u0161vengti \u0117duonies. Turtingos putos, susidaran\u010dios valant dantis, pasiekia visas dant\u0173 vietas ir tarpdan\u010dius. Gamintojas rekomenduoja: Kad [&#8230;]\n","protected":false},"featured_media":102303,"template":"","meta":[],"product_cat":[2181],"product_tag":[],"class_list":{"0":"post-63263","1":"product","2":"type-product","3":"status-publish","4":"has-post-thumbnail","6":"product_brand-rubella-bg-lt","7":"product_cat-bez-kategorijas-lt","9":"first","10":"instock","11":"taxable","12":"shipping-taxable","13":"product-type-simple"},"_links":{"self":[{"href":"https:\/\/e.kosmolat.eu\/lt\/wp-json\/wp\/v2\/product\/63263","targetHints":{"allow":["GET"]}}],"collection":[{"href":"https:\/\/e.kosmolat.eu\/lt\/wp-json\/wp\/v2\/product"}],"about":[{"href":"https:\/\/e.kosmolat.eu\/lt\/wp-json\/wp\/v2\/types\/product"}],"wp:featuredmedia":[{"embeddable":true,"href":"https:\/\/e.kosmolat.eu\/lt\/wp-json\/wp\/v2\/media\/102303"}],"wp:attachment":[{"href":"https:\/\/e.kosmolat.eu\/lt\/wp-json\/wp\/v2\/media?parent=63263"}],"wp:term":[{"taxonomy":"product_cat","embeddable":true,"href":"https:\/\/e.kosmolat.eu\/lt\/wp-json\/wp\/v2\/product_cat?post=63263"},{"taxonomy":"product_tag","embeddable":true,"href":"https:\/\/e.kosmolat.eu\/lt\/wp-json\/wp\/v2\/product_tag?post=63263"}],"curies":[{"name":"wp","href":"https:\/\/api.w.org\/{rel}","templated":true}]}}