{"id":63259,"date":"2025-03-05T12:06:36","date_gmt":"2025-03-05T12:06:36","guid":{"rendered":"https:\/\/e.kosmolat.eu\/?post_type=product&#038;p=63259"},"modified":"2026-04-22T08:19:41","modified_gmt":"2026-04-22T08:19:41","slug":"dental-dream-super-fresh-feeling-zobu-pasta-100-ml","status":"publish","type":"product","link":"https:\/\/e.kosmolat.eu\/lt\/produktas\/dental-dream-super-fresh-feeling-zobu-pasta-100-ml\/","title":{"rendered":"DENTAL DREAM Super Fresh Feeling Dant\u0173  pasta, 100 ml"},"content":{"rendered":"<p>Dant\u0173 pasta veiksmingai kovoja su bakterin\u0117mis apna\u0161omis, kurios sukelia blog\u0105 burnos kvap\u0105. Jo formul\u0117 yra veikli\u0173j\u0173 med\u017eiag\u0173 derinys, padedantis i\u0161laikyti ilgalaik\u012f gaivumo ir tyrumo jausm\u0105. Polyfix ingredientas neutralizuoja blogo burnos kvapo prie\u017eastis, o cinko citratas apsaugo nuo apna\u0161\u0173 ir turi antibakterin\u012f poveik\u012f. Gausios putos, susidaran\u010dios valant \u0161epet\u0117liu, lengvai pasiekia visus dant\u0173 pavir\u0161ius ir tarpdan\u010dius bei prisideda prie geresnio j\u0173 valymo.<\/p>\n<p>Gamintojas rekomenduoja: Kad dantenos ir dantys b\u016bt\u0173 sveiki, DENTAL DREAM Super Fresh Feeling naudokite reguliariai bent 2 kartus per dien\u0105, 2-3 minutes valydami dantis tinkamu dant\u0173 \u0161epet\u0117liu.<\/p>\n<p>Atsargumo priemon\u0117s: Sud\u0117tyje yra 0,145 %, natrio fluorido (fluoro pavidalu). Dant\u0173 pasta suaugusiems. Netinka vaikams iki 7 met\u0173 am\u017eiaus. Naudokite tik pagal paskirt\u012f. Nenaudokite gaminio, jei esate jautr\u016bs atskiriems komponentams. Neprarykite! Jei reikia, kreipkit\u0117s \u012f savo odontolog\u0105.<br \/>\nLaikymo s\u0105lygos: Laikyti sausose patalpose nuo 0 \u00b0C iki +30 \u00b0C temperat\u016broje, ne ma\u017eesniu kaip 1 m atstumu nuo \u0161ildymo prietais\u0173. Nelaikykite tiesioginiuose saul\u0117s spinduliuose. Laikyti vaikams nepasiekiamoje vietoje.<\/p>\n","protected":false},"excerpt":{"rendered":"<p>Dant\u0173 pasta veiksmingai kovoja su bakterin\u0117mis apna\u0161omis, kurios sukelia blog\u0105 burnos kvap\u0105. Jo formul\u0117 yra veikli\u0173j\u0173 med\u017eiag\u0173 derinys, padedantis i\u0161laikyti ilgalaik\u012f gaivumo ir tyrumo jausm\u0105. Polyfix ingredientas neutralizuoja blogo burnos kvapo prie\u017eastis, o cinko citratas apsaugo nuo apna\u0161\u0173 ir turi antibakterin\u012f poveik\u012f. Gausios putos, susidaran\u010dios valant \u0161epet\u0117liu, lengvai pasiekia visus dant\u0173 pavir\u0161ius ir tarpdan\u010dius bei [&#8230;]\n","protected":false},"featured_media":99816,"template":"","meta":[],"product_cat":[2181],"product_tag":[],"class_list":{"0":"post-63259","1":"product","2":"type-product","3":"status-publish","4":"has-post-thumbnail","6":"product_brand-rubella-bg-lt","7":"product_cat-bez-kategorijas-lt","9":"first","10":"instock","11":"taxable","12":"shipping-taxable","13":"product-type-simple"},"_links":{"self":[{"href":"https:\/\/e.kosmolat.eu\/lt\/wp-json\/wp\/v2\/product\/63259","targetHints":{"allow":["GET"]}}],"collection":[{"href":"https:\/\/e.kosmolat.eu\/lt\/wp-json\/wp\/v2\/product"}],"about":[{"href":"https:\/\/e.kosmolat.eu\/lt\/wp-json\/wp\/v2\/types\/product"}],"wp:featuredmedia":[{"embeddable":true,"href":"https:\/\/e.kosmolat.eu\/lt\/wp-json\/wp\/v2\/media\/99816"}],"wp:attachment":[{"href":"https:\/\/e.kosmolat.eu\/lt\/wp-json\/wp\/v2\/media?parent=63259"}],"wp:term":[{"taxonomy":"product_cat","embeddable":true,"href":"https:\/\/e.kosmolat.eu\/lt\/wp-json\/wp\/v2\/product_cat?post=63259"},{"taxonomy":"product_tag","embeddable":true,"href":"https:\/\/e.kosmolat.eu\/lt\/wp-json\/wp\/v2\/product_tag?post=63259"}],"curies":[{"name":"wp","href":"https:\/\/api.w.org\/{rel}","templated":true}]}}