{"id":63255,"date":"2025-03-05T11:06:31","date_gmt":"2025-03-05T11:06:31","guid":{"rendered":"https:\/\/e.kosmolat.eu\/?post_type=product&#038;p=63255"},"modified":"2026-04-17T11:14:58","modified_gmt":"2026-04-17T11:14:58","slug":"dental-dream-complete-protection-10-in-1-zobu-pasta-100-ml","status":"publish","type":"product","link":"https:\/\/e.kosmolat.eu\/lt\/produktas\/dental-dream-complete-protection-10-in-1-zobu-pasta-100-ml\/","title":{"rendered":"DENTAL DREAM Complete Protection 10 in 1 Dant\u0173  pasta, 100 ml"},"content":{"rendered":"<p>DENTAL DREAM Complete Protection 10 in 1 dant\u0173 pastos formul\u0117 u\u017etikrina maksimali\u0105 dant\u0173 ir danten\u0173 apsaug\u0105 ir profilaktik\u0105. Gausios putos, susidaran\u010dios valant dantis, lengvai pasiekia visus dant\u0173 pavir\u0161ius ir tarpdan\u010dius bei skatina geresn\u012f valym\u0105si. Pasta turi komplrksin\u012f poveik\u012f d\u0117l jos formul\u0117je esan\u010di\u0173 veikli\u0173j\u0173 med\u017eiag\u0173 derinio. Kalcio glicerofosfatas padeda stiprinti dant\u0173 emal\u012f. Veiklioji med\u017eiaga triklozanas, pasi\u017eymintis baktericidiniu ir fungicidiniu poveikiu, stabdo mikroorganizm\u0173 vystym\u0105si burnos ertm\u0117je, palaiko sveikus dantis ir dantenas. Natrio fluoridas padeda i\u0161vengti \u0117duonies vystymosi. <\/p>\n<p>Gamintojas rekomenduoja: Kad dantenos ir dantys b\u016bt\u0173 sveiki, DENTAL DREAM Complete Protection 10 in 1 naudokite reguliariai bent 2 kartus per dien\u0105, 2-3 minutes valydami dantis tinkamu dant\u0173 \u0161epet\u0117liu.<\/p>\n<p>Atsargumo priemon\u0117s: Sud\u0117tyje yra 0,1 %, natrio fluorido (fluoro pavidalu). Dant\u0173 pasta suaugusiems. Netinka vaikams iki 7 met\u0173 am\u017eiaus. Naudokite tik pagal paskirt\u012f. Nenaudokite gaminio, jei esate jautr\u016bs atskiriems komponentams. Neprarykite! Jei reikia, kreipkit\u0117s \u012f savo odontolog\u0105.<br \/>\nLaikymo s\u0105lygos: Laikyti sausose patalpose nuo 0 \u00b0C iki +30 \u00b0C temperat\u016broje, ne ma\u017eesniu kaip 1 m atstumu nuo \u0161ildymo prietais\u0173. Nelaikykite tiesioginiuose saul\u0117s spinduliuose. Laikyti vaikams nepasiekiamoje vietoje.<\/p>\n","protected":false},"excerpt":{"rendered":"<p>DENTAL DREAM Complete Protection 10 in 1 dant\u0173 pastos formul\u0117 u\u017etikrina maksimali\u0105 dant\u0173 ir danten\u0173 apsaug\u0105 ir profilaktik\u0105. Gausios putos, susidaran\u010dios valant dantis, lengvai pasiekia visus dant\u0173 pavir\u0161ius ir tarpdan\u010dius bei skatina geresn\u012f valym\u0105si. Pasta turi komplrksin\u012f poveik\u012f d\u0117l jos formul\u0117je esan\u010di\u0173 veikli\u0173j\u0173 med\u017eiag\u0173 derinio. Kalcio glicerofosfatas padeda stiprinti dant\u0173 emal\u012f. Veiklioji med\u017eiaga triklozanas, pasi\u017eymintis [&#8230;]\n","protected":false},"featured_media":102407,"template":"","meta":[],"product_cat":[1308],"product_tag":[],"class_list":{"0":"post-63255","1":"product","2":"type-product","3":"status-publish","4":"has-post-thumbnail","6":"product_brand-rubella-bg-lt","7":"product_cat-dantu-pastos-ir-geliai","9":"first","10":"instock","11":"taxable","12":"shipping-taxable","13":"product-type-simple"},"_links":{"self":[{"href":"https:\/\/e.kosmolat.eu\/lt\/wp-json\/wp\/v2\/product\/63255","targetHints":{"allow":["GET"]}}],"collection":[{"href":"https:\/\/e.kosmolat.eu\/lt\/wp-json\/wp\/v2\/product"}],"about":[{"href":"https:\/\/e.kosmolat.eu\/lt\/wp-json\/wp\/v2\/types\/product"}],"wp:featuredmedia":[{"embeddable":true,"href":"https:\/\/e.kosmolat.eu\/lt\/wp-json\/wp\/v2\/media\/102407"}],"wp:attachment":[{"href":"https:\/\/e.kosmolat.eu\/lt\/wp-json\/wp\/v2\/media?parent=63255"}],"wp:term":[{"taxonomy":"product_cat","embeddable":true,"href":"https:\/\/e.kosmolat.eu\/lt\/wp-json\/wp\/v2\/product_cat?post=63255"},{"taxonomy":"product_tag","embeddable":true,"href":"https:\/\/e.kosmolat.eu\/lt\/wp-json\/wp\/v2\/product_tag?post=63255"}],"curies":[{"name":"wp","href":"https:\/\/api.w.org\/{rel}","templated":true}]}}