{"id":63251,"date":"2025-03-05T09:50:31","date_gmt":"2025-03-05T09:50:31","guid":{"rendered":"https:\/\/e.kosmolat.eu\/?post_type=product&#038;p=63251"},"modified":"2026-04-22T08:19:26","modified_gmt":"2026-04-22T08:19:26","slug":"dental-dream-black-white-zobu-pasta-100-ml","status":"publish","type":"product","link":"https:\/\/e.kosmolat.eu\/lt\/produktas\/dental-dream-black-white-zobu-pasta-100-ml\/","title":{"rendered":"DENTAL DREAM Black &#038; White Dant\u0173  pasta, 100 ml"},"content":{"rendered":"<p>Novatori\u0161koje DENTAL DREAM Black &#038; White dant\u0173 pastos formul\u0117je yra aktyvuotos anglies, kuri turi savyb\u0119 sugerti toksinus i\u0161 burnos ertm\u0117s ir pa\u0161alinti d\u0117mes nepa\u017eeisdama emalio, suteikdama gaiv\u0173 kvap\u0105. Dant\u0173 pasta DENTAL DREAM Black &#038; White padeda i\u0161saugoti nat\u016bral\u0173 dant\u0173 baltum\u0105 ir blizges\u012f. Gausios putos, susidaran\u010dios valant \u0161epet\u0117liu, lengvai pasiekia visus dant\u0173 pavir\u0161ius ir tarpdan\u010dius bei prisideda prie geresnio j\u0173 valymo. Cinko citratas d\u0117l savo aktyvaus apna\u0161\u0173 ir antibakterinio poveikio papildomai i\u0161valo d\u0117mes ant dant\u0173 ir neleid\u017eia burnos ertm\u0117je vystytis mikroorganizmams. Formul\u0117je esantis natrio fluoridas padeda i\u0161vengti karieso.<\/p>\n<p>Gamintojas rekomenduoja: Kad dantenos ir dantys b\u016bt\u0173 sveiki, DENTAL DREAM Black &#038; White naudokite reguliariai bent 2 kartus per dien\u0105, 2-3 minutes valydami dantis tinkamu dant\u0173 \u0161epet\u0117liu.<\/p>\n<p>Atsargumo priemon\u0117s: Sud\u0117tyje yra 0,145 %, natrio fluorido (fluoro pavidalu). Dant\u0173 pasta suaugusiems. Netinka vaikams iki 7 met\u0173 am\u017eiaus. Naudokite tik pagal paskirt\u012f. Nenaudokite gaminio, jei esate jautr\u016bs atskiriems komponentams. Neprarykite! Jei reikia, kreipkit\u0117s \u012f savo odontolog\u0105.<br \/>\nLaikymo s\u0105lygos: Laikyti sausose patalpose nuo 0 \u00b0C iki +30 \u00b0C temperat\u016broje, ne ma\u017eesniu kaip 1 m atstumu nuo \u0161ildymo prietais\u0173. Nelaikykite tiesioginiuose saul\u0117s spinduliuose. Laikyti vaikams nepasiekiamoje vietoje.<\/p>\n","protected":false},"excerpt":{"rendered":"<p>Novatori\u0161koje DENTAL DREAM Black &#038; White dant\u0173 pastos formul\u0117je yra aktyvuotos anglies, kuri turi savyb\u0119 sugerti toksinus i\u0161 burnos ertm\u0117s ir pa\u0161alinti d\u0117mes nepa\u017eeisdama emalio, suteikdama gaiv\u0173 kvap\u0105. Dant\u0173 pasta DENTAL DREAM Black &#038; White padeda i\u0161saugoti nat\u016bral\u0173 dant\u0173 baltum\u0105 ir blizges\u012f. Gausios putos, susidaran\u010dios valant \u0161epet\u0117liu, lengvai pasiekia visus dant\u0173 pavir\u0161ius ir tarpdan\u010dius bei [&#8230;]\n","protected":false},"featured_media":102066,"template":"","meta":[],"product_cat":[2181],"product_tag":[],"class_list":{"0":"post-63251","1":"product","2":"type-product","3":"status-publish","4":"has-post-thumbnail","6":"product_brand-rubella-bg-lt","7":"product_cat-bez-kategorijas-lt","9":"first","10":"instock","11":"taxable","12":"shipping-taxable","13":"product-type-simple"},"_links":{"self":[{"href":"https:\/\/e.kosmolat.eu\/lt\/wp-json\/wp\/v2\/product\/63251","targetHints":{"allow":["GET"]}}],"collection":[{"href":"https:\/\/e.kosmolat.eu\/lt\/wp-json\/wp\/v2\/product"}],"about":[{"href":"https:\/\/e.kosmolat.eu\/lt\/wp-json\/wp\/v2\/types\/product"}],"wp:featuredmedia":[{"embeddable":true,"href":"https:\/\/e.kosmolat.eu\/lt\/wp-json\/wp\/v2\/media\/102066"}],"wp:attachment":[{"href":"https:\/\/e.kosmolat.eu\/lt\/wp-json\/wp\/v2\/media?parent=63251"}],"wp:term":[{"taxonomy":"product_cat","embeddable":true,"href":"https:\/\/e.kosmolat.eu\/lt\/wp-json\/wp\/v2\/product_cat?post=63251"},{"taxonomy":"product_tag","embeddable":true,"href":"https:\/\/e.kosmolat.eu\/lt\/wp-json\/wp\/v2\/product_tag?post=63251"}],"curies":[{"name":"wp","href":"https:\/\/api.w.org\/{rel}","templated":true}]}}