{"id":63243,"date":"2025-03-05T06:50:29","date_gmt":"2025-03-05T06:50:29","guid":{"rendered":"https:\/\/e.kosmolat.eu\/?post_type=product&#038;p=63243"},"modified":"2026-04-24T06:27:18","modified_gmt":"2026-04-24T06:27:18","slug":"ip-liftinga-sejas-serums-ar-3-elastinu-un-1-bio-jur-kolagenu-30-ml","status":"publish","type":"product","link":"https:\/\/e.kosmolat.eu\/lt\/produktas\/ip-liftinga-sejas-serums-ar-3-elastinu-un-1-bio-jur-kolagenu-30-ml\/","title":{"rendered":"INOPHARM PURE ELEMENTS Stangrinantis serumas veidui su 3% elastino ir 1% bio j\u016brinio kolageno, 30 ml"},"content":{"rendered":"<p>Atkuriantis ir jauninantis veido serumas su hidrolizuotu elastinu ir biologiniu j\u016briniu kolagenu. Atkuria odos elastingum\u0105 ir aktyvina l\u0105steli\u0173 atsinaujinimo proces\u0105. Stiprina, atjaunina ir dr\u0117kina od\u0105.<\/p>\n<p>Naudojimas: Ryte ir vakare kelis la\u0161us serumo u\u017etepkite ant \u0161varios veido odos lengvais masa\u017eo judesiais.<\/p>\n","protected":false},"excerpt":{"rendered":"<p>Atkuriantis ir jauninantis veido serumas su hidrolizuotu elastinu ir biologiniu j\u016briniu kolagenu. Atkuria odos elastingum\u0105 ir aktyvina l\u0105steli\u0173 atsinaujinimo proces\u0105. Stiprina, atjaunina ir dr\u0117kina od\u0105. Naudojimas: Ryte ir vakare kelis la\u0161us serumo u\u017etepkite ant \u0161varios veido odos lengvais masa\u017eo judesiais.<\/p>\n","protected":false},"featured_media":100388,"template":"","meta":[],"product_cat":[1327],"product_tag":[],"class_list":{"0":"post-63243","1":"product","2":"type-product","3":"status-publish","4":"has-post-thumbnail","6":"product_brand-rubella-bg-lt","7":"product_cat-serumai","9":"first","10":"instock","11":"taxable","12":"shipping-taxable","13":"product-type-simple"},"_links":{"self":[{"href":"https:\/\/e.kosmolat.eu\/lt\/wp-json\/wp\/v2\/product\/63243","targetHints":{"allow":["GET"]}}],"collection":[{"href":"https:\/\/e.kosmolat.eu\/lt\/wp-json\/wp\/v2\/product"}],"about":[{"href":"https:\/\/e.kosmolat.eu\/lt\/wp-json\/wp\/v2\/types\/product"}],"wp:featuredmedia":[{"embeddable":true,"href":"https:\/\/e.kosmolat.eu\/lt\/wp-json\/wp\/v2\/media\/100388"}],"wp:attachment":[{"href":"https:\/\/e.kosmolat.eu\/lt\/wp-json\/wp\/v2\/media?parent=63243"}],"wp:term":[{"taxonomy":"product_cat","embeddable":true,"href":"https:\/\/e.kosmolat.eu\/lt\/wp-json\/wp\/v2\/product_cat?post=63243"},{"taxonomy":"product_tag","embeddable":true,"href":"https:\/\/e.kosmolat.eu\/lt\/wp-json\/wp\/v2\/product_tag?post=63243"}],"curies":[{"name":"wp","href":"https:\/\/api.w.org\/{rel}","templated":true}]}}