{"id":63235,"date":"2025-03-05T05:02:45","date_gmt":"2025-03-05T05:02:45","guid":{"rendered":"https:\/\/e.kosmolat.eu\/product\/horse-mane-balzams-kondicionieris-480-ml\/"},"modified":"2026-04-07T11:06:52","modified_gmt":"2026-04-07T11:06:52","slug":"horse-mane-balzams-kondicionieris-480-ml","status":"publish","type":"product","link":"https:\/\/e.kosmolat.eu\/lt\/produktas\/horse-mane-balzams-kondicionieris-480-ml\/","title":{"rendered":"HORSE MANE Balzamas kondicionierius, 480 ml"},"content":{"rendered":"<p>Kondicionuojantis balzamas turi ry\u0161k\u0173 poveik\u012f plaukams, tod\u0117l kiekvienas plaukas tampa stipresnis ir sveikesnis. Sud\u0117tyje yra specialus keratino, kolageno ir lanolino kompleksas.<br \/>\n\u2022 Maitina ir stiprina plaukus per vis\u0105 ilg\u012f j\u0173 neapsunkina.<br \/>\n\u2022 Pa\u0161alina trapum\u0105 ir padeda atkurti pa\u017eeist\u0105 plauk\u0173 strukt\u016br\u0105.<br \/>\n\u2022 Plaukus daro glotnesnius, \u017evilgan\u010dius, stipresnius, i\u0161puosel\u0117tus ir suteikia sveik\u0105 i\u0161vaizd\u0105.<br \/>\n \u2022 Suteikia plaukams \u0161velnumo ir \u0161ilkingumo, suteikia tankumo ir apimties.<\/p>\n<p>NAUDOJIMAS: Tepkite ant dr\u0117gn\u0173 plauk\u0173, tolygiai paskirstykite. Palikite kondicionieri\u0173 veikti 1-2 minutes. Kruop\u0161\u010diai nuplaukite.<\/p>\n","protected":false},"excerpt":{"rendered":"<p>Kondicionuojantis balzamas turi ry\u0161k\u0173 poveik\u012f plaukams, tod\u0117l kiekvienas plaukas tampa stipresnis ir sveikesnis. Sud\u0117tyje yra specialus keratino, kolageno ir lanolino kompleksas. \u2022 Maitina ir stiprina plaukus per vis\u0105 ilg\u012f j\u0173 neapsunkina. \u2022 Pa\u0161alina trapum\u0105 ir padeda atkurti pa\u017eeist\u0105 plauk\u0173 strukt\u016br\u0105. \u2022 Plaukus daro glotnesnius, \u017evilgan\u010dius, stipresnius, i\u0161puosel\u0117tus ir suteikia sveik\u0105 i\u0161vaizd\u0105. \u2022 Suteikia plaukams \u0161velnumo [&#8230;]\n","protected":false},"featured_media":97734,"template":"","meta":[],"product_cat":[2181],"product_tag":[],"class_list":{"0":"post-63235","1":"product","2":"type-product","3":"status-publish","4":"has-post-thumbnail","6":"product_brand-pharma-group_ua-lt","7":"product_cat-bez-kategorijas-lt","9":"first","10":"instock","11":"taxable","12":"shipping-taxable","13":"product-type-simple"},"_links":{"self":[{"href":"https:\/\/e.kosmolat.eu\/lt\/wp-json\/wp\/v2\/product\/63235","targetHints":{"allow":["GET"]}}],"collection":[{"href":"https:\/\/e.kosmolat.eu\/lt\/wp-json\/wp\/v2\/product"}],"about":[{"href":"https:\/\/e.kosmolat.eu\/lt\/wp-json\/wp\/v2\/types\/product"}],"wp:featuredmedia":[{"embeddable":true,"href":"https:\/\/e.kosmolat.eu\/lt\/wp-json\/wp\/v2\/media\/97734"}],"wp:attachment":[{"href":"https:\/\/e.kosmolat.eu\/lt\/wp-json\/wp\/v2\/media?parent=63235"}],"wp:term":[{"taxonomy":"product_cat","embeddable":true,"href":"https:\/\/e.kosmolat.eu\/lt\/wp-json\/wp\/v2\/product_cat?post=63235"},{"taxonomy":"product_tag","embeddable":true,"href":"https:\/\/e.kosmolat.eu\/lt\/wp-json\/wp\/v2\/product_tag?post=63235"}],"curies":[{"name":"wp","href":"https:\/\/api.w.org\/{rel}","templated":true}]}}