{"id":63227,"date":"2025-03-05T05:02:30","date_gmt":"2025-03-05T05:02:30","guid":{"rendered":"https:\/\/e.kosmolat.eu\/product\/horse-mane-sampuns-480-ml\/"},"modified":"2026-04-23T06:41:43","modified_gmt":"2026-04-23T06:41:43","slug":"horse-mane-sampuns-480-ml","status":"publish","type":"product","link":"https:\/\/e.kosmolat.eu\/lt\/produktas\/horse-mane-sampuns-480-ml\/","title":{"rendered":"HORSE MANE \u0160amp\u016bnas, 480 ml"},"content":{"rendered":"<p>\u0160amp\u016bnas \u0161velniai ir efektyviai valo plaukus nuo ne\u0161varum\u0173. Sud\u0117tyje yra specialus keratino, kolageno ir lanolino kompleksas.<br \/>\n\u2022 I\u0161laiko plaukus gaivius 24 valandas, net ir esant riebiai galvos odai.<br \/>\n\u2022 Plaukus daro glotnesnius, \u017evilgan\u010dius, stipresnius, i\u0161puosel\u0117tus ir suteikia sveik\u0105 i\u0161vaizd\u0105.<br \/>\n\u2022 Suteikia plaukams \u0161velnumo ir \u0161ilkingumo, apimties ir matomo tankumo.<\/p>\n<p>NAUDOJIMAS: Tepkite ant dr\u0117gn\u0173 plauk\u0173, masa\u017euokite, kol susidarys tir\u0161tos putos, i\u0161skalaukite ir naudokite kondicionieri\u0173.<\/p>\n","protected":false},"excerpt":{"rendered":"<p>\u0160amp\u016bnas \u0161velniai ir efektyviai valo plaukus nuo ne\u0161varum\u0173. Sud\u0117tyje yra specialus keratino, kolageno ir lanolino kompleksas. \u2022 I\u0161laiko plaukus gaivius 24 valandas, net ir esant riebiai galvos odai. \u2022 Plaukus daro glotnesnius, \u017evilgan\u010dius, stipresnius, i\u0161puosel\u0117tus ir suteikia sveik\u0105 i\u0161vaizd\u0105. \u2022 Suteikia plaukams \u0161velnumo ir \u0161ilkingumo, apimties ir matomo tankumo. NAUDOJIMAS: Tepkite ant dr\u0117gn\u0173 plauk\u0173, masa\u017euokite, [&#8230;]\n","protected":false},"featured_media":97730,"template":"","meta":[],"product_cat":[1251],"product_tag":[],"class_list":{"0":"post-63227","1":"product","2":"type-product","3":"status-publish","4":"has-post-thumbnail","6":"product_brand-pharma-group_ua-lt","7":"product_cat-sampunai","9":"first","10":"instock","11":"taxable","12":"shipping-taxable","13":"product-type-simple"},"_links":{"self":[{"href":"https:\/\/e.kosmolat.eu\/lt\/wp-json\/wp\/v2\/product\/63227","targetHints":{"allow":["GET"]}}],"collection":[{"href":"https:\/\/e.kosmolat.eu\/lt\/wp-json\/wp\/v2\/product"}],"about":[{"href":"https:\/\/e.kosmolat.eu\/lt\/wp-json\/wp\/v2\/types\/product"}],"wp:featuredmedia":[{"embeddable":true,"href":"https:\/\/e.kosmolat.eu\/lt\/wp-json\/wp\/v2\/media\/97730"}],"wp:attachment":[{"href":"https:\/\/e.kosmolat.eu\/lt\/wp-json\/wp\/v2\/media?parent=63227"}],"wp:term":[{"taxonomy":"product_cat","embeddable":true,"href":"https:\/\/e.kosmolat.eu\/lt\/wp-json\/wp\/v2\/product_cat?post=63227"},{"taxonomy":"product_tag","embeddable":true,"href":"https:\/\/e.kosmolat.eu\/lt\/wp-json\/wp\/v2\/product_tag?post=63227"}],"curies":[{"name":"wp","href":"https:\/\/api.w.org\/{rel}","templated":true}]}}