{"id":63219,"date":"2025-03-04T14:06:42","date_gmt":"2025-03-04T14:06:42","guid":{"rendered":"https:\/\/e.kosmolat.eu\/?post_type=product&#038;p=63219"},"modified":"2026-04-23T09:32:54","modified_gmt":"2026-04-23T09:32:54","slug":"ip-pe-liftinga-sejas-serums-ar-5-biosah-skid-un-peptidiem-30-ml","status":"publish","type":"product","link":"https:\/\/e.kosmolat.eu\/lt\/produktas\/ip-pe-liftinga-sejas-serums-ar-5-biosah-skid-un-peptidiem-30-ml\/","title":{"rendered":"INOPHARM PURE ELEMENTS Stangrinantis serumas veidui su biosacharid\u0173 tirpalu 5% ir peptidais, 30 ml"},"content":{"rendered":"<p>Multipeptidinis veido serumas specialiai skirtas smulkioms linijoms ir rauk\u0161l\u0117ms. Jis sul\u0117tina nauj\u0173 atsiradim\u0105 ir padeda koreguoti sen\u0117jimo po\u017eymius srityse, kurios jautriausios veido judesiams. Padeda dr\u0117kinti ir suvienodinti odos atspalv\u012f.<\/p>\n<p>Naudojimas: Ryte ir vakare kelis la\u0161us serumo u\u017etepkite ant \u0161varios veido odos lengvais masa\u017eo judesiais. Tinka aki\u0173 kont\u016brui.<\/p>\n","protected":false},"excerpt":{"rendered":"<p>Multipeptidinis veido serumas specialiai skirtas smulkioms linijoms ir rauk\u0161l\u0117ms. Jis sul\u0117tina nauj\u0173 atsiradim\u0105 ir padeda koreguoti sen\u0117jimo po\u017eymius srityse, kurios jautriausios veido judesiams. Padeda dr\u0117kinti ir suvienodinti odos atspalv\u012f. Naudojimas: Ryte ir vakare kelis la\u0161us serumo u\u017etepkite ant \u0161varios veido odos lengvais masa\u017eo judesiais. Tinka aki\u0173 kont\u016brui.<\/p>\n","protected":false},"featured_media":98912,"template":"","meta":[],"product_cat":[1327],"product_tag":[],"class_list":{"0":"post-63219","1":"product","2":"type-product","3":"status-publish","4":"has-post-thumbnail","6":"product_brand-rubella-bg-lt","7":"product_cat-serumai","9":"first","10":"instock","11":"taxable","12":"shipping-taxable","13":"product-type-simple"},"_links":{"self":[{"href":"https:\/\/e.kosmolat.eu\/lt\/wp-json\/wp\/v2\/product\/63219","targetHints":{"allow":["GET"]}}],"collection":[{"href":"https:\/\/e.kosmolat.eu\/lt\/wp-json\/wp\/v2\/product"}],"about":[{"href":"https:\/\/e.kosmolat.eu\/lt\/wp-json\/wp\/v2\/types\/product"}],"wp:featuredmedia":[{"embeddable":true,"href":"https:\/\/e.kosmolat.eu\/lt\/wp-json\/wp\/v2\/media\/98912"}],"wp:attachment":[{"href":"https:\/\/e.kosmolat.eu\/lt\/wp-json\/wp\/v2\/media?parent=63219"}],"wp:term":[{"taxonomy":"product_cat","embeddable":true,"href":"https:\/\/e.kosmolat.eu\/lt\/wp-json\/wp\/v2\/product_cat?post=63219"},{"taxonomy":"product_tag","embeddable":true,"href":"https:\/\/e.kosmolat.eu\/lt\/wp-json\/wp\/v2\/product_tag?post=63219"}],"curies":[{"name":"wp","href":"https:\/\/api.w.org\/{rel}","templated":true}]}}