{"id":63215,"date":"2025-03-04T13:34:57","date_gmt":"2025-03-04T13:34:57","guid":{"rendered":"https:\/\/e.kosmolat.eu\/?post_type=product&#038;p=63215"},"modified":"2026-04-21T11:38:31","modified_gmt":"2026-04-21T11:38:31","slug":"ip-renu-atjaun-matu-serums-ar-termoaizs-bojatiem-matiem-30-ml","status":"publish","type":"product","link":"https:\/\/e.kosmolat.eu\/lt\/produktas\/ip-renu-atjaun-matu-serums-ar-termoaizs-bojatiem-matiem-30-ml\/","title":{"rendered":"INOPHARM Renu Atstatomasis serumas su termine apsauga pa\u017eeistiems plaukams, 30 ml"},"content":{"rendered":"<p>Formul\u0117 intensyviai maitina plaukus ir padeda atkurti pa\u017eeistas vietas. Serumas apsaugo plaukus nuo terminio poveikio tiesinant lygintuvu ar d\u017eiovinant plauk\u0173 d\u017eiovintuvu. Ultravioletinis filtras apsaugo plaukus nuo \u017ealingo saul\u0117s spinduli\u0173 poveikio. Nor\u0117dami gauti optimal\u0173 rezultat\u0105, naudokite kartu su kitais InoPharm Renu serijos produktais.<\/p>\n<p>Atsargumo priemon\u0117s: Tik i\u0161oriniam naudojimui. Vengti patekimo \u012f akis. Patekus \u012f akis, kruop\u0161\u010diai nuplaukite vandeniu.<\/p>\n<p>Naudojimas: Kaip atstatomasis serumas: tolygiai paskirstykite ant i\u0161plaut\u0173 ir rank\u0161luos\u010diu nusausint\u0173 plauk\u0173.<br \/>\n\u0160ilumin\u0117 apsauga: u\u017etepkite nedidel\u012f kiek\u012f prie\u0161 naudodami lygintuv\u0105, plauk\u0173 d\u017eiovintuv\u0105 arba prie\u0161 tiesiogin\u012f saul\u0117s spinduli\u0173 poveik\u012f. NEREIKALINGAS SKALAVIMAS.<\/p>\n","protected":false},"excerpt":{"rendered":"<p>Formul\u0117 intensyviai maitina plaukus ir padeda atkurti pa\u017eeistas vietas. Serumas apsaugo plaukus nuo terminio poveikio tiesinant lygintuvu ar d\u017eiovinant plauk\u0173 d\u017eiovintuvu. Ultravioletinis filtras apsaugo plaukus nuo \u017ealingo saul\u0117s spinduli\u0173 poveikio. Nor\u0117dami gauti optimal\u0173 rezultat\u0105, naudokite kartu su kitais InoPharm Renu serijos produktais. Atsargumo priemon\u0117s: Tik i\u0161oriniam naudojimui. Vengti patekimo \u012f akis. Patekus \u012f akis, kruop\u0161\u010diai [&#8230;]\n","protected":false},"featured_media":102319,"template":"","meta":[],"product_cat":[2181],"product_tag":[],"class_list":{"0":"post-63215","1":"product","2":"type-product","3":"status-publish","4":"has-post-thumbnail","6":"product_brand-rubella-bg-lt","7":"product_cat-bez-kategorijas-lt","9":"first","10":"outofstock","11":"taxable","12":"shipping-taxable","13":"product-type-simple"},"_links":{"self":[{"href":"https:\/\/e.kosmolat.eu\/lt\/wp-json\/wp\/v2\/product\/63215","targetHints":{"allow":["GET"]}}],"collection":[{"href":"https:\/\/e.kosmolat.eu\/lt\/wp-json\/wp\/v2\/product"}],"about":[{"href":"https:\/\/e.kosmolat.eu\/lt\/wp-json\/wp\/v2\/types\/product"}],"wp:featuredmedia":[{"embeddable":true,"href":"https:\/\/e.kosmolat.eu\/lt\/wp-json\/wp\/v2\/media\/102319"}],"wp:attachment":[{"href":"https:\/\/e.kosmolat.eu\/lt\/wp-json\/wp\/v2\/media?parent=63215"}],"wp:term":[{"taxonomy":"product_cat","embeddable":true,"href":"https:\/\/e.kosmolat.eu\/lt\/wp-json\/wp\/v2\/product_cat?post=63215"},{"taxonomy":"product_tag","embeddable":true,"href":"https:\/\/e.kosmolat.eu\/lt\/wp-json\/wp\/v2\/product_tag?post=63215"}],"curies":[{"name":"wp","href":"https:\/\/api.w.org\/{rel}","templated":true}]}}