{"id":63177,"date":"2025-03-04T05:06:21","date_gmt":"2025-03-04T05:06:21","guid":{"rendered":"https:\/\/e.kosmolat.eu\/product\/lollis-glitter-nagu-laka-tonis-154-12-ml\/"},"modified":"2025-09-20T05:31:51","modified_gmt":"2025-09-20T05:31:51","slug":"lollis-glitter-nagu-laka-tonis-154-12-ml","status":"publish","type":"product","link":"https:\/\/e.kosmolat.eu\/lt\/produktas\/lollis-glitter-nagu-laka-tonis-154-12-ml\/","title":{"rendered":"LOLLIS Glitter Nag\u0173 lakas, tonas 154, 12 ml"},"content":{"rendered":"<p>\u012esp\u0117jimas: Degus skystis. Laikyti vaikams nepasiekiamoje vietoje. Saugoti nuo saul\u0117s spinduli\u0173.<\/p>\n","protected":false},"excerpt":{"rendered":"<p>\u012esp\u0117jimas: Degus skystis. Laikyti vaikams nepasiekiamoje vietoje. Saugoti nuo saul\u0117s spinduli\u0173.<\/p>\n","protected":false},"featured_media":92966,"template":"","meta":[],"product_cat":[1517],"product_tag":[],"class_list":{"0":"post-63177","1":"product","2":"type-product","3":"status-publish","4":"has-post-thumbnail","6":"product_brand-lollis_tr-merker-lt","7":"product_cat-nagu-lakai","9":"first","10":"instock","11":"taxable","12":"shipping-taxable","13":"product-type-simple"},"_links":{"self":[{"href":"https:\/\/e.kosmolat.eu\/lt\/wp-json\/wp\/v2\/product\/63177","targetHints":{"allow":["GET"]}}],"collection":[{"href":"https:\/\/e.kosmolat.eu\/lt\/wp-json\/wp\/v2\/product"}],"about":[{"href":"https:\/\/e.kosmolat.eu\/lt\/wp-json\/wp\/v2\/types\/product"}],"wp:featuredmedia":[{"embeddable":true,"href":"https:\/\/e.kosmolat.eu\/lt\/wp-json\/wp\/v2\/media\/92966"}],"wp:attachment":[{"href":"https:\/\/e.kosmolat.eu\/lt\/wp-json\/wp\/v2\/media?parent=63177"}],"wp:term":[{"taxonomy":"product_cat","embeddable":true,"href":"https:\/\/e.kosmolat.eu\/lt\/wp-json\/wp\/v2\/product_cat?post=63177"},{"taxonomy":"product_tag","embeddable":true,"href":"https:\/\/e.kosmolat.eu\/lt\/wp-json\/wp\/v2\/product_tag?post=63177"}],"curies":[{"name":"wp","href":"https:\/\/api.w.org\/{rel}","templated":true}]}}