{"id":63153,"date":"2025-03-04T05:05:36","date_gmt":"2025-03-04T05:05:36","guid":{"rendered":"https:\/\/e.kosmolat.eu\/product\/lollis-glitter-nagu-laka-tonis-151-12-ml\/"},"modified":"2025-09-20T05:31:10","modified_gmt":"2025-09-20T05:31:10","slug":"lollis-glitter-nagu-laka-tonis-151-12-ml","status":"publish","type":"product","link":"https:\/\/e.kosmolat.eu\/lt\/produktas\/lollis-glitter-nagu-laka-tonis-151-12-ml\/","title":{"rendered":"LOLLIS Glitter Nag\u0173 lakas, tonas 151, 12 ml"},"content":{"rendered":"<p>\u012esp\u0117jimas: Degus skystis. Laikyti vaikams nepasiekiamoje vietoje. Saugoti nuo saul\u0117s spinduli\u0173.<\/p>\n","protected":false},"excerpt":{"rendered":"<p>\u012esp\u0117jimas: Degus skystis. Laikyti vaikams nepasiekiamoje vietoje. Saugoti nuo saul\u0117s spinduli\u0173.<\/p>\n","protected":false},"featured_media":92954,"template":"","meta":[],"product_cat":[1517],"product_tag":[],"class_list":{"0":"post-63153","1":"product","2":"type-product","3":"status-publish","4":"has-post-thumbnail","6":"product_brand-lollis_tr-merker-lt","7":"product_cat-nagu-lakai","9":"first","10":"outofstock","11":"taxable","12":"shipping-taxable","13":"product-type-simple"},"_links":{"self":[{"href":"https:\/\/e.kosmolat.eu\/lt\/wp-json\/wp\/v2\/product\/63153","targetHints":{"allow":["GET"]}}],"collection":[{"href":"https:\/\/e.kosmolat.eu\/lt\/wp-json\/wp\/v2\/product"}],"about":[{"href":"https:\/\/e.kosmolat.eu\/lt\/wp-json\/wp\/v2\/types\/product"}],"wp:featuredmedia":[{"embeddable":true,"href":"https:\/\/e.kosmolat.eu\/lt\/wp-json\/wp\/v2\/media\/92954"}],"wp:attachment":[{"href":"https:\/\/e.kosmolat.eu\/lt\/wp-json\/wp\/v2\/media?parent=63153"}],"wp:term":[{"taxonomy":"product_cat","embeddable":true,"href":"https:\/\/e.kosmolat.eu\/lt\/wp-json\/wp\/v2\/product_cat?post=63153"},{"taxonomy":"product_tag","embeddable":true,"href":"https:\/\/e.kosmolat.eu\/lt\/wp-json\/wp\/v2\/product_tag?post=63153"}],"curies":[{"name":"wp","href":"https:\/\/api.w.org\/{rel}","templated":true}]}}