{"id":62904,"date":"2025-02-26T13:36:34","date_gmt":"2025-02-26T13:36:34","guid":{"rendered":"https:\/\/e.kosmolat.eu\/product\/garden-dispenser-air-freshener-summer-breeze-260ml-iml\/"},"modified":"2026-04-23T13:13:18","modified_gmt":"2026-04-23T13:13:18","slug":"garden-collect-gaisa-atsvaidz-summer-breeze-260-ml","status":"publish","type":"product","link":"https:\/\/e.kosmolat.eu\/lt\/produktas\/garden-collect-gaisa-atsvaidz-summer-breeze-260-ml\/","title":{"rendered":"GARDEN COLLECTION Oro gaiviklis Summer Breeze, 260 ml"},"content":{"rendered":"<p>GARDEN yra oro gaiviklis, kuriam neatsispirsite d\u0117l plataus kvap\u0173 asortimento ir ilgalaikio poveikio. Tai pakeis j\u016bs\u0173 nam\u0173, biuro ar automobilio atmosfer\u0105. Gaiviklis tinkamas naudoti tiek rankiniu b\u016bdu, tiek automatiniame purk&scaron;tuve.<\/p>\n<p><strong>Naudojimo instrukcijos:<\/strong> Prie&scaron; naudojim\u0105 skardin\u0119 gerai suplakite. Pur&scaron;kite 5-10 sekund\u017ei\u0173, laikydami pe\u010di\u0173 lygyje.<\/p>\n<p><strong>Atsargumo priemon\u0117s:<\/strong> Tik i&scaron;oriniam naudojimui. Vengti patekimo \u012f akis. Patekus, nedelsiant nuplaukite dideliu kiekiu vandens ir kreipkit\u0117s \u012f gydytoj\u0105. Ne\u012fkv\u0117pti aerozoli\u0173.<\/p>\n<p><strong>Sud\u0117tis:<\/strong> 15 % arba daugiau, bet ma\u017eiau kaip 30 % alifatini\u0173 angliavandenili\u0173 (propanas, butanas, izobutanas). Kvapai\/ Benzyl Alcohol, Benzyl Benzoate, Benzyl Salicylate, Coumarin, Limonene.<\/p>\n<p>&nbsp;<\/p>\n<p><img decoding=\"async\" alt=\"\" src=\"data:image\/png;base64,iVBORw0KGgoAAAANSUhEUgAAAD4AAAA+CAYAAAEExpjSAAAAAXNSR0IArs4c6QAAAARnQU1BAACxjwv8YQUAAAAJcEhZcwAAFxEAABcRAcom8z8AAA4LSURBVFhHvVl5bFRVFx+UGlwQ0rgESAFFEc0nfILaskYRKf5NIBhDNCLRhM0QYrQRxA2iBGj4ZKmllG6UEhIWGw2BkKqJJQokRtFAAolgjEBhBqW8KbS93\/n93r133rx5M\/NmaPklL2+775579nPPiyg\/Ojv1hYukAdGJo92L69fds8AOiE4cw3NNTQ3P6sYNnjjAvDx27JiKRCKJQR0dMsAzXZ8+fXgeOXIkz7HpEzQJzyCD6LRinhOLvJEYFJtWoq98XGBh0dIJ+sZF8oAAJA8QIUUnaFloJAZ4JBid8KS+MgO63JeQAQ7ASDUSnTKWF++884565plnVEVFBe8Bp6bSncGMrqqqUhs2bOC1U1vFs12DVZQgXl+tr7yLFEQnjVGO5yWQNMAPzBqd\/JTVbBACJwAlw7kB5edRl0HyEmE2Hnl2yjXEtnr1av1Ej+mI6zs9gf\/DDtiZlvnFixd5vuOOO\/RbFxQa7REQc\/NKEbjtttvUV199xevy8nJVUFDAayD2QrFy6rbxOlkGwqOZaN26dTzWrl3Lc3V1tdhwiajI\/dAgUIhcEQSpERPjNxT9CJ7AQNTn7ND+lwYZJ3CqNumrYKT9GMuNvjje+m0QAj\/mh9qfnQYRmkg7CCkfOzVb7YdXr17lOd5UFzhB0sdOdQWXavD888\/rK5lgZ+oE9mOneotQTHwIS3vooYcY+f79918+80\/Aj0lRop3Bu+++a022uLhYHTp0SL\/RLEx1J4g42ysYJg1uiH5bWlr44ejRo+0kXpgVRCAcp84NHwYYXFRUpI4fP64GDBjA+40bN+q3SnV3SgAVB+OUNHyP\/d59993qyJEjvI7FYqqwsJDXQDfips4Edj0xEZZTn1jBTz\/9pNra2lR9fb1+kqBokMRM7MUJEgG30jWNh5mDkdrnxsmSEEB4Tm2lvtPweZtByscAJojLCggGjtQPgcCPAbIgavQv1Yu0HwOYIBMyfpwJ9DyRA7TU7YmyuSBn4oiHhig06DTg\/r+0tVwXEZq4s71SE5VwEVBsxBtr+B5u0x0Pt4isxJHWwRljlCdfAa+\/\/rq+SoB+i0VgfBZJpCXucirihNF4UnB3d7dqbm7m9dSpU5nvAMdxeDbgIsTEGcLSSCKFOOMiiYoh+fL+33\/\/zTMCzTfffGMjVllZmXruuedUa2sr33vhLmI006CsUD91YYkzpmqifvEaIJODGLjFeejQoWrQoEF2EZWVUnnJOQhGErAZYxORa5vKEzoVkabDww8\/zFjdr18\/lr0g0tTUxHdmMThWrVqlzp07x+dBcBplEVKWxV4o0ZxLEYOQBEPxx3aD06dPWwI4gPb2dp6BOXPm2He\/\/fabfuqBqBBSBfcIvkCyjK5LyBYJQBLe\/GDw559\/MrkgQ\/mxcOFCEv7111\/1Ew3UUiAawFiwgrBKvYi454OdO3eqlStXqg8++EB9\/PHHvP7www\/VJ598oj766CNeb968mWNhrC4j4DRYmsHEDUTHcDV3Ap0lsgF5S6Ifxeur0f3ITFwDXPj1lQKJemZMPE1l6Uco4gbdkAS4giQk8hEkKuINwakfORE36O7qctUhuy0EkGylcDrkRZyQmOBUJsqpfJAf5xA1xS8uacSfB3InjvINhCVK0X+hayl38kFuBmcsGhyjwoPuERkny70kpFwRnrixdFq1x5VkF4win89zXEAo4shCluOAsEt3mz7Rfb8t\/AKyEzcRS\/b1fsJm30OICqJYACUQzgYyE5cyKCqpj0HFR\/i6cPvee+\/pOw0xRjc7igRCGGF64qJjJgYEEdmU+oE+gymhkkAJGBvIvIBg4qJjm5GkNPbi6NGj8jquLly4wBS6bZv7HrWdhaiKNpBlAanEr3dojiVBBIRNpNWZM2eqU6dOkfiQIUP4\/JVXXuHZAhIoneRKbpubZv1IJg6rlkKPK\/aJGjrukgkXLFjAggK53FQueN6\/f3890gNIoFRLoCp1AQni4FjKXHLcWKsfJuORRx5Rb731liWK4\/bbb1ePPfYYF4Qa76+\/\/tKjNSgBWQC8xScBEsc2h5ULVrhjO18EAcTuv\/9+S3jevHn2esqUKeqJJ55QDQ0NerQHRgK+OBBxOdY6li1PEEw1+sADD1hiOFDTjR07NunZvn37ODYFIgFrhHoBEWzwkJedhvQcHz58WK1fv54tZEPE6Liurs4+M51k2Ec6mGR07Yu1KuLUfMkbiAUNh3QwBHBs2rRJ3XfffXy+e\/du9fbbb6t7772XHZ8777yTz4OAhgezoagYIZk6RwsBPs1tb5pVP\/7445b4ihUraFwAfB4w74YPH857P5w6lwYJS00IWGtHTU0JiP7Rq\/Fj\/\/79nPzll19WW7ZsUdeuXdNvFHvRn3\/+Od\/v2rVLP03Azg3m9KKBJD\/nIKxO9OLdmRosXbqUBE6cOKGfuEBrD8+nTZumnySAnADCRtReJBEHUOC7g2WTH2ADMCZwjjCLkArCixYtUj\/\/\/LMekQB1zB1qsDpTiANcgNaP2SZDt++\/\/75avnw5dys4sHPBLuXTTz+lHeDdpUuX3PGUoux6PTr2I5A4wN4LJIA2h3wMjj\/77DN209C3Nr1r77FmzRp1VTad2FhQx77Ggh9piQPYBLgqSO8FfpAwPIeE07sukJE4gB8mrhumGowfKCqpY8nnmTg2yEocwN7LFWN6CRhDxRh\/OyUdQhEH2GLH5Oit+BZggxRdNLOovQhNHDA+i42hWYDbKjMchycM5EQcsEYoemVekDxNHYc0SC9yJg4g58OwkA3JsaTLfJAXcQDb4jDulAl5E88boh7YDiSG+OFs\/zIvld0sbh3jkqPIsMQq2iuaGjgQ\/iWCc4MjFd2tQu8zTg1L7IOGwTByJZxUch6jhq7q+RwWgD5Hnv8tckGvMd4t2kN6Y8tKM4awCGaTTFv81JF6nVtbjMMBC6jeIpuJ3rOAnmccGpa0SkYk7DK9SkHKn+SZgpEUrHGJmvR9RE5xAWxkuLnoBQvoMcaRzBCooi88azUHJqjhXKKvCABpI1bauxZw04yjXmHhJP5JLSG5SgDjzj7Dxmvv3r38yZsWnV3K2VkrsQEC8FhAdUWPCCB\/xlEbSyCiaSIwQTMIWqLhbMXb5cuXuZEfP368On\/+vH6aBmItcQiAvRWhgVghNdzNZoHcGdcaZlqCFqANmLRoONPW2ou2tjY1ffp07usmT56c2kIJAmJAY60bLBE7KACxAAggDwsIz7gEGPhZbGqxZtjVcBwMZ9Hwjh072MJpbGzkvb+Lgo5ah178wYMH1ffff8\/rQEAA+Cmpu2tYC+sA9JpzCILZGUdaAsNoFdGkhRiiNFpG4odhgL9tYHDMmDE085aWFnXXXXdZxtFE27jR\/VGyePFiNWzYMLYWM0JoQwBuGpQ1IbZAAOjyhbCA9IxTwxWMqNQw8\/B4zXDwr2UD7KHRG0EjDl2DV1991TI5adIk9eijj9p7c0A4X3\/9tbrnnnsoFPwXB5IauUFADGgSAcwwMQBBUAvA95\/ci1TGZdFx8ZuED4NhMWkwnMNuBM0BMAQzfu211+yvbnP07ds36Xe390AD+ZdffmHkHzVqlGptbdWzZoCsDTHAzQJP0goQBOOsA1ItIME4orQwbDUMhuHD6HR7K62QqK6uJnNBjOGAOf\/4449s4XifQ0BDhw5NauuiuxYasIBdDVIHJLKALYR0mxCI0KQtwzJo8lM0Gza6c9AwTBKmjVYQOu7\/\/POPmjFjRhJT3uPNN9+0Zrxs2bLAMTjQ6zxz5gzHYd7Q6JIg2FSvYi9NcZusyARwAQrAURHnyy\/cFAEtY7ekq62gnmc2XLlyRZWUlNBPZ82apd544w12\/cEAnqEBj+uioiL1+++\/66+Uam5utmb\/9NNPs1uM6+LiYvp9eXm5qq2tze7vPnQL89wIodbw7gQr\/qdNHVtGFCNmywgzR47EH\/+QudkAfllQUMCFe48HH3yQpo226JIlS9QPP\/ygv1Dq22+\/VZs3u788qqqqUr7HfVADOS1QPsvuz\/JDcxeGZdNk+EkKbvi1gi4WU4TxcwhAtpVhG0vofM+dO9cuGn4+btw4+jT+ihw4cECPTMXWrVvVwIEDObawsNDOga66aednAkpZMsxqUtYPDcOChSf88PYiOJ1BYugfQmLcYbmpDE2vbKkMaG9vV\/Pnz7cLHzx4sPruu+\/4rlO+D\/JVPIcpO5KCZs+encQ0mugZId9ibWQYGsaaoTDhAbwEIZhxA24xtcl4LUCkGqaZiny+Z88e\/tfE3x\/U53AF\/PH1++vJkyc5DsyOGDFClZWVqbNnz+q3weAGyWvSVJBmOEsmysy4ASSKRi4JuFUSJSouEMYCvIC2UZ56tQ4hQKvQehBSgho1rC2SDGM9YpGMSeHWE45xA1iASJhR0mcBXgkjlZWWllpzvZkD\/n72jz\/ciTV9q2GsAS7oox8GuTFuIFLF5gSbFEqbEoeJSdQMGQRzAnwfaclqWA69QcrV4gzyY9xApIw\/PW4WgAbkoAAq5V3+e2UL9u3Q5BCG9fysJhFkc9SwHzfHuAGqJNGIjarGAmCC+VgAsgpcihqGRblZhX07odUT6BnGNZAr8avNVoLIowg6sIAQW0XuF1BHmDYWNIwNkmjYn4dvFj3KuAWiLgQABrTGXBdIEwOgYZs1YDGuSbNRmacPZ0PvMK6B3nq8YbswYX4aeCwA6UyOYA2jb9cLQdKDXmXcAhYgEZguAAvAbmnqszpoCcPj\/0MfdjuzvaNhP24N4xpoRrJn7o0Bco1nYRuVPYVbyrgXMHG0tmTvqJ\/cSij1fz8Grtdd8Jr3AAAAAElFTkSuQmCC\" \/><strong>GHS02 Pavojinga<\/strong><\/p>\n<p><strong>H222 <\/strong>Ypa\u010d degus aerozolis.<\/p>\n<p><strong>H229 <\/strong>Sl\u0117gin\u0117 talpykla. Kaitinama gali sprogti.<\/p>\n<p><img decoding=\"async\" alt=\"\" src=\"data:image\/png;base64,iVBORw0KGgoAAAANSUhEUgAAAEEAAABDCAYAAAG0OFjYAAAAAXNSR0IArs4c6QAAAARnQU1BAACxjwv8YQUAAAAJcEhZcwAAFxEAABcRAcom8z8AABWTSURBVGhDxVsHfFVF1o9IqCIE0kMCCQFC6L0IqDRBYUEFFUGKqAu4rIplQUQ\/CyiKKMgPsLOf64KIHT97BZS+gOS1vPTee3\/v\/fecc+99Le8lLwH5\/vBy752Ze+bMmTNnzpmZ6wc31GUkq3cOuBQyDesDW2U5YLGqKQrshcxTRsFms8FgNKC+qAA2NZ0hhVIX3GBPDOvVU651yQa5Mvxyn3tcvVXQvktn9Q4o2vOKXIVS+n2L5IHRLShQrlV\/nJYrw85Typwp9irr0lPUOwUurTNPGoaG3Bz1yQGXQoz6nCz1zgGXQq7SUWAvwLxkrlwK\/UCl+RqkAGem3DwdVivTsEEfF87JAj\/OTJw+Rh76xw9AQ0OD3Ov7BsvVz9DfUfro77+pd0SH3kzo4a9QMI0bKIk6vU6uDEO\/ELkqPFDxxKmj5cpw4UG9wkqZGSsWQN8vVE1R4CIH5X1XuBRwh3FQTxgG9YatulpN8YxGRJgd87gBSF92q9Jc+m8pKoIhPhI2iyImd7i0xTx1DJLnXGdvdOeAboiMicap04pK1WWlQ+8kXg1+\/HLqknkwTxyqJjnw8GOPoEe4q4AYVedPQx+jdBrDz0bdnfXAPTAOj20kNIvVgjsXOZSdYaN\/FYd\/pH5zEHdpTsqCmTBNGqymAOs3boB\/+\/Zyzy\/XJJz33Bz1agerYdKU0Ui9\/UYlgVCXmQZdXIT61BhNd\/GYAdTFUUTZoqZ4hlci3ENlPx1C0697JWBDXVoKjMOikTx9nOiJNzQiwDXX5WXDyCOX7hOvH4mUuVNE4J7QiIAlL1dGk01tO7+WeM0gpN4xx654zrAT4C6zlBTT+CB1FtNA5spsRl19vbxoHNUXmWuWN2qNnYC1vIzGQk\/Y6mrl+cKFC4jqE40rO7aTZ4aBZJL10H0unAgBa20N9APo5XrlZQ0R0b0wZNQI+wv81zikF\/KcbLgf97O+fyhNB\/lqkgNXB3bH8ntWNGq7IT4CBa9tkXQ\/fXR3VNOA8YS27fzx65HD6pMrjMNiUHnsV6UJ+jjiIDtduk0DU1+yZAkslsaqpO8bhOL9e6VNfvzHRlOefkA4GkqL1SIKgiPCcPLkSfVJkYEuLgwFu15SHgiObqTu4l6wEBGtzVf6t8UDj6yVe4aufwjynt+oPilwEKCXrLW1xEkErFWVaqoCJmcg+5mz\/kE7cQ12Ahqs1VWKJhIxBhdPHBePrFVLScEkyQWNCHANDeWlMPQPg63BgsSJg5F2922NatbQiICGhvwcGIdGI2X+LK8vM7wS4JeqTv2uCdsrvBLwBibMRGtSEkmDw8hejBfh83BvitOm0CImuIq6jDQYSDyGfsHIfeJhpC6cTR0XgZRZk2VctoaNZpnQWl6fnYnEMXEwDIykyf52MT1aHuuweeIQ6GmGTbv9JuK0jvLkZSbRLJpkgjXQUlIE0\/h4qqAn0u6cq1TsTlxjhmyjaWx\/GVw8GdOY9mqVneGRCX7NWlGGpBnjpOUpN08jFW+wV15VVYXRY8bAr11bXEG\/uEEDUVpaKnnMTn1+Nkw0kbPVy3rwXklvCi5MSOU1NTSvTKWxFU5MTJB+ljynFlWThxQe1VNscFivSIT3ikJGRoaa6yhbn5oM\/eBeZNBCkfM\/j0mah\/GtMCEiJm8pbdE8GMjgs09jqSoXprzh+hnTEBwZgeCe4bjhxllqamMwjWrdOaIbAUNsMPK2PqtkOMHPUlmJNHLs9QPCYL5+FBoK8+XF5rpy\/\/79aH9VR3QJDMD2HTvUVM\/QaFUdPwLTyFjo+gSi8I1XqOHKNECSsCFr40My5o0U8dSmJqlMNM0Fz6kdu3WFn58fcnNz1VTP0GiVfvmRzHb62CCU\/d\/HksaQ7rCqljj9r3dBRxIxjegHS0HThBnsFdTW1qlP3lFJVjMhpgd1RwiK9u6WNOcmuikm64YF6Uvnw0i6wWGEtYJ0QxGNUkjFTXPnoHtoMAIjQjF7zmw1VYHoGF1rEs4SnXAJIAq2v2DPc4cLExqsVM5WX0ejZDqMNOaTp42FtbRMzVUIcXT08raX8cKLLzYiXGc2iRfHQzT3mXVqqnd4ZEJAdGU+IOuXfONk6stwpNxC8RvPq26NYR44qYGCUNNoxVhl\/u1uNc+tsAd4Z8IZRMhC3WKePJTmiTCkLZ5HxqteyaJfQ3YGEsfGkdhDJAqVdKm8eQYYvjGhgiVjKS5E4oSB0NGYz12\/BsnzpsEgjN0sVfrScne0iAkFSiX1eVli0lPnkkknx7Q1lWtoBROXHq1ighcXrLXVKP7gHeXZx773hBYzoIk8c90a6CK6oOTgv+XZl+naE1rGgFpJ7sa1NAKCKFqJhj46iJj4l6S3Bj4zwHVz9dlPPUr2Plj87cI9r8hCkKEPMfHJAaVgC+ETA9pckrNpoww\/E\/kEVceVJaLiva8jgSyhYUAoyr\/8tMXa0DwDbK8J+VueVuZ\/ijyqjrmGbcVv7oQ+JpCGZwTKv\/pMSfRRJ3ySQMErz4sXre8bgsrjnmPGwjd2ij9g7BeGyp++U1Obh1cGNK0u2PmSmFwdxaFVR36WNHfYy5JOsLXkuaTi8A+S1hw8MqANtaK3d4lHZYgNRPkPX7n0b1lZmcSvJSUl8mxT9SR\/+2ZhwjgkElVntfjWe3d4lUDx++\/IHG+ICUL5d4fUVAX79u9Dmyvb4MqOHXBFmyuw543X1RwF+Vufhi6aHJRBUai58B811TM8MlDy3lvQUeX6PsEo\/fpTNdWBpcuX4eqgHuhJXnQoedHTbpih5hDUxuZs2iDD1TC4N2oM573KwM6A5l6XfnpAXHg9taDs84OS5j7hvLpjuyxxh\/WORLfgHnhs\/Xo1R4EWi+c8+ag0hFfg68gf9QQXCZR9\/ZkE+LqY7mRYFBPrCZ8fOoQrO7QjCfRGuy6dcPAjhVFnMNPMds76vxET7If2QX1WmpLpBGGAC1b8\/J2Mcx1ZtaK9ezjZKw4fOYoOV18lgYyffxsk6BLUHM\/I+PsKUmQy3WMGSKTlLE9hoOLIjzLUDH2DUfD6q5LRlCFJTUlBKAUw4b2j0LHrVUhPd0RR7tDIZK1ZIXWYxsbDUphnT\/erPPEbdFSxkcwrj2OGavy8gh3VuIHxCI2KQL9BA2RINgXpDpuF3Le7ZB2Tg+SGvGzJ8zON7AfDyL5IW+jqdjeHcePGy1rWlJkzSKTNcEzgFttqqpA4fjCNjF7kUU2RdL+atCQYhkSR9YpEzgZlXctd6z3hlgXz0SmgKxYudl3q9gQeFNa6WvIlp0jlKTdNhpXCAYbscVSfP0NdECV9lLflSclozsH45fBhjBo5Et\/\/2LTJFfFzkLx4riwrJs8YD2slB0IKfVFC5rD69DHoB0XSrBaE\/Fc2cXKzKG2m7zWkLbtVHBfzlNGwlLkuSSrDUOWm8sRhEZEuujvyd2+XNG9Yff9q+HXwx9K7l6sbUG4gTWaq6aspHqVZ1DxxsMdlXYch0pigWcwYT91B83vR2zslzV0neBJiA9QzprdE0ImJZjVHgebAZD5AQ48Mm\/mawWjIdR3\/GhwMOKH8688lIuLdssJ3d0mas6ZnZWUhIDgQV3W9Gp3JIOU4hfAas1lkfHgy43HPFtBT5QyPDDDKv\/pcNm10JIkSmhkFTlROnjqJh9auxdk\/zqkpDLXy9Q+QBHvASMO7Lq3xVq0zPDKgtaLss4MiwgSeG\/bttdfv3iUMbbch58mHFX9geCxqjY6dQ2\/wKgGtkpKP94sk2DEpPfSRpLlDG7J5mx4nn5G85KG9UX3utFexO8MrAwyNQMm+d8k3CBS9KP\/2cyXRTQp5Lz1NfU56QxNazbkzPlXOaJIBgVpR0Tu7qQLyfMkFr\/jlW0nTULD1GelzXo2rOXtKTfWNheYZIGj9W\/jGDlkNMZLTWXn4R0kr2EEeM41zXXwEecxHJa0l8IkBhmZrinZtFfdbIqNtz5H1pHmEXPZKihV8FbszfGZAoNbAplpPjouBXC32+yp+\/kbJaAVaxgBBGx25W56CLrgjSr\/\/Up49DU1f0GIGGDzsrPX1KPv2CyWhdXULWsXApcRlY4DnEk1QNbrzyFi1WM7DFP9zj6y2CLjARUiztfjThWBzcnLrks3IeWIt9BTJs+HkmIWNbPKMa1Dy4fuw1ijCEFm0Uq9bgz9FCMw\/eyZaM2ozUpH1zDrxPg3RARQrxSJp0lCYJw+DaXSc+GKcnjJzAkoP7rPv4l4uYVx6ITgxXZebhbzNT5CTEC3LLEZe6yEbnr56mbjk1soKlBz4XyRNGyOBpI5mNXanUuZNQ9mXH4tPfzlwyYTAPca7RiwCDsHyX3oWxhF9ZTuHl\/c5DOQwrVpmT9fetZaVoujd3TBfP4ImOYpXyRFi3zTltlko\/+Fr2WwRrVCKX3JctBA4RNA6vyEnCwXU+MRR\/agRFJ0PjJSNmYy756Py6E9U2HHixf7XSXMsRQUo2rMD5kmqMHhNlDQobf4MVHxzSPZfGTQxXdJh0mohOPPQkJ9LvtIWmCgk0ZO7wj1p7Bsqu9YVv\/9CTKuF+SUvzHOjVC8IDcWFyN\/1MhInDJK9OfY82QHkw23sIPLOF4MpXQphtFwI3A71lrfei96knrtumDTeSK60kXowZeEclLMjqS1htQDcKK1hLIy8VzfDNKY\/2Yxg2ZXlFfP0lYtRdYKGFZeVkhcHn4Xg3FPc+EJy381Tx0oMYaAglzc1U2+7EWWstuqesjuDBQUF2Ld\/P1auXoU5c+di6swZmDNvDpZT5L1r926XNSjnHq4vykMe+aemsQNkcY0FzYdneFGs8swxEQZDEUnLxdKsEKRn1HtLUSGK33sTybMnKcaL1VSs+VSUkjW3qGrqCUlJSVi5aiXad+yANu3aokdYCLqHhiAgJBgdu3bBFe3b4pbbFyBB5xpqSrNUBvhIZt4LT1I8HEuhKcVPHJgPi0XWI\/ej6hzFSqrmOWuTL\/BJE2yVlSg78C+k3jRZrDavh\/DyRvKsySj97EPyn9WprInK09PT8eg\/HkNQeCg6B3RFRO8oOcvBP9465+Nxi+66Czo3IXhCbVqynO8wDu9DwggSfoxDY8gRexC1ScoBa40LX0TRSAj8khaP22pqUPbFQSTPv0F6nU+S6qIDkTTzGpR++oGbgZLbJvHv\/fvQO7YP\/Du2l\/UfEURUpAglNj4O21\/bgVJ1g8IdWu86C7k2xYysDQ\/CQAJgP0RPRtQ4sj9yn1uP+jRlXckHthxCYOL2xpOTUvbtIaTeOVvU3hBHah8TJKdkiz\/YS06Mclqnpfjmu+8wfPRItKUhEdYrSvYkQqIiaCj4Y8K1k3DkqOc9K09wblyd6QKyHlstnqeehom+Tw\/xRHNp6NSTt8rg8t601I9y7Jm88Fnx6\/dIX3orNT5cjv9xsGwi9zb\/9VfFWks5+eOZYFM4e+4cFt61CF2Du4tN4F2BwJ6huKID2YPbbkNSsuMAvzeG3cGltJK8lZWxZgVM8eSf0DBh7TBNGCInUPgkogam7UxfVpUZvBSRunyBLPJzUMNWOPHa4SjcQ40vyFNLqcy1QgCMkuJibNu2Db1iY9Ap4GrZHAoICUJIRDjWrVuHvDy3enwFs6TeMqpOHyPXfAnNWsoBpATe+ZwwEAW7tsJSXKCWcsCv5OD7SF26QJwR2ccl356Xv4ve3YOGQscLIj31\/mLw\/Q\/fY\/iIEfBv3w4hkeGyPzBqwjh88OEB1NU1f8CpKSiCU7jkAzLVZ04g66G\/IpGmVuOQ3tLBplH9kffcBjKgRinH8Kv6\/VfkPPUojJpDQuPKfO1IObRbl5yoFtMquHicOn0KU6dNQ7tOndCdhkQbmhpvXnArTImOuloLjUf+20CRKB9By1hOtNVD+hKPzL0exfvfdRkefpoDVK0\/j8yHV1HhSFEhsbQUAOU+S5Y223WL8GIEkpObg3UbHke3wEDZHWjr749H1\/0D5eW+7Ze4Q\/STtVRlSezaT18h9Y5ZsuLIUSnv2\/CMVvLR+7CpCzjOLZDZgRO0xBpyOvjAp35IlBzj5vVyEwkj74WnUJ+TKWWk7EUIgs\/2sfN04sQJJCcno\/YiQmb7ICV+Ko7+iJRFc8mmUfxCP175TLphPEr2vQVLuXa4VSnrDPsUyfszFvpJNkmz6vcjSF9FxmUwaQZvRPMsQdFh4fYtciZMeUcl2gKwFvGnS1tffhn3kQf57KZNOHHqlMdT\/F7BlRIdre7qsyeQdu9C6jTqdWo4z2iJU0ag8O0d5OU6Nri8WbXGHiMRZ1FIPSSMyt9+RcY9d8j3G3x4UvaOKbor2L0Nlgonx8YHaRQVFWHz888jWGxBO3SjmaFt547o2iMA69avR0F+Y8vtDC2EFt7oV3XhP0i\/fwl0ch5SWYPg04P8AUaDqrW+hHCNheABbGnLf\/iGnCdSNT5fS86TCGPSUJL2TljKFGFIhW6q5oxjx49jxuwb4d+lE4J6hqF331g5wMG2YToFUwajw2K7g5uuUa6mxmfev0xZr+hPvPQlnsbHI3\/bc2jIdhqyPqJZIWhSZ\/D3NLwrmbKAjU6oLJfJwbDJw+XYhFUddwxPxpMXYI6fPIE77lyIQDKMnTt3RkBANyxetgSnz5zxOCQUvVRQq09AzoP3URQZKjGD7GyOi5eZrD5DcbSkbBMd4Qk+aQKDG2V3q2sppvjsY6T8ZYqs\/PDymSEuFObpY8m\/eANW+wEluQhEjZ0S+FB8dnY2Kik4awS1rFa6NikR2ev+LnuKrIEGMtgcSWZvfFiOB2vwJHhf4LMQnKHVxceJy7\/4CMl\/uU6MES+q6OLIIs\/h6PKA\/bBDi0DEtXHMe9e5z66jqbqPYpz5mNKgXshauwo1uj+kTOua7YpWCYGhVc5X1ozSTz5A8syJJIwe4q7yUOF1hrJDn9i\/aRPpeektTdM4lxvPn6hxb\/PXK+zN8nJ91kP3oub8GeUFgmdKLUerhaDBWc35pEnxe2\/DPHEYEqK7Ua+RG04CSbt9Nsq\/+dLj2qDWcAYfPs\/fvJHc3P4SwHHv875v5n2LUGM\/56e8402YrcFFC0GD9KS6YWypKJMPF\/jjMz7gIsc7BkYgnVed+eSkevBdA09nha9uhpmmXh7zCbxwQyFxxj13ovq8cr5QmnyJG6\/hkglBg6bWDJ4tit7aCTNNpXycmM+\/8fpExsol1LOnYSnMR9Gbr1G0OkxZq+xHP+r59BV3SCTIVC59kxvjkgtBQEKQYaI+NhTno2Dni8qqcXQP+RjUTKFt4vhByjYcGTs+g8Of08n+hB1MR739E\/HnCMEJLsKgyI1XjfkrYZlaKbzltcqU+TNR\/vO34qEyFI\/1cuiAgj9dCBqchVFrNiJzzd1ImkHBzf5\/wqp9HMMFLl\/b7bhsQnCHfMwp23L\/D612AfBfP50w66QkgnUAAAAASUVORK5CYII=\" \/><strong>GHS07 Atsargiai<\/strong><\/p>\n<p><strong>H317<\/strong> Gali sukelti alergin\u0119 odos reakcij\u0105.<\/p>\n<p>P102 Laikyti vaikams neprieinamoje vietoje.<\/p>\n<p>P210 Laikyti atokiau nuo &scaron;ilumos &scaron;altini\u0173, kar&scaron;t\u0173 pavir&scaron;i\u0173, \u017eie\u017eirb\u0173, atviros liepsnos arba kit\u0173 degimo &scaron;altini\u0173. Ner\u016bkyti.<\/p>\n<p>P211 Nepurk&scaron;ti \u012f atvir\u0105 liepsn\u0105 arba kitus degimo &scaron;altinius.<\/p>\n<p>P251 Nepradurti ir nedeginti net panaudoto.<\/p>\n<p>P261 Stengtis ne\u012fkv\u0117pti aerozolio.<\/p>\n<p>P280 M\u016bv\u0117ti apsaugines naudoti aki\u0173 (veido) apsaugos priemones.<\/p>\n<p>P302+P352 PATEKUS ANT ODOS: plauti dideliu vandens kiekiu<\/p>\n<p>P333+P313 Jeigu sudirginama oda arba j\u0105 i&scaron;beria: kreiptis \u012f gydytoj\u0105.&nbsp;&nbsp;&nbsp;&nbsp;&nbsp;&nbsp;&nbsp;&nbsp;&nbsp;&nbsp;&nbsp;&nbsp;&nbsp;&nbsp;&nbsp;&nbsp;&nbsp;&nbsp;&nbsp;&nbsp;&nbsp;&nbsp;&nbsp;&nbsp;&nbsp;&nbsp;&nbsp;&nbsp;&nbsp;&nbsp;&nbsp;&nbsp;&nbsp;&nbsp;&nbsp; P321 Specialus gydymas (nuplaukite kontakto vietas muilu ir vandeniu).<\/p>\n<p>P410+P412 Saugoti nuo saul\u0117s &scaron;viesos. Nelaikyti auk&scaron;tesn\u0117je kaip 50 &deg;C \/122 &deg;F temperat\u016broje.<\/p>\n<p>P501 Turin\u012f\/talpykl\u0105 i&scaron;pilti (i&scaron;mesti) &#8211; sunaudot\u0105&nbsp; pakuot\u0117 utilizuoti&nbsp; kaip buitines atliekas.<\/p>\n","protected":false},"excerpt":{"rendered":"<p>GARDEN yra oro gaiviklis, kuriam neatsispirsite d\u0117l plataus kvap\u0173 asortimento ir ilgalaikio poveikio. Tai pakeis j\u016bs\u0173 nam\u0173, biuro ar automobilio atmosfer\u0105. Gaiviklis tinkamas naudoti tiek rankiniu b\u016bdu, tiek automatiniame purk&scaron;tuve. Naudojimo instrukcijos: Prie&scaron; naudojim\u0105 skardin\u0119 gerai suplakite. Pur&scaron;kite 5-10 sekund\u017ei\u0173, laikydami pe\u010di\u0173 lygyje. Atsargumo priemon\u0117s: Tik i&scaron;oriniam naudojimui. Vengti patekimo \u012f akis. Patekus, nedelsiant nuplaukite [&#8230;]\n","protected":false},"featured_media":99216,"template":"","meta":[],"product_cat":[1524],"product_tag":[],"class_list":{"0":"post-62904","1":"product","2":"type-product","3":"status-publish","4":"has-post-thumbnail","6":"product_brand-sora_tr-lt","7":"product_cat-oro-gaivikliai-namu-kvapikliai","9":"first","10":"instock","11":"taxable","12":"shipping-taxable","13":"product-type-simple"},"_links":{"self":[{"href":"https:\/\/e.kosmolat.eu\/lt\/wp-json\/wp\/v2\/product\/62904","targetHints":{"allow":["GET"]}}],"collection":[{"href":"https:\/\/e.kosmolat.eu\/lt\/wp-json\/wp\/v2\/product"}],"about":[{"href":"https:\/\/e.kosmolat.eu\/lt\/wp-json\/wp\/v2\/types\/product"}],"wp:featuredmedia":[{"embeddable":true,"href":"https:\/\/e.kosmolat.eu\/lt\/wp-json\/wp\/v2\/media\/99216"}],"wp:attachment":[{"href":"https:\/\/e.kosmolat.eu\/lt\/wp-json\/wp\/v2\/media?parent=62904"}],"wp:term":[{"taxonomy":"product_cat","embeddable":true,"href":"https:\/\/e.kosmolat.eu\/lt\/wp-json\/wp\/v2\/product_cat?post=62904"},{"taxonomy":"product_tag","embeddable":true,"href":"https:\/\/e.kosmolat.eu\/lt\/wp-json\/wp\/v2\/product_tag?post=62904"}],"curies":[{"name":"wp","href":"https:\/\/api.w.org\/{rel}","templated":true}]}}