{"id":62899,"date":"2025-02-26T09:06:36","date_gmt":"2025-02-26T09:06:36","guid":{"rendered":"https:\/\/e.kosmolat.eu\/product\/bd-auduma-patci-adai-ap-ac-daylight-pearl-30-gab\/"},"modified":"2026-04-08T14:00:26","modified_gmt":"2026-04-08T14:00:26","slug":"bd-auduma-patci-adai-ap-ac-daylight-pearl-30-gab","status":"publish","type":"product","link":"https:\/\/e.kosmolat.eu\/lt\/produktas\/bd-auduma-patci-adai-ap-ac-daylight-pearl-30-gab\/","title":{"rendered":"BEAUTYDERM Med\u017eiaginiai pleistrai paaki\u0173 zonai Daylight Pearl, 30 vnt."},"content":{"rendered":"<p>BEAUTYDERM med\u017eiaginiai pleistrai paaki\u0173 zonai Daylight Pearl turi BALT\u0104 AUDINIO PAGRIND\u0104. D\u0117l aktyvi\u0173 komponent\u0173, turin\u010di\u0173 emulsij\u0105, pleistrai padeda suvienodinti odos atspalv\u012f paaki\u0173 srityje, ji atrodo gaivi ir \u0161vytinti, tams\u016bs ratilai tampa vizualiai ma\u017eiau ry\u0161k\u016bs. D\u0117l sud\u0117tyje esan\u010dio kofeino patinimas tampa ma\u017eiau pastebimas. Pleistr\u0173 naudojimas u\u017etikrina odos barjerin\u0117s funkcijos palaikym\u0105, kas u\u017etikrina apsaug\u0105 nuo aplinkos poveikio.<\/p>\n<p>Naudojimas: 1. Atidarykite pakuot\u0119, u\u017eklijuokite pleistrus ant anks\u010diau nuvalytos paaki\u0173 odos. Pleistrus i\u0161 pakuot\u0117s rekomenduojama i\u0161imti \u0161variu pincetu\/mentele ir pan. 2. U\u017ed\u0117ti ir palikti 15-25 min. 3. Likusi\u0105 emulsij\u0105 atsargiai paskirstykite ant odos ir leiskite visi\u0161kai susigerti. Rekomenduojama naudoti 2-3 kartus per savait\u0119. <\/p>\n<p>D\u0116MESIO: PLEISTRAI VIENKARTINIAI! Prie\u0161 naudodami pleistrus turite i\u0161bandyti ant nedidelio odos ploto. Jei pasirei\u0161kia alergin\u0117 reakcija, nustokite naudoti. Tik i\u0161oriniam naudojimui. Patekus \u012f akis, gerai nuplauti dideliu kiekiu tekan\u010dio vandens. Nenaudoti ant sudirgusios ar pa\u017eeistos odos.<br \/>\nKontraindikacijos: individualus jautrumas pleistro komponentams. <\/p>\n<p>Laikyti nuo +5 iki +25\u00b0C temperat\u016broje ir 55-70% santykin\u0117je oro dr\u0117gm\u0117je, apsaugotoje nuo tiesiogini\u0173 saul\u0117s spinduli\u0173, ne ma\u017eesniu kaip 1 m atstumu nuo auk\u0161tos temperat\u016bros \u0161altini\u0173. <\/p>\n<p>Geriausias: 36 m\u0117n.<\/p>\n","protected":false},"excerpt":{"rendered":"<p>BEAUTYDERM med\u017eiaginiai pleistrai paaki\u0173 zonai Daylight Pearl turi BALT\u0104 AUDINIO PAGRIND\u0104. D\u0117l aktyvi\u0173 komponent\u0173, turin\u010di\u0173 emulsij\u0105, pleistrai padeda suvienodinti odos atspalv\u012f paaki\u0173 srityje, ji atrodo gaivi ir \u0161vytinti, tams\u016bs ratilai tampa vizualiai ma\u017eiau ry\u0161k\u016bs. D\u0117l sud\u0117tyje esan\u010dio kofeino patinimas tampa ma\u017eiau pastebimas. Pleistr\u0173 naudojimas u\u017etikrina odos barjerin\u0117s funkcijos palaikym\u0105, kas u\u017etikrina apsaug\u0105 nuo aplinkos poveikio. [&#8230;]\n","protected":false},"featured_media":100360,"template":"","meta":[],"product_cat":[1369],"product_tag":[],"class_list":{"0":"post-62899","1":"product","2":"type-product","3":"status-publish","4":"has-post-thumbnail","6":"product_brand-naturpro_ua-lt","7":"product_cat-veido-kaukes","9":"first","10":"outofstock","11":"taxable","12":"shipping-taxable","13":"product-type-simple"},"_links":{"self":[{"href":"https:\/\/e.kosmolat.eu\/lt\/wp-json\/wp\/v2\/product\/62899","targetHints":{"allow":["GET"]}}],"collection":[{"href":"https:\/\/e.kosmolat.eu\/lt\/wp-json\/wp\/v2\/product"}],"about":[{"href":"https:\/\/e.kosmolat.eu\/lt\/wp-json\/wp\/v2\/types\/product"}],"wp:featuredmedia":[{"embeddable":true,"href":"https:\/\/e.kosmolat.eu\/lt\/wp-json\/wp\/v2\/media\/100360"}],"wp:attachment":[{"href":"https:\/\/e.kosmolat.eu\/lt\/wp-json\/wp\/v2\/media?parent=62899"}],"wp:term":[{"taxonomy":"product_cat","embeddable":true,"href":"https:\/\/e.kosmolat.eu\/lt\/wp-json\/wp\/v2\/product_cat?post=62899"},{"taxonomy":"product_tag","embeddable":true,"href":"https:\/\/e.kosmolat.eu\/lt\/wp-json\/wp\/v2\/product_tag?post=62899"}],"curies":[{"name":"wp","href":"https:\/\/api.w.org\/{rel}","templated":true}]}}