{"id":62895,"date":"2025-02-26T08:53:12","date_gmt":"2025-02-26T08:53:12","guid":{"rendered":"https:\/\/e.kosmolat.eu\/product\/beautyderm-eye-sheet-patches-lavender-midnight-30-pcs\/"},"modified":"2026-04-22T07:24:46","modified_gmt":"2026-04-22T07:24:46","slug":"bd-auduma-patci-adai-ap-ac-lavender-midnight-30-gab","status":"publish","type":"product","link":"https:\/\/e.kosmolat.eu\/lt\/produktas\/bd-auduma-patci-adai-ap-ac-lavender-midnight-30-gab\/","title":{"rendered":"BEAUTYDERM Med\u017eiaginiai pleistrai paaki\u0173 zonai Lavender Midnight, 30 vnt."},"content":{"rendered":"<p>BEAUTYDERM Lavender Midnight med\u017eiaginiai pleistrai paaki\u0173 sri\u010diai turi JUOD\u0104 AUDINIO BAZ\u0118. D\u0117l emulsijoje esan\u010di\u0173 aktyvi\u0173 komponent\u0173 pleistrai vizualiai i\u0161lygina paaki\u0173 od\u0105, ji atrodo lygesn\u0117, ma\u017eiau pastebimos rauk\u0161l\u0117s ir \u012ftr\u016bkimai. Priemon\u0117s naudojimas padeda i\u0161laikyti nat\u016bral\u0173 odos dr\u0117kinimo balans\u0105, taip pat vizualiai suma\u017eina tamsi\u0173 ratil\u0173 atsiradim\u0105 po akimis, oda yra \u0161vytinti ir \u0161velni liesti. . Pleistr\u0173 sud\u0117tyje esantis levand\u0173 ekstraktas suteikia atsipalaidavimo poj\u016bt\u012f ir pravers nuraminant od\u0105. <\/p>\n<p>Naudojimas: 1. Atidarykite pakuot\u0119, u\u017eklijuokite pleistrus ant anks\u010diau nuvalytos paaki\u0173 odos. Pleistrus i\u0161 pakuot\u0117s rekomenduojama i\u0161imti \u0161variu pincetu\/mentele ir pan. 2. U\u017ed\u0117ti ir palikti 15-25 min. 3. Likusi\u0105 emulsij\u0105 atsargiai paskirstykite ant odos ir leiskite visi\u0161kai susigerti. Rekomenduojama naudoti 2-3 kartus per savait\u0119. <\/p>\n<p>D\u0116MESIO: PLEISTRAI VIENKARTINIAI! Prie\u0161 naudodami pleistrus turite i\u0161bandyti ant nedidelio odos ploto. Jei pasirei\u0161kia alergin\u0117 reakcija, nustokite naudoti. Tik i\u0161oriniam naudojimui. Patekus \u012f akis, gerai nuplauti dideliu kiekiu tekan\u010dio vandens. Nenaudoti ant sudirgusios ar pa\u017eeistos odos.<br \/>\nKontraindikacijos: individualus jautrumas pleistro komponentams. <\/p>\n<p>Laikyti nuo +5 iki +25\u00b0C temperat\u016broje ir 55-70% santykin\u0117je oro dr\u0117gm\u0117je, apsaugotoje nuo tiesiogini\u0173 saul\u0117s spinduli\u0173, ne ma\u017eesniu kaip 1 m atstumu nuo auk\u0161tos temperat\u016bros \u0161altini\u0173. <\/p>\n<p>Geriausias: 36 m\u0117n.<\/p>\n","protected":false},"excerpt":{"rendered":"<p>BEAUTYDERM Lavender Midnight med\u017eiaginiai pleistrai paaki\u0173 sri\u010diai turi JUOD\u0104 AUDINIO BAZ\u0118. D\u0117l emulsijoje esan\u010di\u0173 aktyvi\u0173 komponent\u0173 pleistrai vizualiai i\u0161lygina paaki\u0173 od\u0105, ji atrodo lygesn\u0117, ma\u017eiau pastebimos rauk\u0161l\u0117s ir \u012ftr\u016bkimai. Priemon\u0117s naudojimas padeda i\u0161laikyti nat\u016bral\u0173 odos dr\u0117kinimo balans\u0105, taip pat vizualiai suma\u017eina tamsi\u0173 ratil\u0173 atsiradim\u0105 po akimis, oda yra \u0161vytinti ir \u0161velni liesti. . Pleistr\u0173 sud\u0117tyje [&#8230;]\n","protected":false},"featured_media":102363,"template":"","meta":[],"product_cat":[2181],"product_tag":[],"class_list":{"0":"post-62895","1":"product","2":"type-product","3":"status-publish","4":"has-post-thumbnail","6":"product_brand-naturpro_ua-lt","7":"product_cat-bez-kategorijas-lt","9":"first","10":"instock","11":"taxable","12":"shipping-taxable","13":"product-type-simple"},"_links":{"self":[{"href":"https:\/\/e.kosmolat.eu\/lt\/wp-json\/wp\/v2\/product\/62895","targetHints":{"allow":["GET"]}}],"collection":[{"href":"https:\/\/e.kosmolat.eu\/lt\/wp-json\/wp\/v2\/product"}],"about":[{"href":"https:\/\/e.kosmolat.eu\/lt\/wp-json\/wp\/v2\/types\/product"}],"wp:featuredmedia":[{"embeddable":true,"href":"https:\/\/e.kosmolat.eu\/lt\/wp-json\/wp\/v2\/media\/102363"}],"wp:attachment":[{"href":"https:\/\/e.kosmolat.eu\/lt\/wp-json\/wp\/v2\/media?parent=62895"}],"wp:term":[{"taxonomy":"product_cat","embeddable":true,"href":"https:\/\/e.kosmolat.eu\/lt\/wp-json\/wp\/v2\/product_cat?post=62895"},{"taxonomy":"product_tag","embeddable":true,"href":"https:\/\/e.kosmolat.eu\/lt\/wp-json\/wp\/v2\/product_tag?post=62895"}],"curies":[{"name":"wp","href":"https:\/\/api.w.org\/{rel}","templated":true}]}}