{"id":62854,"date":"2025-02-24T11:36:21","date_gmt":"2025-02-24T11:36:21","guid":{"rendered":"https:\/\/e.kosmolat.eu\/product\/dental-dbl-total-clean-medium\/"},"modified":"2026-04-10T06:24:56","modified_gmt":"2026-04-10T06:24:56","slug":"dental-total-clean-zobu-birste-videji-cieta-11-gab","status":"publish","type":"product","link":"https:\/\/e.kosmolat.eu\/lt\/produktas\/dental-total-clean-zobu-birste-videji-cieta-11-gab\/","title":{"rendered":"DENTAL Total Clean Vidutinio kietumo dant\u0173 \u0161epet\u0117lis, 1+1 vnt."},"content":{"rendered":"<p>Dant\u0173 \u0161epet\u0117lis u\u017etikrina \u0161velni\u0105 dant\u0173 ir danten\u0173 prie\u017ei\u016br\u0105 bei maksimali\u0105 burnos higien\u0105. Dvigubas efektas \u2013 trumpesni \u0161ereliai nuvalo apna\u0161as ir \u012fsisen\u0117jusias dant\u0173 d\u0117mes, o ilgesni \u0161ereliai prasiskverbia \u012f tarpus tarp dant\u0173 ir juos valo. Suapvalinti \u0161eri\u0173 galiukai apsaugo dantis ir dantenas. Ergonomi\u0161ka rankena u\u017etikrina maksimal\u0173 komfort\u0105 ir manevringum\u0105.<\/p>\n","protected":false},"excerpt":{"rendered":"<p>Dant\u0173 \u0161epet\u0117lis u\u017etikrina \u0161velni\u0105 dant\u0173 ir danten\u0173 prie\u017ei\u016br\u0105 bei maksimali\u0105 burnos higien\u0105. Dvigubas efektas \u2013 trumpesni \u0161ereliai nuvalo apna\u0161as ir \u012fsisen\u0117jusias dant\u0173 d\u0117mes, o ilgesni \u0161ereliai prasiskverbia \u012f tarpus tarp dant\u0173 ir juos valo. Suapvalinti \u0161eri\u0173 galiukai apsaugo dantis ir dantenas. Ergonomi\u0161ka rankena u\u017etikrina maksimal\u0173 komfort\u0105 ir manevringum\u0105.<\/p>\n","protected":false},"featured_media":93046,"template":"","meta":[],"product_cat":[1354],"product_tag":[],"class_list":{"0":"post-62854","1":"product","2":"type-product","3":"status-publish","4":"has-post-thumbnail","6":"product_brand-rubella-bg-lt","7":"product_cat-dantu-sepeteliai","9":"first","10":"instock","11":"taxable","12":"shipping-taxable","13":"product-type-simple"},"_links":{"self":[{"href":"https:\/\/e.kosmolat.eu\/lt\/wp-json\/wp\/v2\/product\/62854","targetHints":{"allow":["GET"]}}],"collection":[{"href":"https:\/\/e.kosmolat.eu\/lt\/wp-json\/wp\/v2\/product"}],"about":[{"href":"https:\/\/e.kosmolat.eu\/lt\/wp-json\/wp\/v2\/types\/product"}],"wp:featuredmedia":[{"embeddable":true,"href":"https:\/\/e.kosmolat.eu\/lt\/wp-json\/wp\/v2\/media\/93046"}],"wp:attachment":[{"href":"https:\/\/e.kosmolat.eu\/lt\/wp-json\/wp\/v2\/media?parent=62854"}],"wp:term":[{"taxonomy":"product_cat","embeddable":true,"href":"https:\/\/e.kosmolat.eu\/lt\/wp-json\/wp\/v2\/product_cat?post=62854"},{"taxonomy":"product_tag","embeddable":true,"href":"https:\/\/e.kosmolat.eu\/lt\/wp-json\/wp\/v2\/product_tag?post=62854"}],"curies":[{"name":"wp","href":"https:\/\/api.w.org\/{rel}","templated":true}]}}