{"id":62846,"date":"2025-02-24T10:06:43","date_gmt":"2025-02-24T10:06:43","guid":{"rendered":"https:\/\/e.kosmolat.eu\/product\/ip-renu-reconstr-mask-250ml\/"},"modified":"2026-04-21T09:48:24","modified_gmt":"2026-04-21T09:48:24","slug":"ip-renu-atjaunojosa-maska-bojatiem-mat-250-ml","status":"publish","type":"product","link":"https:\/\/e.kosmolat.eu\/lt\/produktas\/ip-renu-atjaunojosa-maska-bojatiem-mat-250-ml\/","title":{"rendered":"INOPHARM Renu Atkuriamoji kauk\u0117 pa\u017eeistiems plaukams, 250 ml"},"content":{"rendered":"<p>Novatori\u0161ka Bond Re-Plex technologija tiesiogiai veikia keratino grandines ir mikrojungtis plauko strukt\u016broje. Suma\u017eina plauk\u0173 trapum\u0105 ir \u017eymiai padidina j\u0173 stiprum\u0105. Profesionalus sprendimas da\u017eytiems ir nusilpusiems plaukams.<\/p>\n<p>Naudojimo instrukcijos: Tepkite per vis\u0105 dr\u0117gn\u0173 plauk\u0173 ilg\u012f. Palikite 3 minutes, tada kruop\u0161\u010diai nuplaukite.<\/p>\n<p>Atsargumo priemon\u0117s: Tik i\u0161oriniam naudojimui. Vengti patekimo \u012f akis. Patekus \u012f akis, kruop\u0161\u010diai nuplaukite vandeniu.<\/p>\n","protected":false},"excerpt":{"rendered":"<p>Novatori\u0161ka Bond Re-Plex technologija tiesiogiai veikia keratino grandines ir mikrojungtis plauko strukt\u016broje. Suma\u017eina plauk\u0173 trapum\u0105 ir \u017eymiai padidina j\u0173 stiprum\u0105. Profesionalus sprendimas da\u017eytiems ir nusilpusiems plaukams. Naudojimo instrukcijos: Tepkite per vis\u0105 dr\u0117gn\u0173 plauk\u0173 ilg\u012f. Palikite 3 minutes, tada kruop\u0161\u010diai nuplaukite. Atsargumo priemon\u0117s: Tik i\u0161oriniam naudojimui. Vengti patekimo \u012f akis. Patekus \u012f akis, kruop\u0161\u010diai nuplaukite vandeniu.<\/p>\n","protected":false},"featured_media":93034,"template":"","meta":[],"product_cat":[1256],"product_tag":[],"class_list":{"0":"post-62846","1":"product","2":"type-product","3":"status-publish","4":"has-post-thumbnail","6":"product_brand-rubella-bg-lt","7":"product_cat-plauku-kaukes","9":"first","10":"outofstock","11":"taxable","12":"shipping-taxable","13":"product-type-simple"},"_links":{"self":[{"href":"https:\/\/e.kosmolat.eu\/lt\/wp-json\/wp\/v2\/product\/62846","targetHints":{"allow":["GET"]}}],"collection":[{"href":"https:\/\/e.kosmolat.eu\/lt\/wp-json\/wp\/v2\/product"}],"about":[{"href":"https:\/\/e.kosmolat.eu\/lt\/wp-json\/wp\/v2\/types\/product"}],"wp:featuredmedia":[{"embeddable":true,"href":"https:\/\/e.kosmolat.eu\/lt\/wp-json\/wp\/v2\/media\/93034"}],"wp:attachment":[{"href":"https:\/\/e.kosmolat.eu\/lt\/wp-json\/wp\/v2\/media?parent=62846"}],"wp:term":[{"taxonomy":"product_cat","embeddable":true,"href":"https:\/\/e.kosmolat.eu\/lt\/wp-json\/wp\/v2\/product_cat?post=62846"},{"taxonomy":"product_tag","embeddable":true,"href":"https:\/\/e.kosmolat.eu\/lt\/wp-json\/wp\/v2\/product_tag?post=62846"}],"curies":[{"name":"wp","href":"https:\/\/api.w.org\/{rel}","templated":true}]}}