{"id":62842,"date":"2025-02-24T08:50:19","date_gmt":"2025-02-24T08:50:19","guid":{"rendered":"https:\/\/e.kosmolat.eu\/product\/ip-scalp-micellar-shamp-250ml\/"},"modified":"2026-04-20T09:25:13","modified_gmt":"2026-04-20T09:25:13","slug":"ip-scalp-care-micel-sampuns-pret-blaugznam-250-ml","status":"publish","type":"product","link":"https:\/\/e.kosmolat.eu\/lt\/produktas\/ip-scalp-care-micel-sampuns-pret-blaugznam-250-ml\/","title":{"rendered":"INOPHARM Scalp Care Micelinis \u0161amp\u016bnas nuo pleiskan\u0173, 250 ml"},"content":{"rendered":"<p>Micelinis \u0161amp\u016bnas nuo pleiskan\u0173. \u0160velniai \u0161vei\u010dia ir dr\u0117kina galvos od\u0105. Reguliariai naudojant pa\u0161alina pleiskanas iki 100%.<\/p>\n<p>Naudojimas: nedidel\u012f kiek\u012f \u0161amp\u016bno paskirstykite ant dr\u0117gn\u0173 plauk\u0173 ir galvos odos, masa\u017euokite, kol susidarys putos, tada kruop\u0161\u010diai i\u0161skalaukite. Tinka kasdieniam naudojimui.<\/p>\n<p>Atsargumo priemon\u0117s: Tik i\u0161oriniam naudojimui. Vengti patekimo \u012f akis. Patekus \u012f akis, kruop\u0161\u010diai nuplaukite vandeniu.<\/p>\n","protected":false},"excerpt":{"rendered":"<p>Micelinis \u0161amp\u016bnas nuo pleiskan\u0173. \u0160velniai \u0161vei\u010dia ir dr\u0117kina galvos od\u0105. Reguliariai naudojant pa\u0161alina pleiskanas iki 100%. Naudojimas: nedidel\u012f kiek\u012f \u0161amp\u016bno paskirstykite ant dr\u0117gn\u0173 plauk\u0173 ir galvos odos, masa\u017euokite, kol susidarys putos, tada kruop\u0161\u010diai i\u0161skalaukite. Tinka kasdieniam naudojimui. Atsargumo priemon\u0117s: Tik i\u0161oriniam naudojimui. Vengti patekimo \u012f akis. Patekus \u012f akis, kruop\u0161\u010diai nuplaukite vandeniu.<\/p>\n","protected":false},"featured_media":93030,"template":"","meta":[],"product_cat":[1251],"product_tag":[],"class_list":{"0":"post-62842","1":"product","2":"type-product","3":"status-publish","4":"has-post-thumbnail","6":"product_brand-rubella-bg-lt","7":"product_cat-sampunai","9":"first","10":"instock","11":"taxable","12":"shipping-taxable","13":"product-type-simple"},"_links":{"self":[{"href":"https:\/\/e.kosmolat.eu\/lt\/wp-json\/wp\/v2\/product\/62842","targetHints":{"allow":["GET"]}}],"collection":[{"href":"https:\/\/e.kosmolat.eu\/lt\/wp-json\/wp\/v2\/product"}],"about":[{"href":"https:\/\/e.kosmolat.eu\/lt\/wp-json\/wp\/v2\/types\/product"}],"wp:featuredmedia":[{"embeddable":true,"href":"https:\/\/e.kosmolat.eu\/lt\/wp-json\/wp\/v2\/media\/93030"}],"wp:attachment":[{"href":"https:\/\/e.kosmolat.eu\/lt\/wp-json\/wp\/v2\/media?parent=62842"}],"wp:term":[{"taxonomy":"product_cat","embeddable":true,"href":"https:\/\/e.kosmolat.eu\/lt\/wp-json\/wp\/v2\/product_cat?post=62842"},{"taxonomy":"product_tag","embeddable":true,"href":"https:\/\/e.kosmolat.eu\/lt\/wp-json\/wp\/v2\/product_tag?post=62842"}],"curies":[{"name":"wp","href":"https:\/\/api.w.org\/{rel}","templated":true}]}}