{"id":62838,"date":"2025-02-24T08:36:19","date_gmt":"2025-02-24T08:36:19","guid":{"rendered":"https:\/\/e.kosmolat.eu\/product\/ip-scalp-dandruff-shamp-250ml\/"},"modified":"2026-04-21T11:57:56","modified_gmt":"2026-04-21T11:57:56","slug":"ip-scalp-care-sampuns-pret-blaugznam-250-ml","status":"publish","type":"product","link":"https:\/\/e.kosmolat.eu\/lt\/produktas\/ip-scalp-care-sampuns-pret-blaugznam-250-ml\/","title":{"rendered":"INOPHARM Scalp Care \u0161amp\u016bnas nuo pleiskan\u0173, 250 ml"},"content":{"rendered":"<p>\u0160amp\u016bnas nuo pleiskan\u0173, kurio veiksmingumas \u012frodytas klini\u0161kai, pa\u0161alina pleiskanas iki 100%. Giliai i\u0161valo galvos od\u0105 nuo ne\u0161varum\u0173 ir riebal\u0173 pertekliaus. Reguliariai naudojant apsaugo nuo pleiskan\u0173 atsiradimo.<\/p>\n<p>Naudojimas: nedidel\u012f kiek\u012f \u0161amp\u016bno paskirstykite ant dr\u0117gn\u0173 plauk\u0173 ir galvos odos, masa\u017euokite, kol susidarys putos, tada kruop\u0161\u010diai i\u0161skalaukite. Tinka kasdieniam naudojimui.<\/p>\n<p>Atsargumo priemon\u0117s: Tik i\u0161oriniam naudojimui. Vengti patekimo \u012f akis. Patekus \u012f akis, kruop\u0161\u010diai nuplaukite vandeniu.<\/p>\n","protected":false},"excerpt":{"rendered":"<p>\u0160amp\u016bnas nuo pleiskan\u0173, kurio veiksmingumas \u012frodytas klini\u0161kai, pa\u0161alina pleiskanas iki 100%. Giliai i\u0161valo galvos od\u0105 nuo ne\u0161varum\u0173 ir riebal\u0173 pertekliaus. Reguliariai naudojant apsaugo nuo pleiskan\u0173 atsiradimo. Naudojimas: nedidel\u012f kiek\u012f \u0161amp\u016bno paskirstykite ant dr\u0117gn\u0173 plauk\u0173 ir galvos odos, masa\u017euokite, kol susidarys putos, tada kruop\u0161\u010diai i\u0161skalaukite. Tinka kasdieniam naudojimui. Atsargumo priemon\u0117s: Tik i\u0161oriniam naudojimui. Vengti patekimo \u012f [&#8230;]\n","protected":false},"featured_media":93026,"template":"","meta":[],"product_cat":[1251],"product_tag":[],"class_list":{"0":"post-62838","1":"product","2":"type-product","3":"status-publish","4":"has-post-thumbnail","6":"product_brand-rubella-bg-lt","7":"product_cat-sampunai","9":"first","10":"outofstock","11":"taxable","12":"shipping-taxable","13":"product-type-simple"},"_links":{"self":[{"href":"https:\/\/e.kosmolat.eu\/lt\/wp-json\/wp\/v2\/product\/62838","targetHints":{"allow":["GET"]}}],"collection":[{"href":"https:\/\/e.kosmolat.eu\/lt\/wp-json\/wp\/v2\/product"}],"about":[{"href":"https:\/\/e.kosmolat.eu\/lt\/wp-json\/wp\/v2\/types\/product"}],"wp:featuredmedia":[{"embeddable":true,"href":"https:\/\/e.kosmolat.eu\/lt\/wp-json\/wp\/v2\/media\/93026"}],"wp:attachment":[{"href":"https:\/\/e.kosmolat.eu\/lt\/wp-json\/wp\/v2\/media?parent=62838"}],"wp:term":[{"taxonomy":"product_cat","embeddable":true,"href":"https:\/\/e.kosmolat.eu\/lt\/wp-json\/wp\/v2\/product_cat?post=62838"},{"taxonomy":"product_tag","embeddable":true,"href":"https:\/\/e.kosmolat.eu\/lt\/wp-json\/wp\/v2\/product_tag?post=62838"}],"curies":[{"name":"wp","href":"https:\/\/api.w.org\/{rel}","templated":true}]}}