{"id":62790,"date":"2025-02-22T05:02:58","date_gmt":"2025-02-22T05:02:58","guid":{"rendered":"https:\/\/e.kosmolat.eu\/product\/bl-melnas-karpatu-pirts-ziepes-kermenim-un-matiem-500-ml\/"},"modified":"2026-04-23T11:31:00","modified_gmt":"2026-04-23T11:31:00","slug":"bl-melnas-karpatu-pirts-ziepes-kermenim-un-matiem-500-ml","status":"publish","type":"product","link":"https:\/\/e.kosmolat.eu\/lt\/produktas\/bl-melnas-karpatu-pirts-ziepes-kermenim-un-matiem-500-ml\/","title":{"rendered":"BOTANIC LEAF Juodasis Karpat\u0173 vonios muilas k\u016bnui ir plaukams, 500 ml"},"content":{"rendered":"<p>Naudojimas: u\u017etepkite muil\u0105 po pirties ant odos, palikite kelias minutes, masa\u017euokite, nuplaukite vandeniu. <\/p>\n<p>Atsargumo priemon\u0117s: patekus \u012f akis, praplauti vandeniu. Galimas padid\u0117j\u0119s individualus jautrumas atskiriems komponentams.  <\/p>\n<p>Geriausias: 36 m\u0117nesiai nuo pagaminimo datos. <\/p>\n<p>Laikymo s\u0105lygos: nuo +5 \u00baC iki +25 \u00baC, saugoti nuo tiesiogini\u0173 saul\u0117s spinduli\u0173. Laikyti bent 0,5 m atstumu nuo \u012fjungt\u0173 \u0161ildymo prietais\u0173.<\/p>\n","protected":false},"excerpt":{"rendered":"<p>Naudojimas: u\u017etepkite muil\u0105 po pirties ant odos, palikite kelias minutes, masa\u017euokite, nuplaukite vandeniu. Atsargumo priemon\u0117s: patekus \u012f akis, praplauti vandeniu. Galimas padid\u0117j\u0119s individualus jautrumas atskiriems komponentams. Geriausias: 36 m\u0117nesiai nuo pagaminimo datos. Laikymo s\u0105lygos: nuo +5 \u00baC iki +25 \u00baC, saugoti nuo tiesiogini\u0173 saul\u0117s spinduli\u0173. Laikyti bent 0,5 m atstumu nuo \u012fjungt\u0173 \u0161ildymo prietais\u0173.<\/p>\n","protected":false},"featured_media":99812,"template":"","meta":[],"product_cat":[1609],"product_tag":[],"class_list":{"0":"post-62790","1":"product","2":"type-product","3":"status-publish","4":"has-post-thumbnail","6":"product_brand-distina-sp-zoo-lt","7":"product_cat-muilas","9":"first","10":"instock","11":"taxable","12":"shipping-taxable","13":"product-type-simple"},"_links":{"self":[{"href":"https:\/\/e.kosmolat.eu\/lt\/wp-json\/wp\/v2\/product\/62790","targetHints":{"allow":["GET"]}}],"collection":[{"href":"https:\/\/e.kosmolat.eu\/lt\/wp-json\/wp\/v2\/product"}],"about":[{"href":"https:\/\/e.kosmolat.eu\/lt\/wp-json\/wp\/v2\/types\/product"}],"wp:featuredmedia":[{"embeddable":true,"href":"https:\/\/e.kosmolat.eu\/lt\/wp-json\/wp\/v2\/media\/99812"}],"wp:attachment":[{"href":"https:\/\/e.kosmolat.eu\/lt\/wp-json\/wp\/v2\/media?parent=62790"}],"wp:term":[{"taxonomy":"product_cat","embeddable":true,"href":"https:\/\/e.kosmolat.eu\/lt\/wp-json\/wp\/v2\/product_cat?post=62790"},{"taxonomy":"product_tag","embeddable":true,"href":"https:\/\/e.kosmolat.eu\/lt\/wp-json\/wp\/v2\/product_tag?post=62790"}],"curies":[{"name":"wp","href":"https:\/\/api.w.org\/{rel}","templated":true}]}}