{"id":62749,"date":"2025-02-21T05:06:32","date_gmt":"2025-02-21T05:06:32","guid":{"rendered":"https:\/\/e.kosmolat.eu\/product\/3-aksesuaru-komplekts-sejas-kopsanai-2-krasas-6058\/"},"modified":"2025-09-20T06:12:37","modified_gmt":"2025-09-20T06:12:37","slug":"3-aksesuaru-komplekts-sejas-kopsanai-2-krasas-6058","status":"publish","type":"product","link":"https:\/\/e.kosmolat.eu\/lt\/produktas\/3-aksesuaru-komplekts-sejas-kopsanai-2-krasas-6058\/","title":{"rendered":"DONEGAL 3 veido pried\u0173 rinkinys: kosmetin\u0117 galvos juosta ir rie\u0161\u0173 juostos, 2 spalvos, 6058"},"content":{"rendered":"","protected":false},"excerpt":{"rendered":"","protected":false},"featured_media":78334,"template":"","meta":[],"product_cat":[1554],"product_tag":[],"class_list":{"0":"post-62749","1":"product","2":"type-product","3":"status-publish","4":"has-post-thumbnail","6":"product_brand-donegal-sp-zo-o-_pl-lt","7":"product_cat-irankiai-ir-smulkmenos","9":"first","10":"outofstock","11":"taxable","12":"shipping-taxable","13":"product-type-simple"},"_links":{"self":[{"href":"https:\/\/e.kosmolat.eu\/lt\/wp-json\/wp\/v2\/product\/62749","targetHints":{"allow":["GET"]}}],"collection":[{"href":"https:\/\/e.kosmolat.eu\/lt\/wp-json\/wp\/v2\/product"}],"about":[{"href":"https:\/\/e.kosmolat.eu\/lt\/wp-json\/wp\/v2\/types\/product"}],"wp:featuredmedia":[{"embeddable":true,"href":"https:\/\/e.kosmolat.eu\/lt\/wp-json\/wp\/v2\/media\/78334"}],"wp:attachment":[{"href":"https:\/\/e.kosmolat.eu\/lt\/wp-json\/wp\/v2\/media?parent=62749"}],"wp:term":[{"taxonomy":"product_cat","embeddable":true,"href":"https:\/\/e.kosmolat.eu\/lt\/wp-json\/wp\/v2\/product_cat?post=62749"},{"taxonomy":"product_tag","embeddable":true,"href":"https:\/\/e.kosmolat.eu\/lt\/wp-json\/wp\/v2\/product_tag?post=62749"}],"curies":[{"name":"wp","href":"https:\/\/api.w.org\/{rel}","templated":true}]}}