{"id":62741,"date":"2025-02-21T05:05:52","date_gmt":"2025-02-21T05:05:52","guid":{"rendered":"https:\/\/e.kosmolat.eu\/product\/sirdsv-pudera-suklis-3-krasas-4349\/"},"modified":"2025-09-20T06:12:48","modified_gmt":"2025-09-20T06:12:48","slug":"sirdsv-pudera-suklis-3-krasas-4349","status":"publish","type":"product","link":"https:\/\/e.kosmolat.eu\/lt\/produktas\/sirdsv-pudera-suklis-3-krasas-4349\/","title":{"rendered":"DONEGAL Pudros kempin\u0117, \u0161irdies formos, 3 spalvos, 4349"},"content":{"rendered":"<p>Sukurta tiksliam tepimui aki\u0173 srityje.<\/p>\n","protected":false},"excerpt":{"rendered":"<p>Sukurta tiksliam tepimui aki\u0173 srityje.<\/p>\n","protected":false},"featured_media":93494,"template":"","meta":[],"product_cat":[1551],"product_tag":[],"class_list":{"0":"post-62741","1":"product","2":"type-product","3":"status-publish","4":"has-post-thumbnail","6":"product_brand-donegal-sp-zo-o-_pl-lt","7":"product_cat-kempineles-ir-aplikatoriai","9":"first","10":"outofstock","11":"taxable","12":"shipping-taxable","13":"product-type-simple"},"_links":{"self":[{"href":"https:\/\/e.kosmolat.eu\/lt\/wp-json\/wp\/v2\/product\/62741","targetHints":{"allow":["GET"]}}],"collection":[{"href":"https:\/\/e.kosmolat.eu\/lt\/wp-json\/wp\/v2\/product"}],"about":[{"href":"https:\/\/e.kosmolat.eu\/lt\/wp-json\/wp\/v2\/types\/product"}],"wp:featuredmedia":[{"embeddable":true,"href":"https:\/\/e.kosmolat.eu\/lt\/wp-json\/wp\/v2\/media\/93494"}],"wp:attachment":[{"href":"https:\/\/e.kosmolat.eu\/lt\/wp-json\/wp\/v2\/media?parent=62741"}],"wp:term":[{"taxonomy":"product_cat","embeddable":true,"href":"https:\/\/e.kosmolat.eu\/lt\/wp-json\/wp\/v2\/product_cat?post=62741"},{"taxonomy":"product_tag","embeddable":true,"href":"https:\/\/e.kosmolat.eu\/lt\/wp-json\/wp\/v2\/product_tag?post=62741"}],"curies":[{"name":"wp","href":"https:\/\/api.w.org\/{rel}","templated":true}]}}