{"id":62733,"date":"2025-02-21T05:04:37","date_gmt":"2025-02-21T05:04:37","guid":{"rendered":"https:\/\/e.kosmolat.eu\/product\/matt-crush-divpus-pincete-maksl-skropst-ar-kemmiti-melna-4127\/"},"modified":"2025-09-20T06:11:56","modified_gmt":"2025-09-20T06:11:56","slug":"matt-crush-divpus-pincete-maksl-skropst-ar-kemmiti-melna-4127","status":"publish","type":"product","link":"https:\/\/e.kosmolat.eu\/lt\/produktas\/matt-crush-divpus-pincete-maksl-skropst-ar-kemmiti-melna-4127\/","title":{"rendered":"DONEGAL Matt Crush Dvipusis dirbtini\u0173 blakstien\u0173 pincetas su \u0161ukomis, juodas, 4127"},"content":{"rendered":"<p>Eleganti\u0161kas matinis dvipusis blakstien\u0173 pincetas su \u0161ukomis, idealiai tinka juostin\u0117ms, kuok\u0161telin\u0117ms ir magnetin\u0117ms blakstienoms. Dvipusis pincetas yra su \u0161ukomis, tod\u0117l lengviau formuoti antakius ir blakstienas.<\/p>\n","protected":false},"excerpt":{"rendered":"<p>Eleganti\u0161kas matinis dvipusis blakstien\u0173 pincetas su \u0161ukomis, idealiai tinka juostin\u0117ms, kuok\u0161telin\u0117ms ir magnetin\u0117ms blakstienoms. Dvipusis pincetas yra su \u0161ukomis, tod\u0117l lengviau formuoti antakius ir blakstienas.<\/p>\n","protected":false},"featured_media":93482,"template":"","meta":[],"product_cat":[1554],"product_tag":[],"class_list":{"0":"post-62733","1":"product","2":"type-product","3":"status-publish","4":"has-post-thumbnail","6":"product_brand-donegal-sp-zo-o-_pl-lt","7":"product_cat-irankiai-ir-smulkmenos","9":"first","10":"outofstock","11":"taxable","12":"shipping-taxable","13":"product-type-simple"},"_links":{"self":[{"href":"https:\/\/e.kosmolat.eu\/lt\/wp-json\/wp\/v2\/product\/62733","targetHints":{"allow":["GET"]}}],"collection":[{"href":"https:\/\/e.kosmolat.eu\/lt\/wp-json\/wp\/v2\/product"}],"about":[{"href":"https:\/\/e.kosmolat.eu\/lt\/wp-json\/wp\/v2\/types\/product"}],"wp:featuredmedia":[{"embeddable":true,"href":"https:\/\/e.kosmolat.eu\/lt\/wp-json\/wp\/v2\/media\/93482"}],"wp:attachment":[{"href":"https:\/\/e.kosmolat.eu\/lt\/wp-json\/wp\/v2\/media?parent=62733"}],"wp:term":[{"taxonomy":"product_cat","embeddable":true,"href":"https:\/\/e.kosmolat.eu\/lt\/wp-json\/wp\/v2\/product_cat?post=62733"},{"taxonomy":"product_tag","embeddable":true,"href":"https:\/\/e.kosmolat.eu\/lt\/wp-json\/wp\/v2\/product_tag?post=62733"}],"curies":[{"name":"wp","href":"https:\/\/api.w.org\/{rel}","templated":true}]}}