{"id":62725,"date":"2025-02-21T05:03:40","date_gmt":"2025-02-21T05:03:40","guid":{"rendered":"https:\/\/e.kosmolat.eu\/product\/matt-crush-slipa-pincete-melna-4126\/"},"modified":"2025-09-20T06:11:42","modified_gmt":"2025-09-20T06:11:42","slug":"matt-crush-slipa-pincete-melna-4126","status":"publish","type":"product","link":"https:\/\/e.kosmolat.eu\/lt\/produktas\/matt-crush-slipa-pincete-melna-4126\/","title":{"rendered":"DONEGAL Matt Crush pincetas, \u012fstri\u017eas, juodas, 4126"},"content":{"rendered":"<p>Sukurti tiksliai ir eleganti\u0161kai, \u0161ie pincetai yra b\u016btinas \u012frankis j\u016bs\u0173 gro\u017eio krep\u0161yje. Patvarus ir tikslus, leid\u017eia lengvai suformuoti antakius. Ploni, \u0161iek tiek nuo\u017euln\u016bs  galiukai u\u017etikrina greit\u0105 nepageidaujam\u0173 plauk\u0173 pa\u0161alinim\u0105.<\/p>\n","protected":false},"excerpt":{"rendered":"<p>Sukurti tiksliai ir eleganti\u0161kai, \u0161ie pincetai yra b\u016btinas \u012frankis j\u016bs\u0173 gro\u017eio krep\u0161yje. Patvarus ir tikslus, leid\u017eia lengvai suformuoti antakius. Ploni, \u0161iek tiek nuo\u017euln\u016bs galiukai u\u017etikrina greit\u0105 nepageidaujam\u0173 plauk\u0173 pa\u0161alinim\u0105.<\/p>\n","protected":false},"featured_media":93478,"template":"","meta":[],"product_cat":[1554],"product_tag":[],"class_list":{"0":"post-62725","1":"product","2":"type-product","3":"status-publish","4":"has-post-thumbnail","6":"product_brand-donegal-sp-zo-o-_pl-lt","7":"product_cat-irankiai-ir-smulkmenos","9":"first","10":"outofstock","11":"taxable","12":"shipping-taxable","13":"product-type-simple"},"_links":{"self":[{"href":"https:\/\/e.kosmolat.eu\/lt\/wp-json\/wp\/v2\/product\/62725","targetHints":{"allow":["GET"]}}],"collection":[{"href":"https:\/\/e.kosmolat.eu\/lt\/wp-json\/wp\/v2\/product"}],"about":[{"href":"https:\/\/e.kosmolat.eu\/lt\/wp-json\/wp\/v2\/types\/product"}],"wp:featuredmedia":[{"embeddable":true,"href":"https:\/\/e.kosmolat.eu\/lt\/wp-json\/wp\/v2\/media\/93478"}],"wp:attachment":[{"href":"https:\/\/e.kosmolat.eu\/lt\/wp-json\/wp\/v2\/media?parent=62725"}],"wp:term":[{"taxonomy":"product_cat","embeddable":true,"href":"https:\/\/e.kosmolat.eu\/lt\/wp-json\/wp\/v2\/product_cat?post=62725"},{"taxonomy":"product_tag","embeddable":true,"href":"https:\/\/e.kosmolat.eu\/lt\/wp-json\/wp\/v2\/product_tag?post=62725"}],"curies":[{"name":"wp","href":"https:\/\/api.w.org\/{rel}","templated":true}]}}