{"id":62717,"date":"2025-02-21T05:03:12","date_gmt":"2025-02-21T05:03:12","guid":{"rendered":"https:\/\/e.kosmolat.eu\/product\/matt-crush-nagu-knaibles-melnas-2144\/"},"modified":"2025-09-20T05:55:36","modified_gmt":"2025-09-20T05:55:36","slug":"matt-crush-nagu-knaibles-melnas-2144","status":"publish","type":"product","link":"https:\/\/e.kosmolat.eu\/lt\/produktas\/matt-crush-nagu-knaibles-melnas-2144\/","title":{"rendered":"DONEGAL Matt Crush Nag\u0173 \u017eirklut\u0117s, juoda, 2144"},"content":{"rendered":"<p>Eleganti\u0161kos matin\u0117s nag\u0173 kirpimo \u017eirkl\u0117s suformuos j\u016bs\u0173 nag\u0173 form\u0105 ir suteiks lygius kra\u0161tus. D\u0117l patvari\u0173 a\u0161men\u0173 jie gali susidoroti net su labai storais nagais. Produkt\u0105 patogu naudoti ir lengva laikyti.<\/p>\n","protected":false},"excerpt":{"rendered":"<p>Eleganti\u0161kos matin\u0117s nag\u0173 kirpimo \u017eirkl\u0117s suformuos j\u016bs\u0173 nag\u0173 form\u0105 ir suteiks lygius kra\u0161tus. D\u0117l patvari\u0173 a\u0161men\u0173 jie gali susidoroti net su labai storais nagais. Produkt\u0105 patogu naudoti ir lengva laikyti.<\/p>\n","protected":false},"featured_media":93210,"template":"","meta":[],"product_cat":[1757],"product_tag":[],"class_list":{"0":"post-62717","1":"product","2":"type-product","3":"status-publish","4":"has-post-thumbnail","6":"product_brand-donegal-sp-zo-o-_pl-lt","7":"product_cat-ranku-prieziuros-priedai","9":"first","10":"outofstock","11":"taxable","12":"shipping-taxable","13":"product-type-simple"},"_links":{"self":[{"href":"https:\/\/e.kosmolat.eu\/lt\/wp-json\/wp\/v2\/product\/62717","targetHints":{"allow":["GET"]}}],"collection":[{"href":"https:\/\/e.kosmolat.eu\/lt\/wp-json\/wp\/v2\/product"}],"about":[{"href":"https:\/\/e.kosmolat.eu\/lt\/wp-json\/wp\/v2\/types\/product"}],"wp:featuredmedia":[{"embeddable":true,"href":"https:\/\/e.kosmolat.eu\/lt\/wp-json\/wp\/v2\/media\/93210"}],"wp:attachment":[{"href":"https:\/\/e.kosmolat.eu\/lt\/wp-json\/wp\/v2\/media?parent=62717"}],"wp:term":[{"taxonomy":"product_cat","embeddable":true,"href":"https:\/\/e.kosmolat.eu\/lt\/wp-json\/wp\/v2\/product_cat?post=62717"},{"taxonomy":"product_tag","embeddable":true,"href":"https:\/\/e.kosmolat.eu\/lt\/wp-json\/wp\/v2\/product_tag?post=62717"}],"curies":[{"name":"wp","href":"https:\/\/api.w.org\/{rel}","templated":true}]}}