{"id":62709,"date":"2025-02-21T05:02:57","date_gmt":"2025-02-21T05:02:57","guid":{"rendered":"https:\/\/e.kosmolat.eu\/product\/love-my-skin-aksesuaru-komplekts-sejas-kops-6802\/"},"modified":"2026-03-13T07:31:15","modified_gmt":"2026-03-13T07:31:15","slug":"lms-aksesuaru-komplekts-sejas-kops-6802","status":"publish","type":"product","link":"https:\/\/e.kosmolat.eu\/lt\/produktas\/lms-aksesuaru-komplekts-sejas-kops-6802\/","title":{"rendered":"DONEGAL Love My Skin Veido aksesuar\u0173 rinkinys: makia\u017eo valiklis kempin\u0117 + \u0161irdies formos pudros kemp"},"content":{"rendered":"<p>Odos prie\u017ei\u016bros pried\u0173 rinkinys Love My Skin yra puiki dovana makia\u017eo m\u0117g\u0117jams. <\/p>\n<p>\u012e komplekt\u0105 \u012feina:<br \/>\n\u2022 Boo Boo Cleaning makia\u017eo valiklio kempin\u0117 \u2013 leid\u017eia efektyviai pa\u0161alinti makia\u017e\u0105 tik vandeniu.<br \/>\n\u2022 \u0160irdel\u0117s formos trij\u0173 pastelini\u0173 spalv\u0173 pudros kempin\u0117l\u0117s tiksliam tepimui aplink aki\u0173 srit\u012f.<\/p>\n","protected":false},"excerpt":{"rendered":"<p>Odos prie\u017ei\u016bros pried\u0173 rinkinys Love My Skin yra puiki dovana makia\u017eo m\u0117g\u0117jams. \u012e komplekt\u0105 \u012feina: \u2022 Boo Boo Cleaning makia\u017eo valiklio kempin\u0117 \u2013 leid\u017eia efektyviai pa\u0161alinti makia\u017e\u0105 tik vandeniu. \u2022 \u0160irdel\u0117s formos trij\u0173 pastelini\u0173 spalv\u0173 pudros kempin\u0117l\u0117s tiksliam tepimui aplink aki\u0173 srit\u012f.<\/p>\n","protected":false},"featured_media":93206,"template":"","meta":[],"product_cat":[2181],"product_tag":[],"class_list":{"0":"post-62709","1":"product","2":"type-product","3":"status-publish","4":"has-post-thumbnail","6":"product_brand-donegal-sp-zo-o-_pl-lt","7":"product_cat-bez-kategorijas-lt","9":"first","10":"instock","11":"taxable","12":"shipping-taxable","13":"product-type-simple"},"_links":{"self":[{"href":"https:\/\/e.kosmolat.eu\/lt\/wp-json\/wp\/v2\/product\/62709","targetHints":{"allow":["GET"]}}],"collection":[{"href":"https:\/\/e.kosmolat.eu\/lt\/wp-json\/wp\/v2\/product"}],"about":[{"href":"https:\/\/e.kosmolat.eu\/lt\/wp-json\/wp\/v2\/types\/product"}],"wp:featuredmedia":[{"embeddable":true,"href":"https:\/\/e.kosmolat.eu\/lt\/wp-json\/wp\/v2\/media\/93206"}],"wp:attachment":[{"href":"https:\/\/e.kosmolat.eu\/lt\/wp-json\/wp\/v2\/media?parent=62709"}],"wp:term":[{"taxonomy":"product_cat","embeddable":true,"href":"https:\/\/e.kosmolat.eu\/lt\/wp-json\/wp\/v2\/product_cat?post=62709"},{"taxonomy":"product_tag","embeddable":true,"href":"https:\/\/e.kosmolat.eu\/lt\/wp-json\/wp\/v2\/product_tag?post=62709"}],"curies":[{"name":"wp","href":"https:\/\/api.w.org\/{rel}","templated":true}]}}