{"id":62701,"date":"2025-02-21T05:02:43","date_gmt":"2025-02-21T05:02:43","guid":{"rendered":"https:\/\/e.kosmolat.eu\/product\/matt-crush-nagu-skeres-melnas-2143\/"},"modified":"2025-09-20T06:11:00","modified_gmt":"2025-09-20T06:11:00","slug":"matt-crush-nagu-skeres-melnas-2143","status":"publish","type":"product","link":"https:\/\/e.kosmolat.eu\/lt\/produktas\/matt-crush-nagu-skeres-melnas-2143\/","title":{"rendered":"DONEGAL Matt Crush Nag\u0173 \u017eirklut\u0117s, juoda, 2143"},"content":{"rendered":"<p>Eleganti\u0161kos matin\u0117s \u017eirkl\u0117s sukurtos taip, kad suteikt\u0173 maksimal\u0173 komfort\u0105 ir tikslum\u0105 kerpant nagus. Pagaminti i\u0161 auk\u0161tos kokyb\u0117s ner\u016bdijan\u010dio plieno, u\u017etikrina ilgaam\u017ei\u0161kum\u0105. J\u0173 ergonomi\u0161ka forma ir a\u0161tr\u016bs a\u0161menys garantuoja tiksl\u0173 ir saug\u0173 nag\u0173 kirpim\u0105.<\/p>\n","protected":false},"excerpt":{"rendered":"<p>Eleganti\u0161kos matin\u0117s \u017eirkl\u0117s sukurtos taip, kad suteikt\u0173 maksimal\u0173 komfort\u0105 ir tikslum\u0105 kerpant nagus. Pagaminti i\u0161 auk\u0161tos kokyb\u0117s ner\u016bdijan\u010dio plieno, u\u017etikrina ilgaam\u017ei\u0161kum\u0105. J\u0173 ergonomi\u0161ka forma ir a\u0161tr\u016bs a\u0161menys garantuoja tiksl\u0173 ir saug\u0173 nag\u0173 kirpim\u0105.<\/p>\n","protected":false},"featured_media":93466,"template":"","meta":[],"product_cat":[1757],"product_tag":[],"class_list":{"0":"post-62701","1":"product","2":"type-product","3":"status-publish","4":"has-post-thumbnail","6":"product_brand-donegal-sp-zo-o-_pl-lt","7":"product_cat-ranku-prieziuros-priedai","9":"first","10":"outofstock","11":"taxable","12":"shipping-taxable","13":"product-type-simple"},"_links":{"self":[{"href":"https:\/\/e.kosmolat.eu\/lt\/wp-json\/wp\/v2\/product\/62701","targetHints":{"allow":["GET"]}}],"collection":[{"href":"https:\/\/e.kosmolat.eu\/lt\/wp-json\/wp\/v2\/product"}],"about":[{"href":"https:\/\/e.kosmolat.eu\/lt\/wp-json\/wp\/v2\/types\/product"}],"wp:featuredmedia":[{"embeddable":true,"href":"https:\/\/e.kosmolat.eu\/lt\/wp-json\/wp\/v2\/media\/93466"}],"wp:attachment":[{"href":"https:\/\/e.kosmolat.eu\/lt\/wp-json\/wp\/v2\/media?parent=62701"}],"wp:term":[{"taxonomy":"product_cat","embeddable":true,"href":"https:\/\/e.kosmolat.eu\/lt\/wp-json\/wp\/v2\/product_cat?post=62701"},{"taxonomy":"product_tag","embeddable":true,"href":"https:\/\/e.kosmolat.eu\/lt\/wp-json\/wp\/v2\/product_tag?post=62701"}],"curies":[{"name":"wp","href":"https:\/\/api.w.org\/{rel}","templated":true}]}}