{"id":62673,"date":"2025-02-20T11:50:17","date_gmt":"2025-02-20T11:50:17","guid":{"rendered":"https:\/\/e.kosmolat.eu\/product\/elskin-lifting-gel-mask-collagen-1-mask\/"},"modified":"2025-09-20T06:10:33","modified_gmt":"2025-09-20T06:10:33","slug":"elskin-collagen-gela-sejas-maska-ekspress-liftings-1-gab-32-g","status":"publish","type":"product","link":"https:\/\/e.kosmolat.eu\/lt\/produktas\/elskin-collagen-gela-sejas-maska-ekspress-liftings-1-gab-32-g\/","title":{"rendered":"EL\u2019 SKIN Stangrinanti gelin\u0117 kauk\u0117, Collagen Express, 1 vnt. 32 g"},"content":{"rendered":"<p>Kauk\u0117 skirta intensyviai veido prie\u017ei\u016brai, pasi\u017eymi jauninamuoju ir stangrinan\u010diu poveikiu, lygina smulkias rauk\u0161leles ir ma\u017eina j\u0173 gyl\u012f, dr\u0117kina, didina elastingum\u0105, gerina odos tonus\u0105, sukuria matom\u0105 stangrinimo efekt\u0105. Kauk\u0117 yra plonas gelio lak\u0161tas, dengiamas ant veido. Puikiai priglud\u0119s sukuria \u201eantros odos\u201c efekt\u0105. Naudojimo metu gelis reaguoja \u012f k\u016bno temperat\u016br\u0105 ir tirpsta, efektyviai perne\u0161damas aktyvius komponentus gilyn \u012f derm\u0105.<\/p>\n<p>\u2022 Didelis kolageno kiekis kompozicijoje intensyviai atkuria prarast\u0105 elastingum\u0105, sukuria vidin\u0119 trimat\u0119 dermos strukt\u016br\u0105, palaiko dr\u0117gm\u0117s balans\u0105, suteikia tvirtumo, apsaugo nuo i\u0161orini\u0173 poveiki\u0173. Stimuliuoja nuosavo kolageno ir elastino gamyb\u0105, atkuria odos tank\u012f ir elastingum\u0105.<br \/>\n\u2022 Sraigi\u0173 mucinas pasi\u017eymi galingu atkuriamuoju, regeneruojan\u010diu, jauninamuoju poveikiu.<\/p>\n<p>*Gelines kaukes galima naudoti kasdien bet kuriuo met\u0173 laiku, joki\u0173 apribojim\u0173 n\u0117ra.<br \/>\n*Tinka visiems odos tipams bet kokiame am\u017eiuje.<\/p>\n<p>Naudojimas: *prie\u0161 naudojim\u0105 kauk\u0119 galima at\u0161aldyti \u0161aldytuve bent dvi valandas, arba pa\u0161ildyti \u012fd\u0117jus pakuot\u0119 \u012f \u0161ilt\u0105 vanden\u012f. Abiem atvejais kauk\u0117s poveikis padid\u0117s. . 1. Nuvalykite veid\u0105. Atidarykite pakuot\u0119 ir i\u0161imkite kauk\u0119. 2. B\u016btinai atskirkite gelio pagrind\u0105 nuo apsauginio neaustinio sluoksnio. 3. Gelin\u0119 kauk\u0119 \u0161velniai u\u017ed\u0117kite ant veido ir pir\u0161t\u0173 galiukais i\u0161tiesinkite, palikite 20-25 min. Tada nuimkite kauk\u0119 ir \u0161velniai patap\u0161nokite likusi\u0105 kompozicij\u0105. Nenuplaukite. *Kauk\u0119 naudokite 2-3 kartus per savait\u0119 Reguliariai naudojant kauk\u0119 oda taps lygi, \u0161ilkin\u0117 ir elastinga, o veido oda spind\u0117s \u0161vyt\u0117jimu ir gaivumu!<\/p>\n<p>Atsargumo priemon\u0117s: 1. Venkite naudoti ant pa\u017eeistos, sudirgintos ar saul\u0117je nudegusios odos. 2. Nenaudokite produkto, jei esate jautrus kuriam nors i\u0161 kompozicijos komponent\u0173. Jei naudojimo metu ant odos atsiranda paraudimas ir sudirginimas, nustokite naudoti ir pasikonsultuoti su gydytoju. 3. Venkite patekimo \u012f akis. Patekus \u012f akis, praplauti vandeniu. 4. Laikyti vaikams nepasiekiamoje vietoje, nuo 0\u00b0C iki 25\u00b0C temperat\u016broje. Venkite tiesiogini\u0173 saul\u0117s spinduli\u0173. 5. Tik i\u0161oriniam naudojimui. Neprarykite!<\/p>\n","protected":false},"excerpt":{"rendered":"<p>Kauk\u0117 skirta intensyviai veido prie\u017ei\u016brai, pasi\u017eymi jauninamuoju ir stangrinan\u010diu poveikiu, lygina smulkias rauk\u0161leles ir ma\u017eina j\u0173 gyl\u012f, dr\u0117kina, didina elastingum\u0105, gerina odos tonus\u0105, sukuria matom\u0105 stangrinimo efekt\u0105. Kauk\u0117 yra plonas gelio lak\u0161tas, dengiamas ant veido. Puikiai priglud\u0119s sukuria \u201eantros odos\u201c efekt\u0105. Naudojimo metu gelis reaguoja \u012f k\u016bno temperat\u016br\u0105 ir tirpsta, efektyviai perne\u0161damas aktyvius komponentus gilyn [&#8230;]\n","protected":false},"featured_media":93458,"template":"","meta":[],"product_cat":[1369],"product_tag":[],"class_list":{"0":"post-62673","1":"product","2":"type-product","3":"status-publish","4":"has-post-thumbnail","6":"product_brand-skinlite-lt","7":"product_cat-veido-kaukes","9":"first","10":"outofstock","11":"taxable","12":"shipping-taxable","13":"product-type-simple"},"_links":{"self":[{"href":"https:\/\/e.kosmolat.eu\/lt\/wp-json\/wp\/v2\/product\/62673","targetHints":{"allow":["GET"]}}],"collection":[{"href":"https:\/\/e.kosmolat.eu\/lt\/wp-json\/wp\/v2\/product"}],"about":[{"href":"https:\/\/e.kosmolat.eu\/lt\/wp-json\/wp\/v2\/types\/product"}],"wp:featuredmedia":[{"embeddable":true,"href":"https:\/\/e.kosmolat.eu\/lt\/wp-json\/wp\/v2\/media\/93458"}],"wp:attachment":[{"href":"https:\/\/e.kosmolat.eu\/lt\/wp-json\/wp\/v2\/media?parent=62673"}],"wp:term":[{"taxonomy":"product_cat","embeddable":true,"href":"https:\/\/e.kosmolat.eu\/lt\/wp-json\/wp\/v2\/product_cat?post=62673"},{"taxonomy":"product_tag","embeddable":true,"href":"https:\/\/e.kosmolat.eu\/lt\/wp-json\/wp\/v2\/product_tag?post=62673"}],"curies":[{"name":"wp","href":"https:\/\/api.w.org\/{rel}","templated":true}]}}