{"id":62648,"date":"2025-02-19T14:22:04","date_gmt":"2025-02-19T14:22:04","guid":{"rendered":"https:\/\/e.kosmolat.eu\/?post_type=product&#038;p=62648"},"modified":"2026-01-16T10:46:05","modified_gmt":"2026-01-16T10:46:05","slug":"elskin-snail-secret-sejas-krems-20-g","status":"publish","type":"product","link":"https:\/\/e.kosmolat.eu\/lt\/produktas\/elskin-snail-secret-sejas-krems-20-g\/","title":{"rendered":"EL\u2019 SKIN Veido kremas Sraigi\u0173 sekretas, 20 g"},"content":{"rendered":"<p>Kremas su dideliu mucino kiekiu yra subtilios tekst\u016bros, akimirksniu prasiskverbia giliai \u012f derm\u0105, u\u017epildo rauk\u0161les ir prisotina od\u0105 dr\u0117gme, maitina ir atkuria j\u0105. Sraigi\u0173 mucinas \u2013 unikalus komponentas, pasi\u017eymintis galingu atkuriamuoju ir jauninamuoju poveikiu. B\u016bdamas antioksidantas, \u0161alina toksinus, skatina l\u0105steli\u0173 atsinaujinim\u0105, tod\u0117l s\u0117kmingai kovoja su pigmentacija, puikiai tvarkosi su pasekm\u0117mis po spuog\u0173 ir i\u0161sipl\u0117tusiomis  poromis, saugo od\u0105 nuo i\u0161orinio poveikio. Mucinas taip pat aktyvina j\u016bs\u0173 nuosavo kolageno ir elastino gamyb\u0105, pa\u0161alina sausum\u0105 ir pleiskanojim\u0105, padeda i\u0161laikyti jaunyst\u0119 ir suteikia veidui sveik\u0105 ir gerai pri\u017ei\u016brim\u0105 i\u0161vaizd\u0105.<br \/>\nReguliariai naudojant produktus su mucinu, oda tampa labiau elastinga, ma\u017eiau pastebimos rauk\u0161l\u0117s, o veido spalva lygesn\u0117. <\/p>\n<p>*D\u0117l didel\u0117s nat\u016bralaus mucino koncentracijos kompozicijoje kremas gali b\u016bti klampios konsistencijos.<br \/>\nNaudojimas: nedidel\u012f kiek\u012f kremo u\u017etepkite ant \u0161varios veido, kaklo ir dekolt\u0117 odos, masa\u017euokite, kol visi\u0161kai \u012fsigers. Tinka nak\u010diai ir dieninei prie\u017ei\u016brai, taip pat kaip makia\u017eo pagrindas. N\u0116RA SPF. Norint pasiekti matom\u0173 rezultat\u0173, rekomenduojama naudoti krem\u0105 kursu 1-2 kartus per dien\u0105 vis\u0105 m\u0117nes\u012f.<\/p>\n<p>Atsargumo priemon\u0117s: 1. Venkite naudoti ant pa\u017eeistos, sudirgusios ar saul\u0117je nudegusios odos. 2. Nenaudokite produkto, jei esate jautrus kuriam nors i\u0161 kompozicijos komponent\u0173. Jei naudojimo metu atsiranda odos paraudimas ar sudirginimas, nutraukite naudojim\u0105 ir kreipkit\u0117s \u012f gydytoj\u0105. 3. Venkite patekimo \u012f akis. Patekus \u012f akis, praplauti vandeniu. 4. Laikyti vaikams nepasiekiamoje vietoje, nuo 0\u00b0C iki 25\u00b0C temperat\u016broje. Venkite tiesiogini\u0173 saul\u0117s spinduli\u0173. 5. Tik i\u0161oriniam naudojimui. Nenuryti!<\/p>\n","protected":false},"excerpt":{"rendered":"<p>Kremas su dideliu mucino kiekiu yra subtilios tekst\u016bros, akimirksniu prasiskverbia giliai \u012f derm\u0105, u\u017epildo rauk\u0161les ir prisotina od\u0105 dr\u0117gme, maitina ir atkuria j\u0105. Sraigi\u0173 mucinas \u2013 unikalus komponentas, pasi\u017eymintis galingu atkuriamuoju ir jauninamuoju poveikiu. B\u016bdamas antioksidantas, \u0161alina toksinus, skatina l\u0105steli\u0173 atsinaujinim\u0105, tod\u0117l s\u0117kmingai kovoja su pigmentacija, puikiai tvarkosi su pasekm\u0117mis po spuog\u0173 ir i\u0161sipl\u0117tusiomis poromis, [&#8230;]\n","protected":false},"featured_media":93454,"template":"","meta":[],"product_cat":[1369],"product_tag":[],"class_list":{"0":"post-62648","1":"product","2":"type-product","3":"status-publish","4":"has-post-thumbnail","6":"product_brand-skinlite-lt","7":"product_cat-veido-kaukes","9":"first","10":"outofstock","11":"taxable","12":"shipping-taxable","13":"product-type-simple"},"_links":{"self":[{"href":"https:\/\/e.kosmolat.eu\/lt\/wp-json\/wp\/v2\/product\/62648","targetHints":{"allow":["GET"]}}],"collection":[{"href":"https:\/\/e.kosmolat.eu\/lt\/wp-json\/wp\/v2\/product"}],"about":[{"href":"https:\/\/e.kosmolat.eu\/lt\/wp-json\/wp\/v2\/types\/product"}],"wp:featuredmedia":[{"embeddable":true,"href":"https:\/\/e.kosmolat.eu\/lt\/wp-json\/wp\/v2\/media\/93454"}],"wp:attachment":[{"href":"https:\/\/e.kosmolat.eu\/lt\/wp-json\/wp\/v2\/media?parent=62648"}],"wp:term":[{"taxonomy":"product_cat","embeddable":true,"href":"https:\/\/e.kosmolat.eu\/lt\/wp-json\/wp\/v2\/product_cat?post=62648"},{"taxonomy":"product_tag","embeddable":true,"href":"https:\/\/e.kosmolat.eu\/lt\/wp-json\/wp\/v2\/product_tag?post=62648"}],"curies":[{"name":"wp","href":"https:\/\/api.w.org\/{rel}","templated":true}]}}