{"id":62632,"date":"2025-02-18T10:50:29","date_gmt":"2025-02-18T10:50:29","guid":{"rendered":"https:\/\/e.kosmolat.eu\/?post_type=product&#038;p=62632"},"modified":"2026-04-17T11:28:17","modified_gmt":"2026-04-17T11:28:17","slug":"bianca-kosmetiskas-kremziepes-koksne-un-ambra-200-g","status":"publish","type":"product","link":"https:\/\/e.kosmolat.eu\/lt\/produktas\/bianca-kosmetiskas-kremziepes-koksne-un-ambra-200-g\/","title":{"rendered":"BIANCA Kosmetinis kreminis muilas  Mediena ir ambra, 200 g"},"content":{"rendered":"<p>Saugojimas: laikyti sausose, u\u017edarose, gerai v\u0117dinamose patalpose.<\/p>\n<p>Atsargumo priemon\u0117s: Patekus \u012f akis, kruop\u0161\u010diai nuplaukite tekan\u010diu vandeniu.<\/p>\n<p>Geriausias: 5 metai nuo pagaminimo datos.<\/p>\n","protected":false},"excerpt":{"rendered":"<p>Saugojimas: laikyti sausose, u\u017edarose, gerai v\u0117dinamose patalpose. Atsargumo priemon\u0117s: Patekus \u012f akis, kruop\u0161\u010diai nuplaukite tekan\u010diu vandeniu. Geriausias: 5 metai nuo pagaminimo datos.<\/p>\n","protected":false},"featured_media":101434,"template":"","meta":[],"product_cat":[1751],"product_tag":[],"class_list":{"0":"post-62632","1":"product","2":"type-product","3":"status-publish","4":"has-post-thumbnail","6":"product_brand-slobozanskij-milovar_ua-lt","7":"product_cat-kosmetinis-muilas","9":"first","10":"outofstock","11":"taxable","12":"shipping-taxable","13":"product-type-simple"},"_links":{"self":[{"href":"https:\/\/e.kosmolat.eu\/lt\/wp-json\/wp\/v2\/product\/62632","targetHints":{"allow":["GET"]}}],"collection":[{"href":"https:\/\/e.kosmolat.eu\/lt\/wp-json\/wp\/v2\/product"}],"about":[{"href":"https:\/\/e.kosmolat.eu\/lt\/wp-json\/wp\/v2\/types\/product"}],"wp:featuredmedia":[{"embeddable":true,"href":"https:\/\/e.kosmolat.eu\/lt\/wp-json\/wp\/v2\/media\/101434"}],"wp:attachment":[{"href":"https:\/\/e.kosmolat.eu\/lt\/wp-json\/wp\/v2\/media?parent=62632"}],"wp:term":[{"taxonomy":"product_cat","embeddable":true,"href":"https:\/\/e.kosmolat.eu\/lt\/wp-json\/wp\/v2\/product_cat?post=62632"},{"taxonomy":"product_tag","embeddable":true,"href":"https:\/\/e.kosmolat.eu\/lt\/wp-json\/wp\/v2\/product_tag?post=62632"}],"curies":[{"name":"wp","href":"https:\/\/api.w.org\/{rel}","templated":true}]}}