{"id":62624,"date":"2025-02-18T09:50:29","date_gmt":"2025-02-18T09:50:29","guid":{"rendered":"https:\/\/e.kosmolat.eu\/?post_type=product&#038;p=62624"},"modified":"2026-04-17T07:56:57","modified_gmt":"2026-04-17T07:56:57","slug":"happy-life-cietas-ziepes-sejas-lini-un-matca-180-g","status":"publish","type":"product","link":"https:\/\/e.kosmolat.eu\/lt\/produktas\/happy-life-cietas-ziepes-sejas-lini-un-matca-180-g\/","title":{"rendered":"HAPPY LIFE Muilas Linai ir matcha, 180 g"},"content":{"rendered":"<p>\u2022 Lin\u0173 s\u0117men\u0173 ekstrakte yra omega-3 riebal\u0173 r\u016bg\u0161\u010di\u0173, B grup\u0117s vitamin\u0173 ir vitamino E, kurie apsaugo nuo i\u0161saus\u0117jimo ir ramina od\u0105.<br \/>\n\u2022 \u017daliosios arbatos ekstrakte gausu biologi\u0161kai aktyvi\u0173 med\u017eiag\u0173, toki\u0173 kaip vitaminai, mikroelementai ir antioksidantai, kurie pasi\u017eymi raminan\u010diomis ir mink\u0161tinan\u010diomis savyb\u0117mis, gerinan\u010diomis odos b\u016bkl\u0119.<\/p>\n<p>Saugojimas: laikyti sausose, u\u017edarose, gerai v\u0117dinamose patalpose.<\/p>\n<p>Atsargumo priemon\u0117s: Patekus \u012f akis, kruop\u0161\u010diai nuplaukite tekan\u010diu vandeniu.<\/p>\n<p>Geriausias: 5 metai nuo pagaminimo datos.<\/p>\n","protected":false},"excerpt":{"rendered":"<p>\u2022 Lin\u0173 s\u0117men\u0173 ekstrakte yra omega-3 riebal\u0173 r\u016bg\u0161\u010di\u0173, B grup\u0117s vitamin\u0173 ir vitamino E, kurie apsaugo nuo i\u0161saus\u0117jimo ir ramina od\u0105. \u2022 \u017daliosios arbatos ekstrakte gausu biologi\u0161kai aktyvi\u0173 med\u017eiag\u0173, toki\u0173 kaip vitaminai, mikroelementai ir antioksidantai, kurie pasi\u017eymi raminan\u010diomis ir mink\u0161tinan\u010diomis savyb\u0117mis, gerinan\u010diomis odos b\u016bkl\u0119. Saugojimas: laikyti sausose, u\u017edarose, gerai v\u0117dinamose patalpose. Atsargumo priemon\u0117s: Patekus \u012f [&#8230;]\n","protected":false},"featured_media":100068,"template":"","meta":[],"product_cat":[2181],"product_tag":[],"class_list":{"0":"post-62624","1":"product","2":"type-product","3":"status-publish","4":"has-post-thumbnail","6":"product_brand-slobozanskij-milovar_ua-lt","7":"product_cat-bez-kategorijas-lt","9":"first","10":"instock","11":"taxable","12":"shipping-taxable","13":"product-type-simple"},"_links":{"self":[{"href":"https:\/\/e.kosmolat.eu\/lt\/wp-json\/wp\/v2\/product\/62624","targetHints":{"allow":["GET"]}}],"collection":[{"href":"https:\/\/e.kosmolat.eu\/lt\/wp-json\/wp\/v2\/product"}],"about":[{"href":"https:\/\/e.kosmolat.eu\/lt\/wp-json\/wp\/v2\/types\/product"}],"wp:featuredmedia":[{"embeddable":true,"href":"https:\/\/e.kosmolat.eu\/lt\/wp-json\/wp\/v2\/media\/100068"}],"wp:attachment":[{"href":"https:\/\/e.kosmolat.eu\/lt\/wp-json\/wp\/v2\/media?parent=62624"}],"wp:term":[{"taxonomy":"product_cat","embeddable":true,"href":"https:\/\/e.kosmolat.eu\/lt\/wp-json\/wp\/v2\/product_cat?post=62624"},{"taxonomy":"product_tag","embeddable":true,"href":"https:\/\/e.kosmolat.eu\/lt\/wp-json\/wp\/v2\/product_tag?post=62624"}],"curies":[{"name":"wp","href":"https:\/\/api.w.org\/{rel}","templated":true}]}}