{"id":62620,"date":"2025-02-18T08:52:28","date_gmt":"2025-02-18T08:52:28","guid":{"rendered":"https:\/\/e.kosmolat.eu\/?post_type=product&#038;p=62620"},"modified":"2026-04-21T09:22:18","modified_gmt":"2026-04-21T09:22:18","slug":"happy-life-cietas-ziepes-saulespuke-un-graudaugi-180-g","status":"publish","type":"product","link":"https:\/\/e.kosmolat.eu\/lt\/produktas\/happy-life-cietas-ziepes-saulespuke-un-graudaugi-180-g\/","title":{"rendered":"HAPPY LIFE Muilas Saul\u0117gr\u0105\u017eos ir dribsniai, 180 g"},"content":{"rendered":"<p>\u2022 Saul\u0117gr\u0105\u017e\u0173 ekstrakte yra flavonoid\u0173, vitamin\u0173 (ypa\u010d E) ir riebi\u0173j\u0173 r\u016bg\u0161\u010di\u0173, kurios padeda nuraminti od\u0105, palaiko hidratacij\u0105 ir daro od\u0105 \u0161velnesn\u0119.<br \/>\n\u2022 Hidrolizuotuose kvie\u010di\u0173 baltymuose yra aminor\u016bg\u0161\u010di\u0173, peptid\u0173 ir ferment\u0173, kurie padeda dr\u0117kinti, apsaugoti ir mink\u0161tinti od\u0105.<\/p>\n<p>Saugojimas: laikyti sausose, u\u017edarose, gerai v\u0117dinamose patalpose.<\/p>\n<p>Atsargumo priemon\u0117s: Patekus \u012f akis, kruop\u0161\u010diai nuplaukite tekan\u010diu vandeniu.<\/p>\n<p>Geriausias: 5 metai nuo pagaminimo datos.<\/p>\n","protected":false},"excerpt":{"rendered":"<p>\u2022 Saul\u0117gr\u0105\u017e\u0173 ekstrakte yra flavonoid\u0173, vitamin\u0173 (ypa\u010d E) ir riebi\u0173j\u0173 r\u016bg\u0161\u010di\u0173, kurios padeda nuraminti od\u0105, palaiko hidratacij\u0105 ir daro od\u0105 \u0161velnesn\u0119. \u2022 Hidrolizuotuose kvie\u010di\u0173 baltymuose yra aminor\u016bg\u0161\u010di\u0173, peptid\u0173 ir ferment\u0173, kurie padeda dr\u0117kinti, apsaugoti ir mink\u0161tinti od\u0105. Saugojimas: laikyti sausose, u\u017edarose, gerai v\u0117dinamose patalpose. Atsargumo priemon\u0117s: Patekus \u012f akis, kruop\u0161\u010diai nuplaukite tekan\u010diu vandeniu. Geriausias: 5 [&#8230;]\n","protected":false},"featured_media":100072,"template":"","meta":[],"product_cat":[2181],"product_tag":[],"class_list":{"0":"post-62620","1":"product","2":"type-product","3":"status-publish","4":"has-post-thumbnail","6":"product_brand-slobozanskij-milovar_ua-lt","7":"product_cat-bez-kategorijas-lt","9":"first","10":"instock","11":"taxable","12":"shipping-taxable","13":"product-type-simple"},"_links":{"self":[{"href":"https:\/\/e.kosmolat.eu\/lt\/wp-json\/wp\/v2\/product\/62620","targetHints":{"allow":["GET"]}}],"collection":[{"href":"https:\/\/e.kosmolat.eu\/lt\/wp-json\/wp\/v2\/product"}],"about":[{"href":"https:\/\/e.kosmolat.eu\/lt\/wp-json\/wp\/v2\/types\/product"}],"wp:featuredmedia":[{"embeddable":true,"href":"https:\/\/e.kosmolat.eu\/lt\/wp-json\/wp\/v2\/media\/100072"}],"wp:attachment":[{"href":"https:\/\/e.kosmolat.eu\/lt\/wp-json\/wp\/v2\/media?parent=62620"}],"wp:term":[{"taxonomy":"product_cat","embeddable":true,"href":"https:\/\/e.kosmolat.eu\/lt\/wp-json\/wp\/v2\/product_cat?post=62620"},{"taxonomy":"product_tag","embeddable":true,"href":"https:\/\/e.kosmolat.eu\/lt\/wp-json\/wp\/v2\/product_tag?post=62620"}],"curies":[{"name":"wp","href":"https:\/\/api.w.org\/{rel}","templated":true}]}}