{"id":62594,"date":"2025-02-15T05:02:39","date_gmt":"2025-02-15T05:02:39","guid":{"rendered":"https:\/\/e.kosmolat.eu\/product\/bio-naturell-coconut-oil-omega-3-matu-maska-946-ml\/"},"modified":"2026-04-16T11:34:22","modified_gmt":"2026-04-16T11:34:22","slug":"bio-naturell-coconut-oil-omega-3-matu-maska-946-ml","status":"publish","type":"product","link":"https:\/\/e.kosmolat.eu\/lt\/produktas\/bio-naturell-coconut-oil-omega-3-matu-maska-946-ml\/","title":{"rendered":"BIO NATURELL Coconut Oil &#038; Omega 3 Plauk\u0173 kauk\u0117, 946 ml"},"content":{"rendered":"<p>Plauk\u0173 kauk\u0117. Plauk\u0173 ultra maitinimas. Sud\u0117tyje yra 100% nat\u016bralus aliejus. Vegani&scaron;kas produktas.<\/p>\n<p><strong>Naudojimas:<\/strong> Tepkite ant &scaron;vari\u0173 dr\u0117gn\u0173 plauk\u0173. Palikite 3-5 minutes, tada kruop&scaron;\u010diai nuplaukite.<\/p>\n<p><strong>Atsargumo priemon\u0117s:<\/strong> Patekus \u012f akis, praplauti vandeniu. Galimas padid\u0117j\u0119s individualus jautrumas atskiriems komponentams.<\/p>\n<p>Laikyti nuo +5 &deg;C iki +25 &deg;C temperat\u016broje.<br \/>\n&nbsp;<\/p>\n","protected":false},"excerpt":{"rendered":"<p>Plauk\u0173 kauk\u0117. Plauk\u0173 ultra maitinimas. Sud\u0117tyje yra 100% nat\u016bralus aliejus. Vegani&scaron;kas produktas. Naudojimas: Tepkite ant &scaron;vari\u0173 dr\u0117gn\u0173 plauk\u0173. Palikite 3-5 minutes, tada kruop&scaron;\u010diai nuplaukite. Atsargumo priemon\u0117s: Patekus \u012f akis, praplauti vandeniu. Galimas padid\u0117j\u0119s individualus jautrumas atskiriems komponentams. Laikyti nuo +5 &deg;C iki +25 &deg;C temperat\u016broje. &nbsp;<\/p>\n","protected":false},"featured_media":100788,"template":"","meta":[],"product_cat":[2181],"product_tag":[],"class_list":{"0":"post-62594","1":"product","2":"type-product","3":"status-publish","4":"has-post-thumbnail","6":"product_brand-elfa_ua-lt","7":"product_cat-bez-kategorijas-lt","9":"first","10":"instock","11":"taxable","12":"shipping-taxable","13":"product-type-simple"},"_links":{"self":[{"href":"https:\/\/e.kosmolat.eu\/lt\/wp-json\/wp\/v2\/product\/62594","targetHints":{"allow":["GET"]}}],"collection":[{"href":"https:\/\/e.kosmolat.eu\/lt\/wp-json\/wp\/v2\/product"}],"about":[{"href":"https:\/\/e.kosmolat.eu\/lt\/wp-json\/wp\/v2\/types\/product"}],"wp:featuredmedia":[{"embeddable":true,"href":"https:\/\/e.kosmolat.eu\/lt\/wp-json\/wp\/v2\/media\/100788"}],"wp:attachment":[{"href":"https:\/\/e.kosmolat.eu\/lt\/wp-json\/wp\/v2\/media?parent=62594"}],"wp:term":[{"taxonomy":"product_cat","embeddable":true,"href":"https:\/\/e.kosmolat.eu\/lt\/wp-json\/wp\/v2\/product_cat?post=62594"},{"taxonomy":"product_tag","embeddable":true,"href":"https:\/\/e.kosmolat.eu\/lt\/wp-json\/wp\/v2\/product_tag?post=62594"}],"curies":[{"name":"wp","href":"https:\/\/api.w.org\/{rel}","templated":true}]}}