{"id":62586,"date":"2025-02-15T05:00:47","date_gmt":"2025-02-15T05:00:47","guid":{"rendered":"https:\/\/e.kosmolat.eu\/product\/dr-s-anti-hair-loss-maska-pret-matu-izkrisanu-300-ml\/"},"modified":"2026-04-22T13:15:18","modified_gmt":"2026-04-22T13:15:18","slug":"dr-s-anti-hair-loss-maska-pret-matu-izkrisanu-300-ml","status":"publish","type":"product","link":"https:\/\/e.kosmolat.eu\/lt\/produktas\/dr-s-anti-hair-loss-maska-pret-matu-izkrisanu-300-ml\/","title":{"rendered":"DR. SANTE Anti Hair Loss Kauk\u0117 nuo plauk\u0173 slinkimo, 300 ml"},"content":{"rendered":"<p>Kauk\u0117 stiprina plaukus, gerina &scaron;ukavim\u0105, ma\u017eina trapum\u0105. Dermatologi&scaron;kai patikrintas<\/p>\n<p><strong>Naudojimas:<\/strong> Tepkite ant &scaron;vari\u0173, dr\u0117gn\u0173 plauk\u0173. Palikite 3-5 minutes, tada kruop&scaron;\u010diai nuplaukite. Naudokite 1-2 kartus per savait\u0119.<\/p>\n<p><strong>Atsargumo priemon\u0117s:<\/strong>&nbsp;patekus \u012f akis, praplauti vandeniu. Galimas padid\u0117j\u0119s individualus jautrumas atskiriems komponentams.<\/p>\n<p>Laikyti nuo +5 &deg;C iki +25 &deg;C temperat\u016broje.<br \/>\n&nbsp;<\/p>\n","protected":false},"excerpt":{"rendered":"<p>Kauk\u0117 stiprina plaukus, gerina &scaron;ukavim\u0105, ma\u017eina trapum\u0105. Dermatologi&scaron;kai patikrintas Naudojimas: Tepkite ant &scaron;vari\u0173, dr\u0117gn\u0173 plauk\u0173. Palikite 3-5 minutes, tada kruop&scaron;\u010diai nuplaukite. Naudokite 1-2 kartus per savait\u0119. Atsargumo priemon\u0117s:&nbsp;patekus \u012f akis, praplauti vandeniu. Galimas padid\u0117j\u0119s individualus jautrumas atskiriems komponentams. Laikyti nuo +5 &deg;C iki +25 &deg;C temperat\u016broje. &nbsp;<\/p>\n","protected":false},"featured_media":102853,"template":"","meta":[],"product_cat":[2181],"product_tag":[],"class_list":{"0":"post-62586","1":"product","2":"type-product","3":"status-publish","4":"has-post-thumbnail","6":"product_brand-elfa_ua-lt","7":"product_cat-bez-kategorijas-lt","9":"first","10":"instock","11":"taxable","12":"shipping-taxable","13":"product-type-simple"},"_links":{"self":[{"href":"https:\/\/e.kosmolat.eu\/lt\/wp-json\/wp\/v2\/product\/62586","targetHints":{"allow":["GET"]}}],"collection":[{"href":"https:\/\/e.kosmolat.eu\/lt\/wp-json\/wp\/v2\/product"}],"about":[{"href":"https:\/\/e.kosmolat.eu\/lt\/wp-json\/wp\/v2\/types\/product"}],"wp:featuredmedia":[{"embeddable":true,"href":"https:\/\/e.kosmolat.eu\/lt\/wp-json\/wp\/v2\/media\/102853"}],"wp:attachment":[{"href":"https:\/\/e.kosmolat.eu\/lt\/wp-json\/wp\/v2\/media?parent=62586"}],"wp:term":[{"taxonomy":"product_cat","embeddable":true,"href":"https:\/\/e.kosmolat.eu\/lt\/wp-json\/wp\/v2\/product_cat?post=62586"},{"taxonomy":"product_tag","embeddable":true,"href":"https:\/\/e.kosmolat.eu\/lt\/wp-json\/wp\/v2\/product_tag?post=62586"}],"curies":[{"name":"wp","href":"https:\/\/api.w.org\/{rel}","templated":true}]}}