{"id":62542,"date":"2025-02-14T05:04:25","date_gmt":"2025-02-14T05:04:25","guid":{"rendered":"https:\/\/e.kosmolat.eu\/product\/dilis-jour-de-lhomme-seduisant-edp-parfim-udens-viries-100-ml\/"},"modified":"2026-02-24T07:02:58","modified_gmt":"2026-02-24T07:02:58","slug":"dilis-jour-de-lhomme-seduisant-edp-parfim-udens-viries-100-ml","status":"publish","type":"product","link":"https:\/\/e.kosmolat.eu\/lt\/produktas\/dilis-jour-de-lhomme-seduisant-edp-parfim-udens-viries-100-ml\/","title":{"rendered":"DILIS Jour De L\u2019Homme Seduisant EDP Parfumuotas vanduo vyrams, 100 ml"},"content":{"rendered":"<p>Laikyti nuo +5 \u00b0C iki +25 \u00b0C temperat\u016broje. Nelaikyti kvepal\u0173 esant tiesioginiam saul\u0117s spinduli\u0173 poveikiui ir \u0161alia \u0161ildymo prietais\u0173.<\/p>\n<p>Atsargumo priemon\u0117s: Tik i\u0161oriniam naudojimui. Vengti patekimo \u012f akis. Nepurk\u0161kite \u0161alia atviros liepsnos. \u0160io produkto naudojimas maistui yra pavojingas gyvybei ir sveikatai.<\/p>\n<p>Etilo alkoholio t\u016brin\u0117 dalis yra 80%.<\/p>\n<p>Atsakingas asmuo: SIA &#8220;Kosmolats&#8221;, Lizuma 5L, R\u012bga, Latvija, LV-1006, t. +371 6720 5500, www.kosmolat.eu<\/p>\n","protected":false},"excerpt":{"rendered":"<p>Laikyti nuo +5 \u00b0C iki +25 \u00b0C temperat\u016broje. Nelaikyti kvepal\u0173 esant tiesioginiam saul\u0117s spinduli\u0173 poveikiui ir \u0161alia \u0161ildymo prietais\u0173. Atsargumo priemon\u0117s: Tik i\u0161oriniam naudojimui. Vengti patekimo \u012f akis. Nepurk\u0161kite \u0161alia atviros liepsnos. \u0160io produkto naudojimas maistui yra pavojingas gyvybei ir sveikatai. Etilo alkoholio t\u016brin\u0117 dalis yra 80%. Atsakingas asmuo: SIA &#8220;Kosmolats&#8221;, Lizuma 5L, R\u012bga, Latvija, [&#8230;]\n","protected":false},"featured_media":100680,"template":"","meta":[],"product_cat":[1438],"product_tag":[],"class_list":{"0":"post-62542","1":"product","2":"type-product","3":"status-publish","4":"has-post-thumbnail","6":"product_brand-dilis-kosmetik_by-lt","7":"product_cat-kvepalai-ir-tualetinis-vanduo-vyrams","9":"first","10":"outofstock","11":"taxable","12":"shipping-taxable","13":"product-type-simple"},"_links":{"self":[{"href":"https:\/\/e.kosmolat.eu\/lt\/wp-json\/wp\/v2\/product\/62542","targetHints":{"allow":["GET"]}}],"collection":[{"href":"https:\/\/e.kosmolat.eu\/lt\/wp-json\/wp\/v2\/product"}],"about":[{"href":"https:\/\/e.kosmolat.eu\/lt\/wp-json\/wp\/v2\/types\/product"}],"wp:featuredmedia":[{"embeddable":true,"href":"https:\/\/e.kosmolat.eu\/lt\/wp-json\/wp\/v2\/media\/100680"}],"wp:attachment":[{"href":"https:\/\/e.kosmolat.eu\/lt\/wp-json\/wp\/v2\/media?parent=62542"}],"wp:term":[{"taxonomy":"product_cat","embeddable":true,"href":"https:\/\/e.kosmolat.eu\/lt\/wp-json\/wp\/v2\/product_cat?post=62542"},{"taxonomy":"product_tag","embeddable":true,"href":"https:\/\/e.kosmolat.eu\/lt\/wp-json\/wp\/v2\/product_tag?post=62542"}],"curies":[{"name":"wp","href":"https:\/\/api.w.org\/{rel}","templated":true}]}}