{"id":62510,"date":"2025-02-14T05:03:13","date_gmt":"2025-02-14T05:03:13","guid":{"rendered":"https:\/\/e.kosmolat.eu\/product\/dilis-mono-collection-2-citrus-basil-smarzas-sievietem-25-ml\/"},"modified":"2025-05-06T04:44:04","modified_gmt":"2025-05-06T04:44:04","slug":"dilis-mono-collection-2-citrus-basil-smarzas-sievietem-25-ml","status":"publish","type":"product","link":"https:\/\/e.kosmolat.eu\/lt\/produktas\/dilis-mono-collection-2-citrus-basil-smarzas-sievietem-25-ml\/","title":{"rendered":"DILIS Mono Collection #2 citrus\/basil Kvepalai moterims, 25 ml"},"content":{"rendered":"<p>Laikyti nuo +5 \u00b0C iki +25 \u00b0C temperat\u016broje. Nelaikyti kvepal\u0173 esant tiesioginiam saul\u0117s spinduli\u0173 poveikiui ir \u0161alia \u0161ildymo prietais\u0173.<\/p>\n<p>Atsargumo priemon\u0117s: Tik i\u0161oriniam naudojimui. Vengti patekimo \u012f akis. Nepurk\u0161kite \u0161alia atviros liepsnos. \u0160io produkto naudojimas maistui yra pavojingas gyvybei ir sveikatai.<\/p>\n<p>Etilo alkoholio t\u016brin\u0117 dalis yra 85%.<\/p>\n<p>Atsakingas asmuo: SIA &#8220;Kosmolats&#8221;, Lizuma 5L, R\u012bga, Latvija, LV-1006, t. +371 6720 5500, www.kosmolat.eu<\/p>\n","protected":false},"excerpt":{"rendered":"<p>Laikyti nuo +5 \u00b0C iki +25 \u00b0C temperat\u016broje. Nelaikyti kvepal\u0173 esant tiesioginiam saul\u0117s spinduli\u0173 poveikiui ir \u0161alia \u0161ildymo prietais\u0173. Atsargumo priemon\u0117s: Tik i\u0161oriniam naudojimui. Vengti patekimo \u012f akis. Nepurk\u0161kite \u0161alia atviros liepsnos. \u0160io produkto naudojimas maistui yra pavojingas gyvybei ir sveikatai. Etilo alkoholio t\u016brin\u0117 dalis yra 85%. Atsakingas asmuo: SIA &#8220;Kosmolats&#8221;, Lizuma 5L, R\u012bga, Latvija, [&#8230;]\n","protected":false},"featured_media":62512,"template":"","meta":[],"product_cat":[1447],"product_tag":[],"class_list":{"0":"post-62510","1":"product","2":"type-product","3":"status-publish","4":"has-post-thumbnail","6":"product_brand-dilis-kosmetik_by-lt","7":"product_cat-kvepalai-ir-tualetinis-vanduo-moterims","9":"first","10":"outofstock","11":"taxable","12":"shipping-taxable","13":"product-type-simple"},"_links":{"self":[{"href":"https:\/\/e.kosmolat.eu\/lt\/wp-json\/wp\/v2\/product\/62510","targetHints":{"allow":["GET"]}}],"collection":[{"href":"https:\/\/e.kosmolat.eu\/lt\/wp-json\/wp\/v2\/product"}],"about":[{"href":"https:\/\/e.kosmolat.eu\/lt\/wp-json\/wp\/v2\/types\/product"}],"wp:featuredmedia":[{"embeddable":true,"href":"https:\/\/e.kosmolat.eu\/lt\/wp-json\/wp\/v2\/media\/62512"}],"wp:attachment":[{"href":"https:\/\/e.kosmolat.eu\/lt\/wp-json\/wp\/v2\/media?parent=62510"}],"wp:term":[{"taxonomy":"product_cat","embeddable":true,"href":"https:\/\/e.kosmolat.eu\/lt\/wp-json\/wp\/v2\/product_cat?post=62510"},{"taxonomy":"product_tag","embeddable":true,"href":"https:\/\/e.kosmolat.eu\/lt\/wp-json\/wp\/v2\/product_tag?post=62510"}],"curies":[{"name":"wp","href":"https:\/\/api.w.org\/{rel}","templated":true}]}}