{"id":62486,"date":"2025-02-14T05:02:21","date_gmt":"2025-02-14T05:02:21","guid":{"rendered":"https:\/\/e.kosmolat.eu\/product\/dilis-for-her-fenomene-inspo-smarzu-ekstrakts-sievietem-75-ml\/"},"modified":"2026-01-19T06:40:41","modified_gmt":"2026-01-19T06:40:41","slug":"dilis-for-her-fenomene-inspo-smarzu-ekstrakts-sievietem-75-ml","status":"publish","type":"product","link":"https:\/\/e.kosmolat.eu\/lt\/produktas\/dilis-for-her-fenomene-inspo-smarzu-ekstrakts-sievietem-75-ml\/","title":{"rendered":"DILIS for Her Fenomene Inspo Kvepalai ekstra, 75 ml"},"content":{"rendered":"<p>Natos:<br \/>\nVir\u0161utin\u0117s natos: sald\u017eios natos, raudoni vaisiai, bergamot\u0117.<br \/>\nVidurin\u0117s natos: ro\u017e\u0117, jazminai.<br \/>\nPagrindin\u0117s natos: vanil\u0117, pudrinis akordas, muskusas, gintaras.<\/p>\n<p>Laikyti nuo +5 \u00b0C iki +25 \u00b0C temperat\u016broje. Nelaikyti kvepal\u0173 esant tiesioginiam saul\u0117s spinduli\u0173 poveikiui ir \u0161alia \u0161ildymo prietais\u0173.<\/p>\n<p>Atsargumo priemon\u0117s: Tik i\u0161oriniam naudojimui. Vengti patekimo \u012f akis. Nepurk\u0161kite \u0161alia atviros liepsnos. \u0160io produkto naudojimas maistui yra pavojingas gyvybei ir sveikatai.<\/p>\n<p>Etilo alkoholio t\u016brin\u0117 dalis yra 80%.<\/p>\n<p>Atsakingas asmuo: SIA &#8220;Kosmolats&#8221;, Lizuma 5L, R\u012bga, Latvija, LV-1006, t. +371 6720 5500, www.kosmolat.eu<\/p>\n","protected":false},"excerpt":{"rendered":"<p>Natos: Vir\u0161utin\u0117s natos: sald\u017eios natos, raudoni vaisiai, bergamot\u0117. Vidurin\u0117s natos: ro\u017e\u0117, jazminai. Pagrindin\u0117s natos: vanil\u0117, pudrinis akordas, muskusas, gintaras. Laikyti nuo +5 \u00b0C iki +25 \u00b0C temperat\u016broje. Nelaikyti kvepal\u0173 esant tiesioginiam saul\u0117s spinduli\u0173 poveikiui ir \u0161alia \u0161ildymo prietais\u0173. Atsargumo priemon\u0117s: Tik i\u0161oriniam naudojimui. Vengti patekimo \u012f akis. Nepurk\u0161kite \u0161alia atviros liepsnos. \u0160io produkto naudojimas maistui [&#8230;]\n","protected":false},"featured_media":101406,"template":"","meta":[],"product_cat":[1447],"product_tag":[],"class_list":{"0":"post-62486","1":"product","2":"type-product","3":"status-publish","4":"has-post-thumbnail","6":"product_brand-dilis-kosmetik_by-lt","7":"product_cat-kvepalai-ir-tualetinis-vanduo-moterims","9":"first","10":"outofstock","11":"taxable","12":"shipping-taxable","13":"product-type-simple"},"_links":{"self":[{"href":"https:\/\/e.kosmolat.eu\/lt\/wp-json\/wp\/v2\/product\/62486","targetHints":{"allow":["GET"]}}],"collection":[{"href":"https:\/\/e.kosmolat.eu\/lt\/wp-json\/wp\/v2\/product"}],"about":[{"href":"https:\/\/e.kosmolat.eu\/lt\/wp-json\/wp\/v2\/types\/product"}],"wp:featuredmedia":[{"embeddable":true,"href":"https:\/\/e.kosmolat.eu\/lt\/wp-json\/wp\/v2\/media\/101406"}],"wp:attachment":[{"href":"https:\/\/e.kosmolat.eu\/lt\/wp-json\/wp\/v2\/media?parent=62486"}],"wp:term":[{"taxonomy":"product_cat","embeddable":true,"href":"https:\/\/e.kosmolat.eu\/lt\/wp-json\/wp\/v2\/product_cat?post=62486"},{"taxonomy":"product_tag","embeddable":true,"href":"https:\/\/e.kosmolat.eu\/lt\/wp-json\/wp\/v2\/product_tag?post=62486"}],"curies":[{"name":"wp","href":"https:\/\/api.w.org\/{rel}","templated":true}]}}