{"id":62430,"date":"2025-02-12T09:06:25","date_gmt":"2025-02-12T09:06:25","guid":{"rendered":"https:\/\/e.kosmolat.eu\/product\/great-sausas-smarzas-bubble-gum-25-gr\/"},"modified":"2026-03-30T17:00:07","modified_gmt":"2026-03-30T17:00:07","slug":"great-bubble-gum-daudzfunkc-aromatisk-maisins-25-g","status":"publish","type":"product","link":"https:\/\/e.kosmolat.eu\/lt\/produktas\/great-bubble-gum-daudzfunkc-aromatisk-maisins-25-g\/","title":{"rendered":"GREAT Daugiafunkcinis aromatinis mai\u0161elis Bubble gum, 25 g"},"content":{"rendered":"<p>Skirta naudoti drabu\u017ei\u0173 spintoje, bat\u0173 spintoje, vonioje ar tualete.<\/p>\n<p><strong>Atsargumo priemon\u0117s:<\/strong> Nenaudoti vietose, kur yra n\u0117&scaron;\u010di\u0173 moter\u0173.<\/p>\n<p><strong>Sud\u0117tis:<\/strong> 30 % ir daugiau vermikulitas. Kvapai\/ Benzaldehyde, Limonene, Benzyl Alcohol, Vanillin.<\/p>\n<p>&nbsp;<\/p>\n<p><img decoding=\"async\" alt=\"\" src=\"data:image\/png;base64,iVBORw0KGgoAAAANSUhEUgAAADgAAAA6CAYAAAGSSaqDAAAAAXNSR0IArs4c6QAAAARnQU1BAACxjwv8YQUAAAAJcEhZcwAAFxEAABcRAcom8z8AAA6NSURBVFhHxVkLcFTlFV4VKyAkJCFP8tpkd\/MmL0gAURGLj4FSKVOtTotF7dgntthhwFqRaseOj+roiDjWMi1qW6e1o7YDiChqpbajtQK7997dTUKAECCQhLyT3c3pOee\/\/+7d3Zt9hDD9Mpt7\/+f5z\/nPfx7\/tYAB\/oBffxMINgbGx\/npXlzJT0KwcXSgFyyXWmAcO3n0DhYqnD+4nwsb79\/IjQRvc6UYqVjncoURSmlWaNr2Vdfqb9hQPo+fYQs688RW0Bodeo2h0QxhjWIpIQQbtQYb+PA5JooMblTLc7iQV1TIo+UMFqUoTX8FyMzP1d9wgYEAWM4+97heDKHv43385GlbVy7nQu\/58+AfH8F5xcTBBan69HIDCGGsRMK8EQe7m8rAvahCr4hG2EB\/YByU2mK9FIK3qRrXGdBLAjzQj+tzObJg7EQrVxIuu3IG5BUX6iUBT3MVjKNoCJYuFI9WHd5BYtqsmfpbCOff\/iNo1gxBcRz\/Ou5bj6qRF9yOVV9dDdlF+aKAGO45Dao1PSi9KOG0LmuEo+vW6iUxj2rC94RSdZVksmTHI4QiYT4Qce713zILEyFqIHUdHugBrbYEPE0OqSlRiB4YGAN3ZRG\/t1y\/ANq+fjO\/RyJqoFpXEjy2RM6DlI9951ZRNiBsoLsxJAza\/JW3rGY+1ZIM6Hr2Ma6XCA70NIXrJQ18+pmn9RKAE21F35uv6SV9oAeVOVLsdDyNoNWrRXNg6PODXLa4F1fxSyRyiwr0txACOLnsb8EDAdqSCjDf5hD82KEFT4kEL5Vk6FkcqiQYlxoAP6jNZXpJICgcGuzGwZLye++\/p7\/hihbY9bcQwraDBnmba3gSQsDvw4NtDZaNCBso4V4kBqsVwvCZwXQgwb2oCkZPtemlaEw4MB6SGkg67O\/uBHdzBWg1hSyToF4niIQI0qQB\/xDuigO0CuGxWm5sBnVJNbTdsHhC+ZkhJkE\/WlCazFNnA291qag0gNpaltaCtmg+HL11ZVylJZgSlGJSqwrwZKPRwXciLnHo8CEYGh7i9\/FxP7drJVl8Njsf3RyTY1OCWhkOXlgGIx3t6ELDh8+Yk8LnNLe4ABZfvVSvFaAlqfZsPCgV0P3KC7gYUW8EEyRHRaDww9tUBUPKIS6bwWq38THNxd\/xY8f02mi4CtM48Onb\/VfwBSh+EGCCrsJUPAeV0Lv3zSiOInHwnwfZ9qVkpes15gigqAkKOkMNtXrkmMZliw9N1pmdz\/NqFFsmV8ZDatZcuORL0\/SSOQIYGPbueQPddzVbcgmxh8gU8dWxbRNqXDV4bDkxNa6mvhY2bd6sl8JBhMbaVD6rzqJUUWkQWpTSEKH227+CK6vEcxd9FB74+YMs0vScLL0mBN9wP2jovJ2ObC4bgywJUy0lEOG2FUvQulZB25oVHDaawa8fC7XRBipan3iYkCCBziNNptlz2TWdvP\/7wVVTxEnQqgtArS\/hd7RH\/IyFmAQlJBGtZC4qVw2cf+M1cJXhItAB+UeHYJz8XoJIiGAk1NK5MOJ1hSlDokiKIImReOk7sAcPc+JcGZEwwXE0CMTQYQxSPY3l\/C4tVDJIjKCuPCq6Jg8qj9ZgBw\/+qC5ZkgkRpEndDSWsqW13ruWyVmsDrc6egF6GIy5BOn\/eq2o4SDt65xrBkTwuuAhtfvyzZ0RMgmR+WzB3YGJrlolKA5hooxXDDZGMUCgZD6YEaf00tOXLzeBeUgOt1zXq9eEgw+DDZZEJVCowI0IYHbUZoghSUEETt3\/zFtDIg9SKrMGI3Xv26G9EADPlgXOgLSwHd6lwWbE4NSGIXuOn97KCaLhqI1cv79wJOYX5bLxnZczRa5EoUh1p0zDrKgcFQ41ISRgRRtDv98PpLT8GFWNptSI\/auDz27czMQovMvJEui9BRmHgs084vNBKhLcwQ5BgAImdenwrh89OR66pund2dnI8k4e\/K9N1X2cABQv9\/\/4QvBhMOW3mnDJBcppdv3mWxagWh7yzGTLz85jgtBlX6DXROP\/uW7jwcjhSLPbUSNhC2fu5P72MxFBB8lNEbQyTlTI3ncVaUBydVkvQ8O43MblHBlwFaUxQhp6W3vf2YjhQCWqhUIJ49nEaXTsgh\/dt\/IleYw4Kxs69+AzGqlWgFIUCLouGxpgyl4H\/iKQxHqbNnM4cfnTwY70mNrTqYo7aev+yi8u8hxSPqlg5+MW\/gqybgdpW3HQjZOPRSAQKOmwNpdf\/j\/0oVl2k\/B\/hdGRhYxUMe48Ew4eJMDQ0NGEfOfERDIQ1lFwfhopGFpig7KTYcEVNDvAP9ZqaKOLw\/Q8OQGGJVa8Jh\/SZriKMujHc7Hplh2gwIMihvGvSyvLBs8AG4z7igqvCMCc7k5Vm+uxZeo0AXTAQMbUkDc9hFXQ990QwFjIiSJDgw8NPUKsL0QsgUS6F4\/LZ4nLM6rDpNSEo9kx20J0P3T+hyMMIEvx+4Sm02mJwzw8XnZzkldde5acE1Xqvmo9urBI6frAu5tGKIkig\/jREqbeCWht9hWIE9fNeU4N7hknpurWmJtEIU4ISNBl79cp5PFHkkaENaL2pGfesBtrX3mC6BZGISZBYJVVQF9pBcQjvQESlBNpWX8dpXiuKU7bFQ2yCCDoeIz2nQWkuA5dD3JfTtMfv+hraygpUsNgij0RcggQfnq9hjxOJloOreA6cfnQLirEaY5miuHsWiYQIEujCefCLT\/jigC67VDyvyRIjJEyQQMei74O9oJbnT5i+xUNSBKcCF5UgpT50dEa1Q6hwmRg0W8E30CO2IpEzNAWYegZx4fLGZOzkcdQtzFsx7SfnwSFTgwPTFDv4hge4TwKx+gVhyhikAJFMBH+xOtkBKhpDN8biHrRDbtTpM7\/8GZz40XpQa9AlILPeulJowSRiDPeTNpPixouBC2aQkgjpef24WKUMM9aGMvRTVeBGJo+vv437UTv9CN5ldaDUFYOnGXPAenxe08D1tJnxYptkMWkG2Svo8QvBvbAM3Bgh0LWZimetbbXIJXnRBj2knZLMelF1NRQGq25NAbSvvIb78JzcSc4+eUyaQbnktlXXIkO4CxhZuOeXgmd5I6sptcdyjaTO1Mc31M+hk7vRjupcA0pVPpz43jruExLL5JEUg7xp+nv7rTdyXkyBRUs9BiDLGth5JStzKYRRdO9aRQHG\/g7wYkrlwsy044EN3IYR3aSREIMUHQcZu+s2UCoxSl6MIRpaxJalNRgKGD+Eh+OHGzZw5mO54nJ8zgDLtEvBUVkBh74QF+qSQcnDSNdJDiG0pkrcUVRdey6c3CpSNLJDyYowJoOUfssFtN\/zDfbwniUYwyxAs4+7NjY6yG0TYcuWzTArfQ5H6JQW0FcA+mVh9pwbI\/MiiiPHW0Apz+YLCkojldJcOP3Eg9xO6h1L\/Y2IYpDVEP\/J8ace2QwuShVQFT10G2LNgDGUMoGIxKJz4MABkSjThQcxqDNKHwO+ffddeq9o0LzyK8bQ4c\/AmZ\/CTFLmrmCC3vOGyDCIdrxEPYxBY9czO54EFbM7CgQ99CHAmgojbW7uY5YxTgT6YMRXSLR7xGhxAVw+awbs3rOb22PtBLXJ698BjBGdhSnIJK5nUTk481Jg4J234hqiIIOUshK6\/7CTL7I58sC8+0hRCvR\/uI8nmsy17\/IbVkB6XnaQwZyifJiROjsmY5GgnjIQ6P7zLlAKMnB9ldDSXAlOWw4MfPoRt5nBIiXU8\/br4CrJ4AyIfs6STOjf9zdumwRfQezYsQNmpqUE1TQjNweWr7heb00e43qY37XrJXCVpjOjGv4UezYMOj\/lNqPftXRtfwqcpZnsbFnP0af1vSMYmwr09vSw5ZTnb2ZaKmzf8YLeOnlIHs7+\/kW0uuiHcf1056SWZgfPKIFVtHvvW+AqnM2HmG7alKIM6N\/\/d+7gD\/iSUicj5DhHRbm4d0QmLZddAr29vVw\/GVAoRz+a+dzvXgCXleyE2EW1OA0GvYdFRx18XykX0vXsY6ym5Gg9eP6UwjQYPapwG\/VJllHZf9\/+d2F6ymywWCzw8C+2cV0yYN+Hc+lmAvo\/fh+OoMHx0q7RlXNBGvTsF1onPEBonUEjQzslA93OrZtAtWXzjnoWorPFlGfsbCe3TQWSFRTxRyujr+1sJ1DLyE5o6LLOvvoSd5EpWiRM\/KBIeQgdmzags80TBxmDaVedDcZ6u1g9EsXn\/\/2cd44s6VxUUzqPW7c9rLfGBu0YMTZ4og2cZTkY3eBuoT9W7Rmobb\/iPiJ0nxhRDBrBqoE49t1vifCMbmIaHRjJOMA3Msit8VzH4quXQnouuYkCtKK6m4i46IwEn3t8jnS0Y8qVj5kKuYT5cMSeBV2\/foT7yLXFQ0wGJaTRbb9jNX\/CZkbrkVF0uMwk\/mjnJ0JD80I2LpdhTDo9dRb0ne\/TW4wgpz7G843294AXg203hYQUplE8+lDsTwYTISEG6cwYr47brm8GtZZMczUcqS\/ChDX0aU8GDBLxzhvJhQ4FCwl\/Wo24eaa80lORB8fuuZ37EWiu2LNFIyEGJWjxHOjqZQ0Db3ddKYdzrup8aF+\/Vm\/RGYuxGsF3qEPrzYtAqy3F9AuDDPRrLatE8kuMX0iWnxSDErQsYpSI+4aHwN1QikbIjlJHi1sxD05uvDuupOWS225fCe5qKwcZChqx1hVN3CYY4y4XhEkxaATvKj5Hz50CT62VP+HwGXVkwUnMREQffvC2SQt9fN0aPM+ojkvQl9XboGVZE84jvlUk7UZi4IIZlJDWdOzUcdDI4mJqRZZPwSzkzFOPcRv1OHHvHeCsykNVnM93OJRfUr1kfKoxZQzS7jCLuvCHPIdBLUznEIp3FGNcrbaEbwLIzajl89DV9OmqStEHv0w5po5BA9jq6tZ08PCnnMdR6OdGR60Uz4HR7tPMGF85SolcJFwUBiWIUam6p57cBt27XuR3Yn4qz1ksXFQG\/\/8A+B+wvM13GZLiGgAAAABJRU5ErkJggg==\" \/><strong>GHS07 Atsargiai<\/strong><\/p>\n<p><strong>H315 <\/strong>Dirgina od\u0105.&nbsp;&nbsp;&nbsp;&nbsp;&nbsp;<\/p>\n<p><strong>H319<\/strong> Sukelia smark\u0173 aki\u0173 dirginim\u0105.<\/p>\n<p><img decoding=\"async\" alt=\"\" src=\"data:image\/png;base64,iVBORw0KGgoAAAANSUhEUgAAADgAAAA6CAYAAAGSSaqDAAAAAXNSR0IArs4c6QAAAARnQU1BAACxjwv8YQUAAAAJcEhZcwAAFxEAABcRAcom8z8AAA72SURBVFhHvZkJdBRlEseD4q4KLg8BxWPXdT0RT24QwpGAQSQBQW4RFWFfIrCSB7sPFgkiCHIID5BDRUFYwCWRK4FACIgJAQyEGwE5FMJN5sgkmZlkprb+1V9njvRMZmLY33sz3f31UVXfWVVfBAXB56ZjaxqZe3VVV143S5bMpxs3b8q5uVMrOcpN27hEuah1zz1yBAWtntNuus6dlYKICI8U29hRns+6rBZ1xiI+nytHz6PA5SJH6gZ14X\/TD5+bxYvnqTON8puWvnFydP6wXY5AbhYmxtNHkyfThQsXpLDs9Ek5RhTPmS4ntWrXpuYtWsg5cBfcpAhTh2bqUmPnzp1yLJ43W\/usqUVjKdCxjRkhx3KFTE2fkqNlYE85Ah9TTNFt1JmGz01vLN2jyNo\/jhzrk1WJLxVetL47kOzfrVRXGuZXI6k0L1ddaZS\/aEv6FxVNnyznvd54g4qKiuS8rKxMjsDU9iUqy9fqMKLky4VkHfamXIACk4ny8vKkS+Ts2UMZmZk0b\/58dVejvP8AU5sXyHX1iroi+nblStqYmiof+Otjj0mZbcpEKvp4gpxXsNHU7Gly20vUlUbJiqWs1WB1pRGwVtE+zt27yNKjiyrxJeCLbluhOjPG+MVSp9hcoHqFEYYvFjR9Wjtxu8VmIwwrxweHncsaqQsPPi\/qLyWnpNCNGzfkHLgLC8nU8hl1pVH+okmpd4Abv0WrVtQlJoZsNpuUAde1a2z38+pKvehdCROTkmQENnzwQXJ5dTfg+vU8mSKbyHlEQXNfFXbn5FC\/\/v1p37598svIyKDlK1aou1zhJ0+QKaoVRbjNZirwG61vDRlCSR99RCnr1sm1w26XIyho8qQcRVXXlctUwO3mTe0\/\/Ymiu3ShGjVr0nzVyU1NPCaVV07ZuTNk6thSXVXE+yXg0xylRw6ROSZSXXkwNavYg3xeBM5s7thxno6tN5M\/FV4EjtT1ZB38BlcESyotVaW+GL4ISlZ+Q+Q3Lr0J+GJAHA6pB7S\/Y43vpBYKoQvkRcnyelepYOeuTCmy9ouTa8fmTXIdCiEJtAzqJTOQY0OKKvHg5jo385xfwAOyNCdLlQYmqEBrwlAW9CQVL\/tClQTGXVxM5s4vS1WXHT+iSitiKNA2PpE7NAuaO0Ouz549S\/n5+fT20KH0y5kztHDRItqSni73\/HGbTTzQm5Kp1bMy6P3xEVg8bZLMILakcapEo4AdmStXr8pscvLUKZoydSpd5evpn36qnqhI2eV8Kmj9PJl5cXNd8yxHIrB44VxpI9sH8VIYiO6xsVTjttvo\/VGjVImHK1c8H\/XGdea0TEqYHtzsLkXgzxTVUltmT\/2sHjPm\/REjZKF0Op1ybbFYaHd2tpwfO3aMNmzcKOf+FCYmkKl5Iyr5aqGnSl03rpO53UuyPJdd+E2Vepg5a5bMdi81bUqLv\/iC5i9YIOWrVq2iRo0bU70GDaiQlwhvbB\/+UxauopkfqxKDTuO6+CuZuO5N7ZqIz2Xlj3w4cSJ1696dHnn0UWpw\/\/3U8KGHREB9Pr\/vgQfkWLd+fbqHp+Dfrl2n4lmfaE00YYz6qgfDXgpKTx7nun+GzFGteTH3rFXBgMODBbJw1DBVUpGAAnWcuXul\/s3dOvKF1nb+2FPWiEXWt\/upksBUKlDHuT1dZhNLn9dUCZdlbpNhZOn9qiqpnJAF6tjXrpZqw8AOZnUgwhYIECNU5qQFImyBWJIwX8pSzUtVuIQlEBEA2gzRAIaOJTZKPMtwCFkg1jysfdb+sXLt3LVDeibWSKyVoRKSQIRtcFLMr8eIq6vj2Jam9VIV3oVCpQJLc7JlOJi5+rDY+uPYkKxZyot0KAQVWHogl6uRB\/2r7YN2EDt3JKnuoQNVSWACCiw7flTrjZ3bkKsksBemY1\/2lVS7Nf4dVWKMoUBE0qaWjcnciV3cIpssuv9du5Zu8kKcxcuRCw4VL03+IOsAoYWjA6+rFQRKLNDyWTK1bybugp2rspTbLrJDB7n\/Ma\/2c+bO9QlZvYFbAvcEbooRPgIR5yJqwWKMCAa4uVdi4W3Tti0dP3GC3mG\/5uLFi3IP4a8RiKlhKeJrf8oFwu+A\/wE\/pOxSvirVOH\/+vERIk6dModiePcXiRUuW0KVLl9QTFbFNGidDBn6SNyIQCy1CKqz2\/p7Wvp9+osj27eludqBq16lDde69l+6uVYtWr1mjnggMEkYiVCVVgObTsIMDRwcOTyD2q8xBLRamp6N00Jn0dIQ\/cMwwTuGogQjEewWtn5PYz4j9+\/dTNseNP2ZliUDkOvIOHqS9HD\/uP3BAQt9Dhw\/T5wsXUg4\/ZwTSHhhi8Agi4ElhRYdnFYxi9qwh8O\/xni4PL83J7YmOlfL993T9+nV1xwM8QXRCeIbiJqIQOSgEqci5BQIxOAT+5ZFH6AT31mPHj4tzDBDco639QV5PfNIOGGJmKSvvpXDl4NLBtfMHH0ZVPvjwwzRr9myaPmMGHTl6lM6dO0cJI0fS7bffTtOmezoGgKuJTgjXEy6ojs84RPYHQTIyQUbAve8QFUWvscuYvXu3WBxRowbddscd1LVbNypRUyAyTYjiJevEEb03PgIBfEn0qqJZU+U6LS2NBg4aRO07dqS69epJpgI\/DI\/7+QiftN5998n1KyyULGb2abnNeDzDx\/WngkBgGzNS68oLPlMlIYLkDA8xpCORbjDCUCAoHDVc5sSSpYtVSXDcPMmbo3mIsbDSn4+p0ooEFAisw98SSyVREAQk98yvtJPhVXr4oCo1JqhAYH2nvwi1p6xWJb64kWR4raP4qs79e1VpYCoVCCwDekrvRT7FB6yLPV7RhGVpeeXKCEkgHCe4+JiInZlbVSEr0qe7JHOcGVtUSeWEJhDwFGbp0VkTmrWLrEP6SKdypHny+6EQukDAcQTiCRPPIKhGe7JxuwYjPIGAeySS9pX13ECEL7AqsJJQEIqWKxskH1ed3FoDuckRTsow5fUXIaX84FtzmXSBMMPLcLk1BvIAwhSBQYQ5CgPJ+lYf2ZxAHldSsVyGe5a4ztp0wu\/cCqrXQJ6OnBnpZOndTcItGGHp042npopZQGQj9KlLMhX8Dt71jgWrg2ozEBM3tvYku8FzKyZ02dIMFhnzPUea3tL8Hgzlb4S6CITC7zbQ+dNeST6JYdwaMrZSOAJwhpHcwFjl8ShTNL7TnEPMIX3523vUA1WnygZiQ8U6fLDHsJh25PjPMp4dPXs\/4QInpWTl15qjghZlZwUyKnNYghG2gchnwpUT3x2GRbcm+9JF5LIV0i8X8ymLPWMHtwiCED1lHC5w\/RDxIGcqkxTPwMiFQna4hGwgHFrb2BHi3EKoqVNLcZBdXkmFMp4Jv12xQgLXkaNGkYM9uVOnT9OMmTPp55Mn6SCHd18uXUr5QSJmb9z87eIFc9ipbsEynxTZtrEjAzrXRlRqIMICCTOQ\/oZhHC4g3HB7Bb9Ih8\/+7DOayQHVUQ6mRrBxfQcM4N5qp+scwcWPGEHNW7ak5cuXi9HhAlmQKaEKdGBdoJNRyOJPQAMRXEnQhmCLZ0UEXQjevLf6\/Sm0WmnipElUp25dupfjq+\/XrRODEseMoQ+TktRTHCJx912\/YYME8UgthQpkQ4eClzWdoBt09A8EvalgIEJUhMCyU8IDHaErQmGjHROdCxcv0r8nTKAXXnyR4jnw\/4RD4D9zPN65Sxcaztd\/e\/xxSuBWnDptmkSrcT16BMw6hAJ0kZ0X1g06Qlfo7B1e65QbiEAfCQUE\/UgqYBJBYgHJgMpAeI0JBYbOmTePmjRrRnfedZeE4PLjcPyPd95JY8aOLU+VVQfQDTpCV+gM3WGDnrQAknyS9Aw21Vo0kjRK4eiESjfXjNB9EHS7cePHa3kG\/kV37kznzlfcr9Qxs0K53F23bdtGy3icbsvIkMpCeShAV9m0QwqIlxbYApskFSRbUkh48VSMJkdiKlDiywgokZeXRzl79tCevXslEZadnU19+vUrNzCuZ0+5n3fokBz37dsnMyrGKHKSMAjZOeQl09nI1LQ0WrV6Ne3l74UKdJakGrotHHu2SZJruAlLZR8WOQ6sO+ieH8QHTScGAzuV8QkJ5QYOHTZMknA6SB\/v3LmTtm\/fTg4\/xwBd+OtvvqHc3FxJ2lUGdISu+roMG2ALbAI+kwwSs0ieSnIWhmKCGZdouB0eCKx7kyZPpgYNG2oG8hj8A4+\/Jxo1on+MHk3Ja9fS2uRkeU4HywnSoUPfe48+SEyky5cDz4o60EkSvjLRsGGsM3SHDd4YLhNIdyM1LSlvGIp1J2lchdS3P9hJOHz4MJ09e1bG0OYtWyh961bauGkTTZg4kdI2b5ZkMdjK5VHR0VS\/fn2qWbNmeWs\/9sQT9OmMGZI3NAI6QBfoBN2gI3SFzkYYGqiDTQQk\/mUjAb4hf6xo+kflGwoA3QgzqMlkolOnTkkSeseOHTRl6lRqGxkpaXhdefywF469cWRUvcv9fy3YMYBXpGfOXdd4+cJmBCYS6MI6QTfoGIygBupIdxifqEXj6A7teTqeO0O2aYp5xjzAk8yW9HSZHNBK+KHlMMZ2ZGZSBk8imCFx3MpHtCx+eCeNjxtTU+UdvI+k+br166Ubb9+dQ7YrV6hkPi9fLFPcNdYBuoQ6bEIyUAcbXoWJ8bLphSgCG1\/2JfORbVdPVCP8TQd\/29yplVapLdjhHh0vOoRDWAbqlB0\/QtaEdyUSRy4P24n2ZV+Su6RYPVF13MVFsu1o7vKyGFaAkIllYeuyKlTJQJ3SvP2y4SqLK1ymrpFkX\/Mt8dyvnggD9lnt363kb7TXWgxB73uDWEaueqBq\/C4DdUr3ZJNlcG+tRdF1Y6PIsT7ZcPvbHzyDZ\/GOtBi\/b3mzN5XmZKknfh\/VYqCO84ftZOkbK60pTnCvruTYloapVj3hBZc5tqaS+fUYyY+jYiz94si5K9P4+SpSrQYKSCRt2UQWVtzUDIo\/Rdb+saz4DvUAV8SPO8jKxsh0D8N6xZBj80a4OOqJ6qP6DdQpdUrXs3SP1jwNXresA3qwsWwYn6PMorryrcqJgltnoA5PHo41PHnERGoOPf9wjjLcu9XcegMVblshFS+eJz+c\/38g+h\/in3t5Aw041QAAAABJRU5ErkJggg==\" \/><strong>GHS09&nbsp; <\/strong><\/p>\n<p><strong>H411<\/strong> Toksi&scaron;ka vandens organizmams, sukelia ilgalaikius pakitimus.<\/p>\n<p>P102 Laikyti vaikams neprieinamoje vietoje.<\/p>\n<p>P103 Prie&scaron; naudojim\u0105 perskaityti etiket\u0119.<\/p>\n<p>P264 Po naudojimo kruop&scaron;\u010diai nuplaukite rankas<\/p>\n<p>P273 Saugoti, kad nepatekt\u0173 \u012f aplink\u0105.<\/p>\n<p>P280 M\u016bv\u0117ti apsaugines pir&scaron;tines\/naudoti aki\u0173 (veido) apsaugos priemones.<\/p>\n<p>P302+P352 PATEKUS ANT ODOS: plauti dideliu vandens kiekiu<\/p>\n<p>P332+P313 Jeigu sudirginama oda: kreiptis \u012f gydytoj\u0105.<\/p>\n<p>P305+P351+P338 PATEKUS \u012e AKIS: Kelias minutes atsargiai plauti vandeniu. I&scaron;imti kontaktinius l\u0119&scaron;ius, jeigu jie yra ir jeigu lengvai galima tai padaryti. Toliau plauti akis.<\/p>\n<p>P337+P313 Jei aki\u0173 dirginimas nepraeina: kreiptis \u012f gydytoj\u0105.<\/p>\n<p>P391 Surinkti i&scaron;tek\u0117jusi\u0105 med\u017eiag\u0105.<\/p>\n<p>P501 Turin\u012f\/talpykl\u0105 i&scaron;pilti (i&scaron;mesti) &#8211; sunaudot\u0105&nbsp; pakuot\u0117 utilizuoti&nbsp; kaip buitines atliekas.<\/p>\n","protected":false},"excerpt":{"rendered":"<p>Skirta naudoti drabu\u017ei\u0173 spintoje, bat\u0173 spintoje, vonioje ar tualete. Atsargumo priemon\u0117s: Nenaudoti vietose, kur yra n\u0117&scaron;\u010di\u0173 moter\u0173. Sud\u0117tis: 30 % ir daugiau vermikulitas. Kvapai\/ Benzaldehyde, Limonene, Benzyl Alcohol, Vanillin. &nbsp; GHS07 Atsargiai H315 Dirgina od\u0105.&nbsp;&nbsp;&nbsp;&nbsp;&nbsp; H319 Sukelia smark\u0173 aki\u0173 dirginim\u0105. GHS09&nbsp; H411 Toksi&scaron;ka vandens organizmams, sukelia ilgalaikius pakitimus. P102 Laikyti vaikams neprieinamoje vietoje. P103 Prie&scaron; [&#8230;]\n","protected":false},"featured_media":93446,"template":"","meta":[],"product_cat":[1524],"product_tag":[],"class_list":{"0":"post-62430","1":"product","2":"type-product","3":"status-publish","4":"has-post-thumbnail","6":"product_brand-sora_tr-lt","7":"product_cat-oro-gaivikliai-namu-kvapikliai","9":"first","10":"instock","11":"taxable","12":"shipping-taxable","13":"product-type-simple"},"_links":{"self":[{"href":"https:\/\/e.kosmolat.eu\/lt\/wp-json\/wp\/v2\/product\/62430","targetHints":{"allow":["GET"]}}],"collection":[{"href":"https:\/\/e.kosmolat.eu\/lt\/wp-json\/wp\/v2\/product"}],"about":[{"href":"https:\/\/e.kosmolat.eu\/lt\/wp-json\/wp\/v2\/types\/product"}],"wp:featuredmedia":[{"embeddable":true,"href":"https:\/\/e.kosmolat.eu\/lt\/wp-json\/wp\/v2\/media\/93446"}],"wp:attachment":[{"href":"https:\/\/e.kosmolat.eu\/lt\/wp-json\/wp\/v2\/media?parent=62430"}],"wp:term":[{"taxonomy":"product_cat","embeddable":true,"href":"https:\/\/e.kosmolat.eu\/lt\/wp-json\/wp\/v2\/product_cat?post=62430"},{"taxonomy":"product_tag","embeddable":true,"href":"https:\/\/e.kosmolat.eu\/lt\/wp-json\/wp\/v2\/product_tag?post=62430"}],"curies":[{"name":"wp","href":"https:\/\/api.w.org\/{rel}","templated":true}]}}