{"id":62398,"date":"2025-02-11T14:20:24","date_gmt":"2025-02-11T14:20:24","guid":{"rendered":"https:\/\/e.kosmolat.eu\/product\/great-sausas-smarzas-orange-blossom-25-gr\/"},"modified":"2025-09-02T17:00:46","modified_gmt":"2025-09-02T17:00:46","slug":"great-apelsina-zieds-daudzfunkc-aromatisk-maisins-25-g","status":"publish","type":"product","link":"https:\/\/e.kosmolat.eu\/lt\/produktas\/great-apelsina-zieds-daudzfunkc-aromatisk-maisins-25-g\/","title":{"rendered":"GREAT Daugiafunkcinis aromatinis mai\u0161elis Apelsin\u0173 \u017eiedai, 25 g"},"content":{"rendered":"","protected":false},"excerpt":{"rendered":"","protected":false},"featured_media":0,"template":"","meta":[],"product_cat":[1524],"product_tag":[],"class_list":{"0":"post-62398","1":"product","2":"type-product","3":"status-publish","5":"product_brand-sora_tr-lt","6":"product_cat-oro-gaivikliai-namu-kvapikliai","8":"first","9":"instock","10":"taxable","11":"shipping-taxable","12":"product-type-simple"},"_links":{"self":[{"href":"https:\/\/e.kosmolat.eu\/lt\/wp-json\/wp\/v2\/product\/62398","targetHints":{"allow":["GET"]}}],"collection":[{"href":"https:\/\/e.kosmolat.eu\/lt\/wp-json\/wp\/v2\/product"}],"about":[{"href":"https:\/\/e.kosmolat.eu\/lt\/wp-json\/wp\/v2\/types\/product"}],"wp:attachment":[{"href":"https:\/\/e.kosmolat.eu\/lt\/wp-json\/wp\/v2\/media?parent=62398"}],"wp:term":[{"taxonomy":"product_cat","embeddable":true,"href":"https:\/\/e.kosmolat.eu\/lt\/wp-json\/wp\/v2\/product_cat?post=62398"},{"taxonomy":"product_tag","embeddable":true,"href":"https:\/\/e.kosmolat.eu\/lt\/wp-json\/wp\/v2\/product_tag?post=62398"}],"curies":[{"name":"wp","href":"https:\/\/api.w.org\/{rel}","templated":true}]}}