{"id":62344,"date":"2025-02-08T05:02:43","date_gmt":"2025-02-08T05:02:43","guid":{"rendered":"https:\/\/e.kosmolat.eu\/product\/gp-vetiverija-un-vanila-kermena-migla-150-ml\/"},"modified":"2026-04-21T10:47:57","modified_gmt":"2026-04-21T10:47:57","slug":"gp-vetiverija-un-vanila-kermena-migla-150-ml","status":"publish","type":"product","link":"https:\/\/e.kosmolat.eu\/lt\/produktas\/gp-vetiverija-un-vanila-kermena-migla-150-ml\/","title":{"rendered":"GREEN PHARMACY Vetiverijos ir vanil\u0117s k\u016bno dulksna, 150 ml"},"content":{"rendered":"<p>Dermatologi\u0161kai patikrintas.<\/p>\n<p>Naudojimo instrukcijos: purk\u0161kite 15-20 cm atstumu nuo odos, laikydami buteliuk\u0105 vertikaliai.<\/p>\n<p>Atsargumo priemon\u0117s: Nenaudoti vaikams iki 6 met\u0173 am\u017eiaus.<\/p>\n<p>Laikyti nuo +5\u00b0C iki +25\u00b0C temperat\u016broje.<\/p>\n<p>Geriausias: 30 m\u0117nesi\u0173 nuo pagaminimo datos.<\/p>\n","protected":false},"excerpt":{"rendered":"<p>Dermatologi\u0161kai patikrintas. Naudojimo instrukcijos: purk\u0161kite 15-20 cm atstumu nuo odos, laikydami buteliuk\u0105 vertikaliai. Atsargumo priemon\u0117s: Nenaudoti vaikams iki 6 met\u0173 am\u017eiaus. Laikyti nuo +5\u00b0C iki +25\u00b0C temperat\u016broje. Geriausias: 30 m\u0117nesi\u0173 nuo pagaminimo datos.<\/p>\n","protected":false},"featured_media":93182,"template":"","meta":[],"product_cat":[2181],"product_tag":[],"class_list":{"0":"post-62344","1":"product","2":"type-product","3":"status-publish","4":"has-post-thumbnail","6":"product_brand-elfa_ua-lt","7":"product_cat-bez-kategorijas-lt","9":"first","10":"instock","11":"taxable","12":"shipping-taxable","13":"product-type-simple"},"_links":{"self":[{"href":"https:\/\/e.kosmolat.eu\/lt\/wp-json\/wp\/v2\/product\/62344","targetHints":{"allow":["GET"]}}],"collection":[{"href":"https:\/\/e.kosmolat.eu\/lt\/wp-json\/wp\/v2\/product"}],"about":[{"href":"https:\/\/e.kosmolat.eu\/lt\/wp-json\/wp\/v2\/types\/product"}],"wp:featuredmedia":[{"embeddable":true,"href":"https:\/\/e.kosmolat.eu\/lt\/wp-json\/wp\/v2\/media\/93182"}],"wp:attachment":[{"href":"https:\/\/e.kosmolat.eu\/lt\/wp-json\/wp\/v2\/media?parent=62344"}],"wp:term":[{"taxonomy":"product_cat","embeddable":true,"href":"https:\/\/e.kosmolat.eu\/lt\/wp-json\/wp\/v2\/product_cat?post=62344"},{"taxonomy":"product_tag","embeddable":true,"href":"https:\/\/e.kosmolat.eu\/lt\/wp-json\/wp\/v2\/product_tag?post=62344"}],"curies":[{"name":"wp","href":"https:\/\/api.w.org\/{rel}","templated":true}]}}