{"id":62336,"date":"2025-02-08T05:02:23","date_gmt":"2025-02-08T05:02:23","guid":{"rendered":"https:\/\/e.kosmolat.eu\/product\/gp-damaskas-roze-un-baltais-muskuss-kemena-migla-150-ml\/"},"modified":"2026-05-08T16:56:23","modified_gmt":"2026-05-08T16:56:23","slug":"i_gp-damaskas-roze-un-baltais-muskuss-kermena-sprejs-150-ml","status":"publish","type":"product","link":"https:\/\/e.kosmolat.eu\/lt\/produktas\/i_gp-damaskas-roze-un-baltais-muskuss-kermena-sprejs-150-ml\/","title":{"rendered":"I_GREEN PHARMACY Damasko ro\u017ei\u0173 ir baltojo muskuso k\u016bno sprejas, 150 ml"},"content":{"rendered":"<p>Dermatologi\u0161kai patikrintas.<\/p>\n<p>Naudojimo instrukcijos: purk\u0161kite 15-20 cm atstumu nuo odos, laikydami buteliuk\u0105 vertikaliai.<\/p>\n<p>Atsargumo priemon\u0117s: Nenaudoti vaikams iki 6 met\u0173 am\u017eiaus.<\/p>\n<p>Laikyti nuo +5\u00b0C iki +25\u00b0C temperat\u016broje.<\/p>\n<p>Geriausias: 30 m\u0117nesi\u0173 nuo pagaminimo datos.<\/p>\n","protected":false},"excerpt":{"rendered":"<p>Dermatologi\u0161kai patikrintas. Naudojimo instrukcijos: purk\u0161kite 15-20 cm atstumu nuo odos, laikydami buteliuk\u0105 vertikaliai. Atsargumo priemon\u0117s: Nenaudoti vaikams iki 6 met\u0173 am\u017eiaus. Laikyti nuo +5\u00b0C iki +25\u00b0C temperat\u016broje. Geriausias: 30 m\u0117nesi\u0173 nuo pagaminimo datos.<\/p>\n","protected":false},"featured_media":93178,"template":"","meta":[],"product_cat":[1378],"product_tag":[],"class_list":{"0":"post-62336","1":"product","2":"type-product","3":"status-publish","4":"has-post-thumbnail","6":"product_brand-elfa_ua-lt","7":"product_cat-purskikliai-kunui","9":"first","10":"instock","11":"taxable","12":"shipping-taxable","13":"product-type-simple"},"_links":{"self":[{"href":"https:\/\/e.kosmolat.eu\/lt\/wp-json\/wp\/v2\/product\/62336","targetHints":{"allow":["GET"]}}],"collection":[{"href":"https:\/\/e.kosmolat.eu\/lt\/wp-json\/wp\/v2\/product"}],"about":[{"href":"https:\/\/e.kosmolat.eu\/lt\/wp-json\/wp\/v2\/types\/product"}],"wp:featuredmedia":[{"embeddable":true,"href":"https:\/\/e.kosmolat.eu\/lt\/wp-json\/wp\/v2\/media\/93178"}],"wp:attachment":[{"href":"https:\/\/e.kosmolat.eu\/lt\/wp-json\/wp\/v2\/media?parent=62336"}],"wp:term":[{"taxonomy":"product_cat","embeddable":true,"href":"https:\/\/e.kosmolat.eu\/lt\/wp-json\/wp\/v2\/product_cat?post=62336"},{"taxonomy":"product_tag","embeddable":true,"href":"https:\/\/e.kosmolat.eu\/lt\/wp-json\/wp\/v2\/product_tag?post=62336"}],"curies":[{"name":"wp","href":"https:\/\/api.w.org\/{rel}","templated":true}]}}