{"id":62299,"date":"2025-02-06T05:17:53","date_gmt":"2025-02-06T05:17:53","guid":{"rendered":"https:\/\/e.kosmolat.eu\/product\/green-sharmacy-bamboo-niacinamide-face-toner-200ml\/"},"modified":"2026-04-20T11:55:45","modified_gmt":"2026-04-20T11:55:45","slug":"gp-bambuss-niacinamids-sejas-toniks-200-ml","status":"publish","type":"product","link":"https:\/\/e.kosmolat.eu\/lt\/produktas\/gp-bambuss-niacinamids-sejas-toniks-200-ml\/","title":{"rendered":"GREEN PHARMACY Tonikas veidui Bamboo + Niacinamide, 200 ml"},"content":{"rendered":"<p>I\u0161valo od\u0105 nuo ne\u0161varum\u0173 ir riebal\u0173 pertekliaus, gerina odos b\u016bkl\u0119, tonizuoja ir ramina, atkuria jos pusiausvyr\u0105.<\/p>\n<p>Naudojimas: nedidel\u012f kiek\u012f toniko u\u017etepkite ant vatos diskelio. \u0160velniai nuvalykite veid\u0105, vengdami srities aplink akis. <\/p>\n<p>Atsargumo priemon\u0117s: galimas padid\u0117j\u0119s individualus jautrumas atskiriems komponentams.<\/p>\n<p>Laikyti nuo +5\u00b0C iki +25\u00b0C temperat\u016broje.<\/p>\n<p>Geriausias: 30 m\u0117nesi\u0173 nuo pagaminimo datos.<\/p>\n","protected":false},"excerpt":{"rendered":"<p>I\u0161valo od\u0105 nuo ne\u0161varum\u0173 ir riebal\u0173 pertekliaus, gerina odos b\u016bkl\u0119, tonizuoja ir ramina, atkuria jos pusiausvyr\u0105. Naudojimas: nedidel\u012f kiek\u012f toniko u\u017etepkite ant vatos diskelio. \u0160velniai nuvalykite veid\u0105, vengdami srities aplink akis. Atsargumo priemon\u0117s: galimas padid\u0117j\u0119s individualus jautrumas atskiriems komponentams. Laikyti nuo +5\u00b0C iki +25\u00b0C temperat\u016broje. Geriausias: 30 m\u0117nesi\u0173 nuo pagaminimo datos.<\/p>\n","protected":false},"featured_media":93138,"template":"","meta":[],"product_cat":[1580],"product_tag":[],"class_list":{"0":"post-62299","1":"product","2":"type-product","3":"status-publish","4":"has-post-thumbnail","6":"product_brand-elfa_ua-lt","7":"product_cat-losjonai-ir-tonikai","9":"first","10":"instock","11":"taxable","12":"shipping-taxable","13":"product-type-simple"},"_links":{"self":[{"href":"https:\/\/e.kosmolat.eu\/lt\/wp-json\/wp\/v2\/product\/62299","targetHints":{"allow":["GET"]}}],"collection":[{"href":"https:\/\/e.kosmolat.eu\/lt\/wp-json\/wp\/v2\/product"}],"about":[{"href":"https:\/\/e.kosmolat.eu\/lt\/wp-json\/wp\/v2\/types\/product"}],"wp:featuredmedia":[{"embeddable":true,"href":"https:\/\/e.kosmolat.eu\/lt\/wp-json\/wp\/v2\/media\/93138"}],"wp:attachment":[{"href":"https:\/\/e.kosmolat.eu\/lt\/wp-json\/wp\/v2\/media?parent=62299"}],"wp:term":[{"taxonomy":"product_cat","embeddable":true,"href":"https:\/\/e.kosmolat.eu\/lt\/wp-json\/wp\/v2\/product_cat?post=62299"},{"taxonomy":"product_tag","embeddable":true,"href":"https:\/\/e.kosmolat.eu\/lt\/wp-json\/wp\/v2\/product_tag?post=62299"}],"curies":[{"name":"wp","href":"https:\/\/api.w.org\/{rel}","templated":true}]}}